{"id":287761,"date":"2024-09-19T06:31:00","date_gmt":"2024-09-19T13:31:00","guid":{"rendered":"https:\/\/glandine.com\/product\/dolce-gabbana-multicolor-crystal-slides-heel-sandals-shoes\/"},"modified":"2024-12-01T12:44:46","modified_gmt":"2024-12-01T11:44:46","slug":"dolce-gabbana-multicolor-crystal-slides-heel-sandals-shoes","status":"publish","type":"product","link":"https:\/\/tpmadalina42.supserv.cozmoslabs.com\/fi\/tuote-2\/dolce-gabbana-multicolor-crystal-slides-heel-sandals-shoes\/","title":{"rendered":"Dolce &amp; Gabbana Multicolor Crystal Slides Heel Sandals Shoes"},"content":{"rendered":"<p>DOLCE &amp; GABBANA<\/p>\n<p>Wundersch\u00f6ne Preowned mit Tags, 100% Authentic Dolce &amp; Gabbana Dias Fersen Sandalen mit Verzierungen.<br \/>\nMalli: Heels sandaalit<br \/>\nV\u00e4ri: Moniv\u00e4rinen<br \/>\nMaterial: 80% Viskose 20% Leder<br \/>\nPohja: nahkaa<br \/>\nLogon yksityiskohdat<br \/>\nEritt\u00e4in korkea laatu ja mukavuus<br \/>\nValmistettu Italiassa<\/p>\n<p><strong>T\u00e4m\u00e4 esine on eritt\u00e4in v\u00e4h\u00e4n k\u00e4ytetty, eritt\u00e4in pieni\u00e4 k\u00e4yt\u00f6n j\u00e4lki\u00e4 l\u00f6ytyy (katso tarkemmat tiedot kuvista). <\/strong><\/p>","protected":false},"excerpt":{"rendered":"<p>DOLCE &amp; GABBANA Wundersch\u00f6ne Preowned mit Tags, 100% Authentic Dolce &amp; Gabbana Dias Fersen Sandalen mit Verzierungen. Modell: Heels Sandalen Farbe: Multicolor Material: 80% Viskose 20% Leder Sohle: Leder Logo-Details Sehr hohe Qualit\u00e4t und Komfort Hergestellt in Italien Dieser Artikel ist sehr leicht gebraucht, es gibt sehr kleine Gebrauchsspuren (siehe Bilder f\u00fcr Details).<\/p>","protected":false},"featured_media":287753,"template":"","meta":[],"product_brand":[1620],"product_cat":[1635,1692,1624],"product_tag":[],"class_list":{"0":"post-287761","1":"product","2":"type-product","3":"status-publish","4":"has-post-thumbnail","6":"product_brand-dolce-gabbana","7":"product_cat-frauen-schuhe","8":"product_cat-sandalen-frauen-schuhe","9":"product_cat-schuhe","11":"first","12":"instock","13":"sale","14":"taxable","15":"shipping-taxable","16":"purchasable","17":"product-type-variable"},"_links":{"self":[{"href":"https:\/\/tpmadalina42.supserv.cozmoslabs.com\/fi\/wp-json\/wp\/v2\/product\/287761","targetHints":{"allow":["GET"]}}],"collection":[{"href":"https:\/\/tpmadalina42.supserv.cozmoslabs.com\/fi\/wp-json\/wp\/v2\/product"}],"about":[{"href":"https:\/\/tpmadalina42.supserv.cozmoslabs.com\/fi\/wp-json\/wp\/v2\/types\/product"}],"wp:featuredmedia":[{"embeddable":true,"href":"https:\/\/tpmadalina42.supserv.cozmoslabs.com\/fi\/wp-json\/wp\/v2\/media\/287753"}],"wp:attachment":[{"href":"https:\/\/tpmadalina42.supserv.cozmoslabs.com\/fi\/wp-json\/wp\/v2\/media?parent=287761"}],"wp:term":[{"taxonomy":"product_brand","embeddable":true,"href":"https:\/\/tpmadalina42.supserv.cozmoslabs.com\/fi\/wp-json\/wp\/v2\/product_brand?post=287761"},{"taxonomy":"product_cat","embeddable":true,"href":"https:\/\/tpmadalina42.supserv.cozmoslabs.com\/fi\/wp-json\/wp\/v2\/product_cat?post=287761"},{"taxonomy":"product_tag","embeddable":true,"href":"https:\/\/tpmadalina42.supserv.cozmoslabs.com\/fi\/wp-json\/wp\/v2\/product_tag?post=287761"}],"curies":[{"name":"wp","href":"https:\/\/api.w.org\/{rel}","templated":true}]}}