{"id":287772,"date":"2024-09-19T06:31:24","date_gmt":"2024-09-19T13:31:24","guid":{"rendered":"https:\/\/glandine.com\/product\/dolce-gabbana-black-logo-plaque-leather-heels-sandals-shoes-2\/"},"modified":"2024-12-10T17:18:49","modified_gmt":"2024-12-10T16:18:49","slug":"dolce-gabbana-black-logo-plaque-leather-heels-sandals-shoes-2","status":"publish","type":"product","link":"https:\/\/tpmadalina42.supserv.cozmoslabs.com\/fi\/tuote-2\/dolce-gabbana-black-logo-plaque-leather-heels-sandals-shoes-2\/","title":{"rendered":"Dolce &amp; Gabbana Black Logo Plaque Leather Heels Sandals Shoes"},"content":{"rendered":"<p>DOLCE &amp; GABBANA<\/p>\n<p>Gorgeous aus Vorbesitz mit Tags, 100% Authentic Dolce &amp; Gabbana DG Logo Folien Fersen Sandalen.<br \/>\nMalli: Heels sandaalit<br \/>\nV\u00e4ri: Musta<br \/>\nMateriaali: nahka<br \/>\nPohja: nahkaa<br \/>\nLogon yksityiskohdat<br \/>\nEritt\u00e4in korkea laatu ja mukavuus<br \/>\nValmistettu Italiassa<\/p>\n<p><strong>T\u00e4m\u00e4 tuote on eritt\u00e4in v\u00e4h\u00e4n k\u00e4ytetty, eritt\u00e4in pieni\u00e4 k\u00e4yt\u00f6n j\u00e4lki\u00e4 (katso tarkemmat tiedot kuvista). <\/strong><\/p>","protected":false},"excerpt":{"rendered":"<p>DOLCE &amp; GABBANA Gorgeous aus Vorbesitz mit Tags, 100% Authentic Dolce &amp; Gabbana DG Logo Folien Fersen Sandalen. Modell: Heels Sandalen Farbe: Schwarz Material: Leder Sohle: Leder Logo-Details Sehr hohe Qualit\u00e4t und Komfort Hergestellt in Italien Dieser Artikel ist sehr leicht gebraucht, es gibt sehr geringe Gebrauchsspuren (siehe Bilder f\u00fcr Details).<\/p>","protected":false},"featured_media":287764,"template":"","meta":[],"product_brand":[1620],"product_cat":[1635,1692,1624],"product_tag":[],"class_list":{"0":"post-287772","1":"product","2":"type-product","3":"status-publish","4":"has-post-thumbnail","6":"product_brand-dolce-gabbana","7":"product_cat-frauen-schuhe","8":"product_cat-sandalen-frauen-schuhe","9":"product_cat-schuhe","11":"first","12":"instock","13":"sale","14":"taxable","15":"shipping-taxable","16":"purchasable","17":"product-type-variable"},"_links":{"self":[{"href":"https:\/\/tpmadalina42.supserv.cozmoslabs.com\/fi\/wp-json\/wp\/v2\/product\/287772","targetHints":{"allow":["GET"]}}],"collection":[{"href":"https:\/\/tpmadalina42.supserv.cozmoslabs.com\/fi\/wp-json\/wp\/v2\/product"}],"about":[{"href":"https:\/\/tpmadalina42.supserv.cozmoslabs.com\/fi\/wp-json\/wp\/v2\/types\/product"}],"wp:featuredmedia":[{"embeddable":true,"href":"https:\/\/tpmadalina42.supserv.cozmoslabs.com\/fi\/wp-json\/wp\/v2\/media\/287764"}],"wp:attachment":[{"href":"https:\/\/tpmadalina42.supserv.cozmoslabs.com\/fi\/wp-json\/wp\/v2\/media?parent=287772"}],"wp:term":[{"taxonomy":"product_brand","embeddable":true,"href":"https:\/\/tpmadalina42.supserv.cozmoslabs.com\/fi\/wp-json\/wp\/v2\/product_brand?post=287772"},{"taxonomy":"product_cat","embeddable":true,"href":"https:\/\/tpmadalina42.supserv.cozmoslabs.com\/fi\/wp-json\/wp\/v2\/product_cat?post=287772"},{"taxonomy":"product_tag","embeddable":true,"href":"https:\/\/tpmadalina42.supserv.cozmoslabs.com\/fi\/wp-json\/wp\/v2\/product_tag?post=287772"}],"curies":[{"name":"wp","href":"https:\/\/api.w.org\/{rel}","templated":true}]}}