{"id":287842,"date":"2024-09-19T06:42:26","date_gmt":"2024-09-19T13:42:26","guid":{"rendered":"https:\/\/glandine.com\/product\/dolce-gabbana-silver-crystal-slingback-heels-sandals-shoes\/"},"modified":"2024-12-01T12:44:03","modified_gmt":"2024-12-01T11:44:03","slug":"dolce-gabbana-silver-crystal-slingback-heels-sandals-shoes","status":"publish","type":"product","link":"https:\/\/tpmadalina42.supserv.cozmoslabs.com\/fi\/tuote-2\/dolce-gabbana-silver-crystal-slingback-heels-sandals-shoes\/","title":{"rendered":"Dolce &amp; Gabbana Silver Crystal Slingback Heels Sandals Shoes"},"content":{"rendered":"<p>DOLCE &amp; GABBANA<\/p>\n<p>Wundersch\u00f6ne Preowned mit Tags, 100% Authentic Dolce &amp; Gabbana versch\u00f6nert Slingback Fersen Sandalen.<br \/>\nMalli: Heels sandaalit<br \/>\nV\u00e4ri: hopea<br \/>\nMaterial: 40% Polyester 26% Wolle 30% Baumwolle 4% Lammleder<br \/>\nPohja: nahkaa<br \/>\nSoljen sulkeminen<br \/>\nLogon yksityiskohdat<br \/>\nEritt\u00e4in korkea laatu ja mukavuus<br \/>\nValmistettu Italiassa<\/p>\n<p><strong>T\u00e4m\u00e4 esine on eritt\u00e4in v\u00e4h\u00e4n k\u00e4ytetty, eritt\u00e4in pieni\u00e4 k\u00e4yt\u00f6n j\u00e4lki\u00e4 l\u00f6ytyy (katso tarkemmat tiedot kuvista). <\/strong><\/p>","protected":false},"excerpt":{"rendered":"<p>DOLCE &amp; GABBANA Wundersch\u00f6ne Preowned mit Tags, 100% Authentic Dolce &amp; Gabbana versch\u00f6nert Slingback Fersen Sandalen. Modell: Heels Sandalen Farbe: Silber Material: 40% Polyester 26% Wolle 30% Baumwolle 4% Lammleder Sohle: Leder Schnallenverschluss Logo-Details Sehr hohe Qualit\u00e4t und Komfort Hergestellt in Italien Dieser Artikel ist sehr leicht gebraucht, es gibt sehr kleine Gebrauchsspuren (siehe Bilder [&hellip;]<\/p>","protected":false},"featured_media":287834,"template":"","meta":[],"product_brand":[1620],"product_cat":[1635,1692,1624],"product_tag":[],"class_list":{"0":"post-287842","1":"product","2":"type-product","3":"status-publish","4":"has-post-thumbnail","6":"product_brand-dolce-gabbana","7":"product_cat-frauen-schuhe","8":"product_cat-sandalen-frauen-schuhe","9":"product_cat-schuhe","11":"first","12":"instock","13":"sale","14":"taxable","15":"shipping-taxable","16":"purchasable","17":"product-type-variable"},"_links":{"self":[{"href":"https:\/\/tpmadalina42.supserv.cozmoslabs.com\/fi\/wp-json\/wp\/v2\/product\/287842","targetHints":{"allow":["GET"]}}],"collection":[{"href":"https:\/\/tpmadalina42.supserv.cozmoslabs.com\/fi\/wp-json\/wp\/v2\/product"}],"about":[{"href":"https:\/\/tpmadalina42.supserv.cozmoslabs.com\/fi\/wp-json\/wp\/v2\/types\/product"}],"wp:featuredmedia":[{"embeddable":true,"href":"https:\/\/tpmadalina42.supserv.cozmoslabs.com\/fi\/wp-json\/wp\/v2\/media\/287834"}],"wp:attachment":[{"href":"https:\/\/tpmadalina42.supserv.cozmoslabs.com\/fi\/wp-json\/wp\/v2\/media?parent=287842"}],"wp:term":[{"taxonomy":"product_brand","embeddable":true,"href":"https:\/\/tpmadalina42.supserv.cozmoslabs.com\/fi\/wp-json\/wp\/v2\/product_brand?post=287842"},{"taxonomy":"product_cat","embeddable":true,"href":"https:\/\/tpmadalina42.supserv.cozmoslabs.com\/fi\/wp-json\/wp\/v2\/product_cat?post=287842"},{"taxonomy":"product_tag","embeddable":true,"href":"https:\/\/tpmadalina42.supserv.cozmoslabs.com\/fi\/wp-json\/wp\/v2\/product_tag?post=287842"}],"curies":[{"name":"wp","href":"https:\/\/api.w.org\/{rel}","templated":true}]}}