{"id":289315,"date":"2024-09-23T08:09:45","date_gmt":"2024-09-23T15:09:45","guid":{"rendered":"https:\/\/glandine.com\/product\/dolce-gabbana-weisse-baumwollmischung-regular-boxershorts-unterwaesche\/"},"modified":"2024-12-01T09:45:37","modified_gmt":"2024-12-01T08:45:37","slug":"dolce-gabbana-weisse-baumwollmischung-regular-boxershorts-unterwaesche","status":"publish","type":"product","link":"https:\/\/tpmadalina42.supserv.cozmoslabs.com\/fi\/tuote-2\/dolce-gabbana-weisse-baumwollmischung-regular-boxershorts-unterwaesche\/","title":{"rendered":"Dolce &amp; Gabbana White Cotton Blend -s\u00e4\u00e4nn\u00f6lliset bokserit"},"content":{"rendered":"<p>DOLCE &amp; GABBANA<\/p>\n<p>Absolut atemberaubend, 100% authentisch, exklusive brandneue Dolce &amp; Gabbana Unterw\u00e4sche Boxershorts mit elastischem Bund. Dolce &amp; Gabbana Unterw\u00e4sche ist tadellos verarbeitet und sorgt f\u00fcr eine stilvolle und bequeme Form f\u00fcr den t\u00e4glichen Gebrauch. Gefertigt aus einem hochwertigen Baumwollmischgewebe.<br \/>\nModell: Boxer<br \/>\nFarbe: Wei\u00df, Schwarz<br \/>\nMaterial: 95% Baumwolle5% Elastan<br \/>\nElastische Taille<br \/>\nLogon yksityiskohdat<br \/>\nHyv\u00e4 istuvuus ja mukavuus<br \/>\nValmistettu Italiassa<\/p>","protected":false},"excerpt":{"rendered":"<p>DOLCE &amp; GABBANA Absolut atemberaubend, 100% authentisch, exklusive brandneue Dolce &amp; Gabbana Unterw\u00e4sche Boxershorts mit elastischem Bund. Dolce &amp; Gabbana Unterw\u00e4sche ist tadellos verarbeitet und sorgt f\u00fcr eine stilvolle und bequeme Form f\u00fcr den t\u00e4glichen Gebrauch. Gefertigt aus einem hochwertigen Baumwollmischgewebe. Modell: Boxer Farbe: Wei\u00df, Schwarz Material: 95% Baumwolle5% Elastan Elastische Taille Logo-Details Gute Passform [&hellip;]<\/p>","protected":false},"featured_media":289311,"template":"","meta":[],"product_brand":[1620],"product_cat":[1633,1623,1718],"product_tag":[],"class_list":{"0":"post-289315","1":"product","2":"type-product","3":"status-publish","4":"has-post-thumbnail","6":"product_brand-dolce-gabbana","7":"product_cat-maenner-kleidung","8":"product_cat-kleidung","9":"product_cat-unterwaesche-maenner-kleidung","11":"first","12":"instock","13":"sale","14":"taxable","15":"shipping-taxable","16":"purchasable","17":"product-type-variable"},"_links":{"self":[{"href":"https:\/\/tpmadalina42.supserv.cozmoslabs.com\/fi\/wp-json\/wp\/v2\/product\/289315","targetHints":{"allow":["GET"]}}],"collection":[{"href":"https:\/\/tpmadalina42.supserv.cozmoslabs.com\/fi\/wp-json\/wp\/v2\/product"}],"about":[{"href":"https:\/\/tpmadalina42.supserv.cozmoslabs.com\/fi\/wp-json\/wp\/v2\/types\/product"}],"wp:featuredmedia":[{"embeddable":true,"href":"https:\/\/tpmadalina42.supserv.cozmoslabs.com\/fi\/wp-json\/wp\/v2\/media\/289311"}],"wp:attachment":[{"href":"https:\/\/tpmadalina42.supserv.cozmoslabs.com\/fi\/wp-json\/wp\/v2\/media?parent=289315"}],"wp:term":[{"taxonomy":"product_brand","embeddable":true,"href":"https:\/\/tpmadalina42.supserv.cozmoslabs.com\/fi\/wp-json\/wp\/v2\/product_brand?post=289315"},{"taxonomy":"product_cat","embeddable":true,"href":"https:\/\/tpmadalina42.supserv.cozmoslabs.com\/fi\/wp-json\/wp\/v2\/product_cat?post=289315"},{"taxonomy":"product_tag","embeddable":true,"href":"https:\/\/tpmadalina42.supserv.cozmoslabs.com\/fi\/wp-json\/wp\/v2\/product_tag?post=289315"}],"curies":[{"name":"wp","href":"https:\/\/api.w.org\/{rel}","templated":true}]}}