{"id":289602,"date":"2024-09-24T00:06:44","date_gmt":"2024-09-24T07:06:44","guid":{"rendered":"https:\/\/glandine.com\/product\/dolce-gabbana-schwarze-modal-stretch-markenunterwaesche-mit-logo\/"},"modified":"2024-12-01T09:42:51","modified_gmt":"2024-12-01T08:42:51","slug":"dolce-gabbana-schwarze-modal-stretch-markenunterwaesche-mit-logo","status":"publish","type":"product","link":"https:\/\/tpmadalina42.supserv.cozmoslabs.com\/fi\/tuote-2\/dolce-gabbana-schwarze-modal-stretch-markenunterwaesche-mit-logo\/","title":{"rendered":"Dolce &amp; Gabbana Black Modal Stretch -merkkiset alusvaatteet logolla"},"content":{"rendered":"<p>DOLCE &amp; GABBANA<\/p>\n<p>Wundersch\u00f6ne, brandneue, 100% authentische Dolce &amp; Gabbana Unterw\u00e4sche aus Modal.<br \/>\nV\u00e4ri: Musta<br \/>\nModell: Unterw\u00e4sche panty<br \/>\nMaterial: 46% Modal 48% Baumwolle 8% Elastan<br \/>\nLogon yksityiskohdat<br \/>\nValmistettu Italiassa<\/p>","protected":false},"excerpt":{"rendered":"<p>DOLCE &amp; GABBANA Wundersch\u00f6ne, brandneue, 100% authentische Dolce &amp; Gabbana Unterw\u00e4sche aus Modal. Farbe: Schwarz Modell: Unterw\u00e4sche panty Material: 46% Modal 48% Baumwolle 8% Elastan Logo-Details In Italien hergestellt<\/p>","protected":false},"featured_media":289597,"template":"","meta":[],"product_brand":[1620],"product_cat":[1637,1623,1717],"product_tag":[],"class_list":{"0":"post-289602","1":"product","2":"type-product","3":"status-publish","4":"has-post-thumbnail","6":"product_brand-dolce-gabbana","7":"product_cat-frauen-kleidung","8":"product_cat-kleidung","9":"product_cat-unterwaesche","11":"first","12":"instock","13":"sale","14":"taxable","15":"shipping-taxable","16":"purchasable","17":"product-type-variable"},"_links":{"self":[{"href":"https:\/\/tpmadalina42.supserv.cozmoslabs.com\/fi\/wp-json\/wp\/v2\/product\/289602","targetHints":{"allow":["GET"]}}],"collection":[{"href":"https:\/\/tpmadalina42.supserv.cozmoslabs.com\/fi\/wp-json\/wp\/v2\/product"}],"about":[{"href":"https:\/\/tpmadalina42.supserv.cozmoslabs.com\/fi\/wp-json\/wp\/v2\/types\/product"}],"wp:featuredmedia":[{"embeddable":true,"href":"https:\/\/tpmadalina42.supserv.cozmoslabs.com\/fi\/wp-json\/wp\/v2\/media\/289597"}],"wp:attachment":[{"href":"https:\/\/tpmadalina42.supserv.cozmoslabs.com\/fi\/wp-json\/wp\/v2\/media?parent=289602"}],"wp:term":[{"taxonomy":"product_brand","embeddable":true,"href":"https:\/\/tpmadalina42.supserv.cozmoslabs.com\/fi\/wp-json\/wp\/v2\/product_brand?post=289602"},{"taxonomy":"product_cat","embeddable":true,"href":"https:\/\/tpmadalina42.supserv.cozmoslabs.com\/fi\/wp-json\/wp\/v2\/product_cat?post=289602"},{"taxonomy":"product_tag","embeddable":true,"href":"https:\/\/tpmadalina42.supserv.cozmoslabs.com\/fi\/wp-json\/wp\/v2\/product_tag?post=289602"}],"curies":[{"name":"wp","href":"https:\/\/api.w.org\/{rel}","templated":true}]}}