{"id":289677,"date":"2024-09-24T00:16:53","date_gmt":"2024-09-24T07:16:53","guid":{"rendered":"https:\/\/glandine.com\/product\/dolce-gabbana-schwarzer-blumendruck-bademode-beachwear-unterteil-bikini\/"},"modified":"2024-12-01T09:41:36","modified_gmt":"2024-12-01T08:41:36","slug":"dolce-gabbana-schwarzer-blumendruck-bademode-beachwear-unterteil-bikini","status":"publish","type":"product","link":"https:\/\/tpmadalina42.supserv.cozmoslabs.com\/fi\/tuote-2\/dolce-gabbana-schwarzer-blumendruck-bademode-beachwear-unterteil-bikini\/","title":{"rendered":"Dolce &amp; Gabbana Schwarzer Blumendruck Bademode Beachwear Unterteil Bikini"},"content":{"rendered":"<p>DOLCE &amp; GABBANA<\/p>\n<p>Absolut atemberaubend, 100% authentisch, ganz neu mit Tags Dolce &amp; Gabbana floral Bikini Bottom Bademode.<br \/>\nV\u00e4ri: Musta<br \/>\nModell: Bikini-Unterteil<br \/>\nMaterial: 72% Nylon 28% Elastan<br \/>\nLogon yksityiskohdat<br \/>\nValmistettu Italiassa<\/p>\n<p><strong>T\u00e4m\u00e4 tuote on eritt\u00e4in v\u00e4h\u00e4n k\u00e4ytetty, eritt\u00e4in pieni\u00e4 k\u00e4yt\u00f6n j\u00e4lki\u00e4 (katso tarkemmat tiedot kuvista). <\/strong><\/p>","protected":false},"excerpt":{"rendered":"<p>DOLCE &amp; GABBANA Absolut atemberaubend, 100% authentisch, ganz neu mit Tags Dolce &amp; Gabbana floral Bikini Bottom Bademode. Farbe: Schwarz Modell: Bikini-Unterteil Material: 72% Nylon 28% Elastan Logo-Details Hergestellt in Italien Dieser Artikel ist sehr leicht gebraucht, es gibt sehr geringe Gebrauchsspuren (siehe Bilder f\u00fcr Details).<\/p>","protected":false},"featured_media":289672,"template":"","meta":[],"product_brand":[1620],"product_cat":[1708,1637,1623],"product_tag":[],"class_list":{"0":"post-289677","1":"product","2":"type-product","3":"status-publish","4":"has-post-thumbnail","6":"product_brand-dolce-gabbana","7":"product_cat-bademode","8":"product_cat-frauen-kleidung","9":"product_cat-kleidung","11":"first","12":"instock","13":"sale","14":"taxable","15":"shipping-taxable","16":"purchasable","17":"product-type-variable"},"_links":{"self":[{"href":"https:\/\/tpmadalina42.supserv.cozmoslabs.com\/fi\/wp-json\/wp\/v2\/product\/289677","targetHints":{"allow":["GET"]}}],"collection":[{"href":"https:\/\/tpmadalina42.supserv.cozmoslabs.com\/fi\/wp-json\/wp\/v2\/product"}],"about":[{"href":"https:\/\/tpmadalina42.supserv.cozmoslabs.com\/fi\/wp-json\/wp\/v2\/types\/product"}],"wp:featuredmedia":[{"embeddable":true,"href":"https:\/\/tpmadalina42.supserv.cozmoslabs.com\/fi\/wp-json\/wp\/v2\/media\/289672"}],"wp:attachment":[{"href":"https:\/\/tpmadalina42.supserv.cozmoslabs.com\/fi\/wp-json\/wp\/v2\/media?parent=289677"}],"wp:term":[{"taxonomy":"product_brand","embeddable":true,"href":"https:\/\/tpmadalina42.supserv.cozmoslabs.com\/fi\/wp-json\/wp\/v2\/product_brand?post=289677"},{"taxonomy":"product_cat","embeddable":true,"href":"https:\/\/tpmadalina42.supserv.cozmoslabs.com\/fi\/wp-json\/wp\/v2\/product_cat?post=289677"},{"taxonomy":"product_tag","embeddable":true,"href":"https:\/\/tpmadalina42.supserv.cozmoslabs.com\/fi\/wp-json\/wp\/v2\/product_tag?post=289677"}],"curies":[{"name":"wp","href":"https:\/\/api.w.org\/{rel}","templated":true}]}}