{"id":289889,"date":"2024-09-24T01:01:41","date_gmt":"2024-09-24T08:01:41","guid":{"rendered":"https:\/\/glandine.com\/product\/dolce-gabbana-white-leather-rubber-logo-ankle-boots-shoes\/"},"modified":"2024-12-10T17:19:06","modified_gmt":"2024-12-10T16:19:06","slug":"dolce-gabbana-white-leather-rubber-logo-ankle-boots-shoes","status":"publish","type":"product","link":"https:\/\/tpmadalina42.supserv.cozmoslabs.com\/fi\/tuote-2\/dolce-gabbana-white-leather-rubber-logo-ankle-boots-shoes\/","title":{"rendered":"Dolce &amp; Gabbana White Leather Rubber Logo Ankle Boots Shoes"},"content":{"rendered":"<p>DOLCE &amp; GABBANA<\/p>\n<p>Wundersch\u00f6ne, brandneue und 100% authentische Dolce &amp; Gabbana Kn\u00f6chelstiefel aus wei\u00dfem Leder und Gummi mit goldfarbener Logoplakette, Rei\u00dfverschluss an der Vorderseite, Zuglasche an der Ferse und klobiger Gummistollensohle.<br \/>\nMalli: nilkkurit<br \/>\nV\u00e4ri: Valkoinen<br \/>\nMateriaali: 52% polyuretaani 20% nahka 15% polyesteri 13% puuvillaa.<br \/>\nPohja: kumia<br \/>\nvetoketju<br \/>\nLogon yksityiskohdat<br \/>\nValmistettu Italiassa<br \/>\nEritt\u00e4in eksklusiivinen ja korkea ammattitaito<\/p>\n<p><strong>Dieser Artikel ist ein Musterst\u00fcck, es fehlt eine Goldkette (siehe Bilder f\u00fcr Details). <\/strong><\/p>","protected":false},"excerpt":{"rendered":"<p>DOLCE &amp; GABBANA Wundersch\u00f6ne, brandneue und 100% authentische Dolce &amp; Gabbana Kn\u00f6chelstiefel aus wei\u00dfem Leder und Gummi mit goldfarbener Logoplakette, Rei\u00dfverschluss an der Vorderseite, Zuglasche an der Ferse und klobiger Gummistollensohle. Modell: Stiefelette Farbe: Wei\u00df Material: 52% Polyurethan 20% Leder 15% Polyester 13% Baumwolle Sohle: Gummi Rei\u00dfverschluss Logo-Details Hergestellt in Italien Sehr exklusiv und hohe [&hellip;]<\/p>","protected":false},"featured_media":289881,"template":"","meta":[],"product_brand":[1620],"product_cat":[1635,1624,1655],"product_tag":[],"class_list":{"0":"post-289889","1":"product","2":"type-product","3":"status-publish","4":"has-post-thumbnail","6":"product_brand-dolce-gabbana","7":"product_cat-frauen-schuhe","8":"product_cat-schuhe","9":"product_cat-stiefel-frauen-schuhe","11":"first","12":"instock","13":"sale","14":"taxable","15":"shipping-taxable","16":"purchasable","17":"product-type-variable"},"_links":{"self":[{"href":"https:\/\/tpmadalina42.supserv.cozmoslabs.com\/fi\/wp-json\/wp\/v2\/product\/289889","targetHints":{"allow":["GET"]}}],"collection":[{"href":"https:\/\/tpmadalina42.supserv.cozmoslabs.com\/fi\/wp-json\/wp\/v2\/product"}],"about":[{"href":"https:\/\/tpmadalina42.supserv.cozmoslabs.com\/fi\/wp-json\/wp\/v2\/types\/product"}],"wp:featuredmedia":[{"embeddable":true,"href":"https:\/\/tpmadalina42.supserv.cozmoslabs.com\/fi\/wp-json\/wp\/v2\/media\/289881"}],"wp:attachment":[{"href":"https:\/\/tpmadalina42.supserv.cozmoslabs.com\/fi\/wp-json\/wp\/v2\/media?parent=289889"}],"wp:term":[{"taxonomy":"product_brand","embeddable":true,"href":"https:\/\/tpmadalina42.supserv.cozmoslabs.com\/fi\/wp-json\/wp\/v2\/product_brand?post=289889"},{"taxonomy":"product_cat","embeddable":true,"href":"https:\/\/tpmadalina42.supserv.cozmoslabs.com\/fi\/wp-json\/wp\/v2\/product_cat?post=289889"},{"taxonomy":"product_tag","embeddable":true,"href":"https:\/\/tpmadalina42.supserv.cozmoslabs.com\/fi\/wp-json\/wp\/v2\/product_tag?post=289889"}],"curies":[{"name":"wp","href":"https:\/\/api.w.org\/{rel}","templated":true}]}}