{"id":290207,"date":"2024-09-24T10:09:20","date_gmt":"2024-09-24T17:09:20","guid":{"rendered":"https:\/\/glandine.com\/product\/jacob-cohen-hellblaue-baumwolljeans-hose\/"},"modified":"2024-12-01T14:44:49","modified_gmt":"2024-12-01T13:44:49","slug":"jacob-cohen-hellblaue-baumwolljeans-hose","status":"publish","type":"product","link":"https:\/\/tpmadalina42.supserv.cozmoslabs.com\/fi\/tuote-2\/jacob-cohen-hellblaue-baumwolljeans-hose\/","title":{"rendered":"Jacob Cohen Vaaleansiniset puuvillaiset farkut ja housut"},"content":{"rendered":"<p>Jacob Coh\u00ebn Bard Slim Fit Jeans aus leicht dehnbarer, gewaschener Baumwolle, f\u00fcnf Taschen, Knopfverschluss, dunkelblaue N\u00e4hte, goldene und silberne Kn\u00f6pfe, Logoaufn\u00e4her aus rosa Wildleder<\/p>","protected":false},"excerpt":{"rendered":"<p>Jacob Coh\u00ebn Bard Slim Fit Jeans aus leicht dehnbarer, gewaschener Baumwolle, f\u00fcnf Taschen, Knopfverschluss, dunkelblaue N\u00e4hte, goldene und silberne Kn\u00f6pfe, Logoaufn\u00e4her aus rosa Wildleder<\/p>","protected":false},"featured_media":290204,"template":"","meta":[],"product_brand":[2179],"product_cat":[1633,1671,1623],"product_tag":[],"class_list":{"0":"post-290207","1":"product","2":"type-product","3":"status-publish","4":"has-post-thumbnail","6":"product_brand-jacob-cohen","7":"product_cat-maenner-kleidung","8":"product_cat-jeans-hosen","9":"product_cat-kleidung","11":"first","12":"instock","13":"sale","14":"taxable","15":"shipping-taxable","16":"purchasable","17":"product-type-variable"},"_links":{"self":[{"href":"https:\/\/tpmadalina42.supserv.cozmoslabs.com\/fi\/wp-json\/wp\/v2\/product\/290207","targetHints":{"allow":["GET"]}}],"collection":[{"href":"https:\/\/tpmadalina42.supserv.cozmoslabs.com\/fi\/wp-json\/wp\/v2\/product"}],"about":[{"href":"https:\/\/tpmadalina42.supserv.cozmoslabs.com\/fi\/wp-json\/wp\/v2\/types\/product"}],"wp:featuredmedia":[{"embeddable":true,"href":"https:\/\/tpmadalina42.supserv.cozmoslabs.com\/fi\/wp-json\/wp\/v2\/media\/290204"}],"wp:attachment":[{"href":"https:\/\/tpmadalina42.supserv.cozmoslabs.com\/fi\/wp-json\/wp\/v2\/media?parent=290207"}],"wp:term":[{"taxonomy":"product_brand","embeddable":true,"href":"https:\/\/tpmadalina42.supserv.cozmoslabs.com\/fi\/wp-json\/wp\/v2\/product_brand?post=290207"},{"taxonomy":"product_cat","embeddable":true,"href":"https:\/\/tpmadalina42.supserv.cozmoslabs.com\/fi\/wp-json\/wp\/v2\/product_cat?post=290207"},{"taxonomy":"product_tag","embeddable":true,"href":"https:\/\/tpmadalina42.supserv.cozmoslabs.com\/fi\/wp-json\/wp\/v2\/product_tag?post=290207"}],"curies":[{"name":"wp","href":"https:\/\/api.w.org\/{rel}","templated":true}]}}