{"id":290783,"date":"2024-10-01T10:25:38","date_gmt":"2024-10-01T08:25:38","guid":{"rendered":"https:\/\/glandine.com\/product\/dolce-gabbana-gold-leather-floral-crystal-angel-headphones\/"},"modified":"2024-12-12T09:12:44","modified_gmt":"2024-12-12T08:12:44","slug":"dolce-gabbana-gold-leather-floral-crystal-angel-headphones","status":"publish","type":"product","link":"https:\/\/tpmadalina42.supserv.cozmoslabs.com\/fi\/tuote-2\/dolce-gabbana-gold-leather-floral-crystal-angel-headphones\/","title":{"rendered":"Dolce &amp; Gabbana kultaiset nahkaiset kukkakristalli enkelikuulokkeet"},"content":{"rendered":"<p>DOLCE &amp; GABBANA<\/p>\n<p>Absolut atemberaubend, 100% authentisch, Dolce &amp; Gabbana Leder Kopfh\u00f6rer gesetzt.<br \/>\nModell: Kopfh\u00f6rer Headset<br \/>\nFarbe: Gold, Silber<br \/>\nKlare und rote Kristalle, Blumen, Spitze<br \/>\nMateriaali: 100% nahka<br \/>\nGr\u00f6\u00dfe: Einheitsgr\u00f6\u00dfe, verstellbar<br \/>\nLogon yksityiskohdat<br \/>\nValmistettu Italiassa<br \/>\nSehr exklusives und selten zu findendes St\u00fcck<\/p>\n<p><strong>Dieser Artikel ist ein Ladenmusterst\u00fcck, es gibt sehr kleine Flecken, kaum bemerkbar (siehe Bilder f\u00fcr Details). <\/strong><\/p>","protected":false},"excerpt":{"rendered":"<p>DOLCE &amp; GABBANA Absolut atemberaubend, 100% authentisch, Dolce &amp; Gabbana Leder Kopfh\u00f6rer gesetzt. Modell: Kopfh\u00f6rer Headset Farbe: Gold, Silber Klare und rote Kristalle, Blumen, Spitze Material: 100% Leder Gr\u00f6\u00dfe: Einheitsgr\u00f6\u00dfe, verstellbar Logo-Details Hergestellt in Italien Sehr exklusives und selten zu findendes St\u00fcck Dieser Artikel ist ein Ladenmusterst\u00fcck, es gibt sehr kleine Flecken, kaum bemerkbar (siehe [&hellip;]<\/p>","protected":false},"featured_media":290775,"template":"","meta":[],"product_brand":[1620],"product_cat":[1621,1632,1683],"product_tag":[],"class_list":{"0":"post-290783","1":"product","2":"type-product","3":"status-publish","4":"has-post-thumbnail","6":"product_brand-dolce-gabbana","7":"product_cat-accessoire","8":"product_cat-frauen-zubehoer","9":"product_cat-andere-frauen-zubehoer","11":"first","12":"instock","13":"sale","14":"taxable","15":"shipping-taxable","16":"purchasable","17":"product-type-simple"},"_links":{"self":[{"href":"https:\/\/tpmadalina42.supserv.cozmoslabs.com\/fi\/wp-json\/wp\/v2\/product\/290783","targetHints":{"allow":["GET"]}}],"collection":[{"href":"https:\/\/tpmadalina42.supserv.cozmoslabs.com\/fi\/wp-json\/wp\/v2\/product"}],"about":[{"href":"https:\/\/tpmadalina42.supserv.cozmoslabs.com\/fi\/wp-json\/wp\/v2\/types\/product"}],"wp:featuredmedia":[{"embeddable":true,"href":"https:\/\/tpmadalina42.supserv.cozmoslabs.com\/fi\/wp-json\/wp\/v2\/media\/290775"}],"wp:attachment":[{"href":"https:\/\/tpmadalina42.supserv.cozmoslabs.com\/fi\/wp-json\/wp\/v2\/media?parent=290783"}],"wp:term":[{"taxonomy":"product_brand","embeddable":true,"href":"https:\/\/tpmadalina42.supserv.cozmoslabs.com\/fi\/wp-json\/wp\/v2\/product_brand?post=290783"},{"taxonomy":"product_cat","embeddable":true,"href":"https:\/\/tpmadalina42.supserv.cozmoslabs.com\/fi\/wp-json\/wp\/v2\/product_cat?post=290783"},{"taxonomy":"product_tag","embeddable":true,"href":"https:\/\/tpmadalina42.supserv.cozmoslabs.com\/fi\/wp-json\/wp\/v2\/product_tag?post=290783"}],"curies":[{"name":"wp","href":"https:\/\/api.w.org\/{rel}","templated":true}]}}