{"id":290868,"date":"2024-10-01T13:40:47","date_gmt":"2024-10-01T11:40:47","guid":{"rendered":"https:\/\/glandine.com\/product\/msgm-white-bovine-leather-top-handle-handbag-satchel-purse-bag\/"},"modified":"2024-12-12T09:08:26","modified_gmt":"2024-12-12T08:08:26","slug":"msgm-white-bovine-leather-top-handle-handbag-satchel-purse-bag","status":"publish","type":"product","link":"https:\/\/tpmadalina42.supserv.cozmoslabs.com\/fi\/tuote-2\/msgm-white-bovine-leather-top-handle-handbag-satchel-purse-bag\/","title":{"rendered":"MSGM White Bovine Leather K\u00e4silaukku K\u00e4silaukku Laukku"},"content":{"rendered":"<p>MSGM<\/p>\n<p>Absolut atemberaubend, 100% authentisch, MSGM Taschen. Markenlogo, einfarbig, Taschengriff, Magnetverschluss, Innenfutter in Leder, tags\u00fcber, enth\u00e4lt nichttextile Teile tierischen Ursprungs.<br \/>\nModell: Henkeltasche<br \/>\nMateriaali: 100% lehm\u00e4nnahka<br \/>\nV\u00e4ri: Valkoinen<br \/>\nValkoinen vuori<br \/>\nMagneettinen suljin<br \/>\nMetallihelat kaiverretulla logolla<br \/>\nValmistettu Italiassa<br \/>\nAbmessungen: 21cm x 19cm x 13cm<\/p>\n<p><strong>Dieser Artikel hat einen kleinen Fehler, es gibt Verf\u00e4rbungen auf der Innenseite der Tasche (siehe Bilder f\u00fcr Details). <\/strong><\/p>","protected":false},"excerpt":{"rendered":"<p>MSGM Absolut atemberaubend, 100% authentisch, MSGM Taschen. Markenlogo, einfarbig, Taschengriff, Magnetverschluss, Innenfutter in Leder, tags\u00fcber, enth\u00e4lt nichttextile Teile tierischen Ursprungs. Modell: Henkeltasche Material: 100% Rindsleder Farbe: Wei\u00df Wei\u00dfes Innenfutter Magnetischer Verschluss Metallbeschl\u00e4ge mit eingraviertem Logo Hergestellt in Italien Abmessungen: 21cm x 19cm x 13cm Dieser Artikel hat einen kleinen Fehler, es gibt Verf\u00e4rbungen auf der [&hellip;]<\/p>","protected":false},"featured_media":290861,"template":"","meta":[],"product_brand":[2227],"product_cat":[1630,1723],"product_tag":[],"class_list":{"0":"post-290868","1":"product","2":"type-product","3":"status-publish","4":"has-post-thumbnail","6":"product_brand-msgm","7":"product_cat-frauen","8":"product_cat-schulranzen-taschen","10":"first","11":"instock","12":"sale","13":"taxable","14":"shipping-taxable","15":"purchasable","16":"product-type-simple"},"_links":{"self":[{"href":"https:\/\/tpmadalina42.supserv.cozmoslabs.com\/fi\/wp-json\/wp\/v2\/product\/290868","targetHints":{"allow":["GET"]}}],"collection":[{"href":"https:\/\/tpmadalina42.supserv.cozmoslabs.com\/fi\/wp-json\/wp\/v2\/product"}],"about":[{"href":"https:\/\/tpmadalina42.supserv.cozmoslabs.com\/fi\/wp-json\/wp\/v2\/types\/product"}],"wp:featuredmedia":[{"embeddable":true,"href":"https:\/\/tpmadalina42.supserv.cozmoslabs.com\/fi\/wp-json\/wp\/v2\/media\/290861"}],"wp:attachment":[{"href":"https:\/\/tpmadalina42.supserv.cozmoslabs.com\/fi\/wp-json\/wp\/v2\/media?parent=290868"}],"wp:term":[{"taxonomy":"product_brand","embeddable":true,"href":"https:\/\/tpmadalina42.supserv.cozmoslabs.com\/fi\/wp-json\/wp\/v2\/product_brand?post=290868"},{"taxonomy":"product_cat","embeddable":true,"href":"https:\/\/tpmadalina42.supserv.cozmoslabs.com\/fi\/wp-json\/wp\/v2\/product_cat?post=290868"},{"taxonomy":"product_tag","embeddable":true,"href":"https:\/\/tpmadalina42.supserv.cozmoslabs.com\/fi\/wp-json\/wp\/v2\/product_tag?post=290868"}],"curies":[{"name":"wp","href":"https:\/\/api.w.org\/{rel}","templated":true}]}}