{"id":291417,"date":"2024-10-08T12:10:03","date_gmt":"2024-10-08T10:10:03","guid":{"rendered":"https:\/\/glandine.com\/product\/yes-zee-baumwoll-t-shirt-mit-gerafften-aermeln-in-sonnigem-gelb\/"},"modified":"2024-11-30T13:56:59","modified_gmt":"2024-11-30T12:56:59","slug":"yes-zee-baumwoll-t-shirt-mit-gerafften-aermeln-in-sonnigem-gelb","status":"publish","type":"product","link":"https:\/\/tpmadalina42.supserv.cozmoslabs.com\/fi\/tuote-2\/yes-zee-baumwoll-t-shirt-mit-gerafften-aermeln-in-sonnigem-gelb\/","title":{"rendered":"Yes Zee Puuvillainen t-paita rypytetyill\u00e4 hihoilla, aurinkoisen keltainen"},"content":{"rendered":"<p>Erfrischen Sie Ihre Garderobe mit der verspielten Eleganz dieses Baumwoll-T-Shirts mit ger\u00fcschten Fledermaus\u00e4rmeln und einem charmanten Logo-Print auf der Vorderseite. Perfekt f\u00fcr einen l\u00e4ssig-schicken Look, der keine Kompromisse bei Komfort und Stil eingeht.<\/p>\n<ul>\n<li>Materiaali: 95% puuvilla, 5% elastaani<\/li>\n<li>Alkuper\u00e4maa: BD<\/li>\n<li>V\u00e4ri: Keltainen<\/li>\n<\/ul>","protected":false},"excerpt":{"rendered":"<p>Erfrischen Sie Ihre Garderobe mit der verspielten Eleganz dieses Baumwoll-T-Shirts mit ger\u00fcschten Fledermaus\u00e4rmeln und einem charmanten Logo-Print auf der Vorderseite. Perfekt f\u00fcr einen l\u00e4ssig-schicken Look, der keine Kompromisse bei Komfort und Stil eingeht. Material: 95% Baumwolle, 5% Elasthan Herkunftsland: BD Farbe: Gelb<\/p>","protected":false},"featured_media":291414,"template":"","meta":[],"product_brand":[2181],"product_cat":[1637,1623,1714],"product_tag":[],"class_list":{"0":"post-291417","1":"product","2":"type-product","3":"status-publish","4":"has-post-thumbnail","6":"product_brand-yes-zee","7":"product_cat-frauen-kleidung","8":"product_cat-kleidung","9":"product_cat-oberteile-t-shirts","11":"first","12":"instock","13":"sale","14":"taxable","15":"shipping-taxable","16":"purchasable","17":"product-type-variable"},"_links":{"self":[{"href":"https:\/\/tpmadalina42.supserv.cozmoslabs.com\/fi\/wp-json\/wp\/v2\/product\/291417","targetHints":{"allow":["GET"]}}],"collection":[{"href":"https:\/\/tpmadalina42.supserv.cozmoslabs.com\/fi\/wp-json\/wp\/v2\/product"}],"about":[{"href":"https:\/\/tpmadalina42.supserv.cozmoslabs.com\/fi\/wp-json\/wp\/v2\/types\/product"}],"wp:featuredmedia":[{"embeddable":true,"href":"https:\/\/tpmadalina42.supserv.cozmoslabs.com\/fi\/wp-json\/wp\/v2\/media\/291414"}],"wp:attachment":[{"href":"https:\/\/tpmadalina42.supserv.cozmoslabs.com\/fi\/wp-json\/wp\/v2\/media?parent=291417"}],"wp:term":[{"taxonomy":"product_brand","embeddable":true,"href":"https:\/\/tpmadalina42.supserv.cozmoslabs.com\/fi\/wp-json\/wp\/v2\/product_brand?post=291417"},{"taxonomy":"product_cat","embeddable":true,"href":"https:\/\/tpmadalina42.supserv.cozmoslabs.com\/fi\/wp-json\/wp\/v2\/product_cat?post=291417"},{"taxonomy":"product_tag","embeddable":true,"href":"https:\/\/tpmadalina42.supserv.cozmoslabs.com\/fi\/wp-json\/wp\/v2\/product_tag?post=291417"}],"curies":[{"name":"wp","href":"https:\/\/api.w.org\/{rel}","templated":true}]}}