{"id":291467,"date":"2024-10-08T12:14:02","date_gmt":"2024-10-08T10:14:02","guid":{"rendered":"https:\/\/glandine.com\/product\/yes-zee-beigefarbenes-baumwollkleid-fuer-frauen\/"},"modified":"2024-11-30T14:02:04","modified_gmt":"2024-11-30T13:02:04","slug":"yes-zee-beigefarbenes-baumwollkleid-fuer-frauen","status":"publish","type":"product","link":"https:\/\/tpmadalina42.supserv.cozmoslabs.com\/fi\/tuote-2\/yes-zee-beigefarbenes-baumwollkleid-fuer-frauen\/","title":{"rendered":"Yes Zee Beigefarbenes Baumwollkleid f\u00fcr Frauen"},"content":{"rendered":"<p>Dieses schicke beigefarbene Kleid von Yes Zee ist ein Beispiel f\u00fcr raffinierte Leichtigkeit. Dieses perfekt auf die moderne Frau zugeschnittene Kleid aus 100 % Baumwolle ist ein wahres Zeugnis f\u00fcr m\u00fchelosen Stil. Mit seinen gerafften \u00c4rmeln und dem klassischen Kragen mit praktischem Knopfverschluss ist es ein vielseitiges Ensemble, das sich nahtlos von der Tages- zur Abendgarderobe verwandeln l\u00e4sst. Setzen Sie ein modisches Statement mit diesem Schmuckst\u00fcck aus der neuen Kollektion, das die Essenz der zeitgen\u00f6ssischen Mode einf\u00e4ngt.<\/p>\n<p>V\u00e4ri: beige<br \/>\nMateriaali: 100% puuvilla<br \/>\nAlkuper\u00e4maa: CN<\/p>","protected":false},"excerpt":{"rendered":"<p>Dieses schicke beigefarbene Kleid von Yes Zee ist ein Beispiel f\u00fcr raffinierte Leichtigkeit. Dieses perfekt auf die moderne Frau zugeschnittene Kleid aus 100 % Baumwolle ist ein wahres Zeugnis f\u00fcr m\u00fchelosen Stil. Mit seinen gerafften \u00c4rmeln und dem klassischen Kragen mit praktischem Knopfverschluss ist es ein vielseitiges Ensemble, das sich nahtlos von der Tages- zur [&hellip;]<\/p>","protected":false},"featured_media":291464,"template":"","meta":[],"product_brand":[2181],"product_cat":[1637,1659,1623],"product_tag":[],"class_list":{"0":"post-291467","1":"product","2":"type-product","3":"status-publish","4":"has-post-thumbnail","6":"product_brand-yes-zee","7":"product_cat-frauen-kleidung","8":"product_cat-kleider","9":"product_cat-kleidung","11":"first","12":"instock","13":"sale","14":"taxable","15":"shipping-taxable","16":"purchasable","17":"product-type-variable"},"_links":{"self":[{"href":"https:\/\/tpmadalina42.supserv.cozmoslabs.com\/fi\/wp-json\/wp\/v2\/product\/291467","targetHints":{"allow":["GET"]}}],"collection":[{"href":"https:\/\/tpmadalina42.supserv.cozmoslabs.com\/fi\/wp-json\/wp\/v2\/product"}],"about":[{"href":"https:\/\/tpmadalina42.supserv.cozmoslabs.com\/fi\/wp-json\/wp\/v2\/types\/product"}],"wp:featuredmedia":[{"embeddable":true,"href":"https:\/\/tpmadalina42.supserv.cozmoslabs.com\/fi\/wp-json\/wp\/v2\/media\/291464"}],"wp:attachment":[{"href":"https:\/\/tpmadalina42.supserv.cozmoslabs.com\/fi\/wp-json\/wp\/v2\/media?parent=291467"}],"wp:term":[{"taxonomy":"product_brand","embeddable":true,"href":"https:\/\/tpmadalina42.supserv.cozmoslabs.com\/fi\/wp-json\/wp\/v2\/product_brand?post=291467"},{"taxonomy":"product_cat","embeddable":true,"href":"https:\/\/tpmadalina42.supserv.cozmoslabs.com\/fi\/wp-json\/wp\/v2\/product_cat?post=291467"},{"taxonomy":"product_tag","embeddable":true,"href":"https:\/\/tpmadalina42.supserv.cozmoslabs.com\/fi\/wp-json\/wp\/v2\/product_tag?post=291467"}],"curies":[{"name":"wp","href":"https:\/\/api.w.org\/{rel}","templated":true}]}}