{"id":292072,"date":"2024-10-08T13:05:47","date_gmt":"2024-10-08T11:05:47","guid":{"rendered":"https:\/\/glandine.com\/product\/maison-margiela-schwarzes-wollkleid\/"},"modified":"2024-12-01T15:58:24","modified_gmt":"2024-12-01T14:58:24","slug":"maison-margiela-schwarzes-wollkleid","status":"publish","type":"product","link":"https:\/\/tpmadalina42.supserv.cozmoslabs.com\/fi\/tuote-2\/maison-margiela-schwarzes-wollkleid\/","title":{"rendered":"Maison Margiela Musta villamekko"},"content":{"rendered":"<p>Kleid von Maison Margiela aus 100% Wolle. Viereckiger Ausschnitt, \u00e4rmellos, ohne Taschen, vollst\u00e4ndig mit T\u00fcll in Spitzenoptik gef\u00fcttert, Pyramidennieten-Applikationen aus Metall.<\/p>","protected":false},"excerpt":{"rendered":"<p>Kleid von Maison Margiela aus 100% Wolle. Viereckiger Ausschnitt, \u00e4rmellos, ohne Taschen, vollst\u00e4ndig mit T\u00fcll in Spitzenoptik gef\u00fcttert, Pyramidennieten-Applikationen aus Metall.<\/p>","protected":false},"featured_media":292068,"template":"","meta":[],"product_brand":[2429],"product_cat":[1637,1659,1623],"product_tag":[],"class_list":{"0":"post-292072","1":"product","2":"type-product","3":"status-publish","4":"has-post-thumbnail","6":"product_brand-maison-margiela","7":"product_cat-frauen-kleidung","8":"product_cat-kleider","9":"product_cat-kleidung","11":"first","12":"instock","13":"sale","14":"taxable","15":"shipping-taxable","16":"purchasable","17":"product-type-variable"},"_links":{"self":[{"href":"https:\/\/tpmadalina42.supserv.cozmoslabs.com\/fi\/wp-json\/wp\/v2\/product\/292072","targetHints":{"allow":["GET"]}}],"collection":[{"href":"https:\/\/tpmadalina42.supserv.cozmoslabs.com\/fi\/wp-json\/wp\/v2\/product"}],"about":[{"href":"https:\/\/tpmadalina42.supserv.cozmoslabs.com\/fi\/wp-json\/wp\/v2\/types\/product"}],"wp:featuredmedia":[{"embeddable":true,"href":"https:\/\/tpmadalina42.supserv.cozmoslabs.com\/fi\/wp-json\/wp\/v2\/media\/292068"}],"wp:attachment":[{"href":"https:\/\/tpmadalina42.supserv.cozmoslabs.com\/fi\/wp-json\/wp\/v2\/media?parent=292072"}],"wp:term":[{"taxonomy":"product_brand","embeddable":true,"href":"https:\/\/tpmadalina42.supserv.cozmoslabs.com\/fi\/wp-json\/wp\/v2\/product_brand?post=292072"},{"taxonomy":"product_cat","embeddable":true,"href":"https:\/\/tpmadalina42.supserv.cozmoslabs.com\/fi\/wp-json\/wp\/v2\/product_cat?post=292072"},{"taxonomy":"product_tag","embeddable":true,"href":"https:\/\/tpmadalina42.supserv.cozmoslabs.com\/fi\/wp-json\/wp\/v2\/product_tag?post=292072"}],"curies":[{"name":"wp","href":"https:\/\/api.w.org\/{rel}","templated":true}]}}