{"id":292722,"date":"2024-10-16T11:21:45","date_gmt":"2024-10-16T09:21:45","guid":{"rendered":"https:\/\/glandine.com\/product\/chanel-black-caviar-medium-classic-double-flap-quilted-shoulder-bag\/"},"modified":"2024-12-10T13:59:37","modified_gmt":"2024-12-10T12:59:37","slug":"chanel-black-caviar-medium-classic-double-flap-quilted-shoulder-bag","status":"publish","type":"product","link":"https:\/\/tpmadalina42.supserv.cozmoslabs.com\/fi\/tuote-2\/chanel-musta-kaviaari-keskikokoinen-klassinen-kaksinkertainen-laeppae-tikattu-olkalaukku\/","title":{"rendered":"Chanel Black Caviar Medium Classic Double Flap tikattu olkalaukku"},"content":{"rendered":"<p>CHANEL<\/p>\n<p>T\u00e4m\u00e4 kevyesti k\u00e4ytetty keskikokoinen Chanel Caviar Double Flap Bag on ajaton klassikko. Se on valmistettu ylellisest\u00e4 mustasta kaviaarinahasta, ja siin\u00e4 on tyylikk\u00e4\u00e4t hopeiset varusteet, jotka t\u00e4ydent\u00e4v\u00e4t t\u00e4ydellisesti ikonista tikattua muotoilua. Erinomaisessa kunnossa oleva laukku tarjoaa sek\u00e4 tyyli\u00e4 ett\u00e4 toimivuutta tunnusomaisen kaksoisl\u00e4p\u00e4n ja tilavan sisustuksen ansiosta. T\u00e4m\u00e4 laukku on ajaton pala himoidusta Series 11 -kokoelmasta, joka on valmistettu vuosina 2006-2008. Series 11 -nimitys kuvastaa aitoutta ja valmistusaikaa ja tekee siit\u00e4 arvokkaan ja halutun ker\u00e4ilyesineen.<br \/>\nNumero: 110*****<br \/>\nTasku: ulkopuolella: yksi tasku<br \/>\nSis\u00e4ll\u00e4: vetoketjullinen lokero, viisi lokeroa<br \/>\nKoko (tuumaa): L 10 x K 6 x S 3&quot;<br \/>\nHihna Drop. (yksi) 15,5&quot;<br \/>\nHihna Drop. (kaksinkertainen) 8,5&quot;<br \/>\nKoko (CM): L 25,0 x K 15,0 x S 7,0 cm<br \/>\nVy\u00f6n pudotus. (yksitt\u00e4inen) 40,0 cm<br \/>\nVy\u00f6n pudotus. (Tupla) 22,0 cm<br \/>\nV\u00e4ri: Musta<br \/>\nMateriaali: kaviaarinahka<br \/>\nMukana: sarjatarra, aitouskortti, kirjekuori<br \/>\nValmistettu: Ranska<br \/>\nSKU-numero: 187<\/p>\n<p>entrupy Aitoustodistus seuraa<\/p>\n<p><strong>T\u00e4m\u00e4 esine on k\u00e4ytetty: ULKOPUOLI: SA: ERITT\u00c4IN HYV\u00c4 KUNTO\/ SIS\u00c4INEN: A+: ERITT\u00c4IN HYV\u00c4 KUNTO. Ulkopuoli: ryppyj\u00e4, heikkoa kulmien kulumaa, Sis\u00e4puoli: ryppyj\u00e4, pinnan kulumaa, tahroja, painatuksia, Laitteet: kevyet hiusrajan naarmut.<\/strong><\/p>","protected":false},"excerpt":{"rendered":"<p>CHANEL Diese leicht gebrauchte Chanel Caviar Double Flap Bag in Gr\u00f6\u00dfe Medium ist ein zeitloser Klassiker. Sie ist aus luxuri\u00f6sem schwarzem Kaviarleder gefertigt und verf\u00fcgt \u00fcber elegante silberne Beschl\u00e4ge, die das ikonische gesteppte Design perfekt erg\u00e4nzen. In ausgezeichnetem Zustand bietet diese Tasche sowohl Stil als auch Funktionalit\u00e4t mit ihrem charakteristischen doppelten \u00dcberschlag und einem ger\u00e4umigen [&hellip;]<\/p>","protected":false},"featured_media":292714,"template":"","meta":[],"product_brand":[2414],"product_cat":[1630,1745],"product_tag":[],"class_list":{"0":"post-292722","1":"product","2":"type-product","3":"status-publish","4":"has-post-thumbnail","6":"product_brand-chanel","7":"product_cat-frauen","8":"product_cat-umhaengetaschen-frauen","10":"first","11":"outofstock","12":"sale","13":"taxable","14":"shipping-taxable","15":"purchasable","16":"product-type-simple"},"_links":{"self":[{"href":"https:\/\/tpmadalina42.supserv.cozmoslabs.com\/fi\/wp-json\/wp\/v2\/product\/292722","targetHints":{"allow":["GET"]}}],"collection":[{"href":"https:\/\/tpmadalina42.supserv.cozmoslabs.com\/fi\/wp-json\/wp\/v2\/product"}],"about":[{"href":"https:\/\/tpmadalina42.supserv.cozmoslabs.com\/fi\/wp-json\/wp\/v2\/types\/product"}],"wp:featuredmedia":[{"embeddable":true,"href":"https:\/\/tpmadalina42.supserv.cozmoslabs.com\/fi\/wp-json\/wp\/v2\/media\/292714"}],"wp:attachment":[{"href":"https:\/\/tpmadalina42.supserv.cozmoslabs.com\/fi\/wp-json\/wp\/v2\/media?parent=292722"}],"wp:term":[{"taxonomy":"product_brand","embeddable":true,"href":"https:\/\/tpmadalina42.supserv.cozmoslabs.com\/fi\/wp-json\/wp\/v2\/product_brand?post=292722"},{"taxonomy":"product_cat","embeddable":true,"href":"https:\/\/tpmadalina42.supserv.cozmoslabs.com\/fi\/wp-json\/wp\/v2\/product_cat?post=292722"},{"taxonomy":"product_tag","embeddable":true,"href":"https:\/\/tpmadalina42.supserv.cozmoslabs.com\/fi\/wp-json\/wp\/v2\/product_tag?post=292722"}],"curies":[{"name":"wp","href":"https:\/\/api.w.org\/{rel}","templated":true}]}}