{"id":293792,"date":"2024-10-18T12:53:02","date_gmt":"2024-10-18T10:53:02","guid":{"rendered":"https:\/\/glandine.com\/product\/dolce-gabbana-schwarzes-baumwoll-t-shirt-mit-rundhalsausschnitt-und-kurzen-aermeln-3\/"},"modified":"2024-12-01T09:59:16","modified_gmt":"2024-12-01T08:59:16","slug":"dolce-gabbana-schwarzes-baumwoll-t-shirt-mit-rundhalsausschnitt-und-kurzen-aermeln-3","status":"publish","type":"product","link":"https:\/\/tpmadalina42.supserv.cozmoslabs.com\/fi\/tuote-2\/dolce-gabbana-schwarzes-baumwoll-t-shirt-mit-rundhalsausschnitt-und-kurzen-aermeln-3\/","title":{"rendered":"Dolce &amp; Gabbana Schwarzes Baumwoll-T-Shirt mit Rundhalsausschnitt und kurzen \u00c4rmeln"},"content":{"rendered":"<p>DOLCE &amp; GABBANA<\/p>\n<p>Absolut atemberaubend, 100% authentisch, ganz neu mit Tags Dolce &amp; Gabbana Baumwoll-T-Shirt verf\u00fcgt \u00fcber einen Rundhalsausschnitt und kurze \u00c4rmel.<br \/>\nModell: T-shirt mit Rundhalsausschnitt<br \/>\nV\u00e4ri: Musta<br \/>\nMateriaali: 100% puuvilla<br \/>\nIstuvuus: Normaali istuvuus<br \/>\nLogon yksityiskohdat<br \/>\nValmistettu Italiassa<\/p>","protected":false},"excerpt":{"rendered":"<p>DOLCE &amp; GABBANA Absolut atemberaubend, 100% authentisch, ganz neu mit Tags Dolce &amp; Gabbana Baumwoll-T-Shirt verf\u00fcgt \u00fcber einen Rundhalsausschnitt und kurze \u00c4rmel. Modell: T-shirt mit Rundhalsausschnitt Farbe: Schwarz Material: 100% Baumwolle Passform: Normale Passform Logo-Details In Italien hergestellt<\/p>","protected":false},"featured_media":293788,"template":"","meta":[],"product_brand":[1620],"product_cat":[1633,1623,1710],"product_tag":[],"class_list":{"0":"post-293792","1":"product","2":"type-product","3":"status-publish","4":"has-post-thumbnail","6":"product_brand-dolce-gabbana","7":"product_cat-maenner-kleidung","8":"product_cat-kleidung","9":"product_cat-t-shirts","11":"first","12":"instock","13":"sale","14":"taxable","15":"shipping-taxable","16":"purchasable","17":"product-type-variable"},"_links":{"self":[{"href":"https:\/\/tpmadalina42.supserv.cozmoslabs.com\/fi\/wp-json\/wp\/v2\/product\/293792","targetHints":{"allow":["GET"]}}],"collection":[{"href":"https:\/\/tpmadalina42.supserv.cozmoslabs.com\/fi\/wp-json\/wp\/v2\/product"}],"about":[{"href":"https:\/\/tpmadalina42.supserv.cozmoslabs.com\/fi\/wp-json\/wp\/v2\/types\/product"}],"wp:featuredmedia":[{"embeddable":true,"href":"https:\/\/tpmadalina42.supserv.cozmoslabs.com\/fi\/wp-json\/wp\/v2\/media\/293788"}],"wp:attachment":[{"href":"https:\/\/tpmadalina42.supserv.cozmoslabs.com\/fi\/wp-json\/wp\/v2\/media?parent=293792"}],"wp:term":[{"taxonomy":"product_brand","embeddable":true,"href":"https:\/\/tpmadalina42.supserv.cozmoslabs.com\/fi\/wp-json\/wp\/v2\/product_brand?post=293792"},{"taxonomy":"product_cat","embeddable":true,"href":"https:\/\/tpmadalina42.supserv.cozmoslabs.com\/fi\/wp-json\/wp\/v2\/product_cat?post=293792"},{"taxonomy":"product_tag","embeddable":true,"href":"https:\/\/tpmadalina42.supserv.cozmoslabs.com\/fi\/wp-json\/wp\/v2\/product_tag?post=293792"}],"curies":[{"name":"wp","href":"https:\/\/api.w.org\/{rel}","templated":true}]}}