{"id":293856,"date":"2024-10-18T12:57:15","date_gmt":"2024-10-18T10:57:15","guid":{"rendered":"https:\/\/glandine.com\/product\/dolce-gabbana-weisses-t-shirt-mit-bandana-druck-aus-baumwolle-und-kurzen-aermeln-2\/"},"modified":"2024-12-01T10:02:02","modified_gmt":"2024-12-01T09:02:02","slug":"dolce-gabbana-weisses-t-shirt-mit-bandana-druck-aus-baumwolle-und-kurzen-aermeln-2","status":"publish","type":"product","link":"https:\/\/tpmadalina42.supserv.cozmoslabs.com\/fi\/tuote-2\/dolce-gabbana-weisses-t-shirt-mit-bandana-druck-aus-baumwolle-und-kurzen-aermeln-2\/","title":{"rendered":"Dolce &amp; Gabbana Valkoinen puuvillainen huivi t-paita, jossa lyhyet hihat"},"content":{"rendered":"<p>DOLCE &amp; GABBANA<\/p>\n<p>Absolut atemberaubend, 100% authentisch, ganz neu mit Tags Dolce &amp; Gabbana Baumwolle bedruckt T-Shirt verf\u00fcgt \u00fcber einen Rundhalsausschnitt und kurze \u00c4rmel.<br \/>\nModell: Rundhals-T-Shirt<br \/>\nV\u00e4ri: Valkoinen<br \/>\nMaterial: 59% Baumwolle 38% Nylon 3% Elastan<br \/>\nIstuvuus: Normaali istuvuus<br \/>\nLogon yksityiskohdat<br \/>\nValmistettu Italiassa<\/p>\n<p><strong>Dieser Artikel hat einen kleinen Fehler, es gibt fehlende Aufdrucke und Make-up-Flecken auf dem ganzen T-Shirt (siehe Bilder f\u00fcr Details). <\/strong><\/p>","protected":false},"excerpt":{"rendered":"<p>DOLCE &amp; GABBANA Absolut atemberaubend, 100% authentisch, ganz neu mit Tags Dolce &amp; Gabbana Baumwolle bedruckt T-Shirt verf\u00fcgt \u00fcber einen Rundhalsausschnitt und kurze \u00c4rmel. Modell: Rundhals-T-Shirt Farbe: Wei\u00df Material: 59% Baumwolle 38% Nylon 3% Elastan Passform: Normale Passform Logo-Details Hergestellt in Italien Dieser Artikel hat einen kleinen Fehler, es gibt fehlende Aufdrucke und Make-up-Flecken auf [&hellip;]<\/p>","protected":false},"featured_media":293850,"template":"","meta":[],"product_brand":[1620],"product_cat":[1633,1623,1710],"product_tag":[],"class_list":{"0":"post-293856","1":"product","2":"type-product","3":"status-publish","4":"has-post-thumbnail","6":"product_brand-dolce-gabbana","7":"product_cat-maenner-kleidung","8":"product_cat-kleidung","9":"product_cat-t-shirts","11":"first","12":"instock","13":"sale","14":"taxable","15":"shipping-taxable","16":"purchasable","17":"product-type-variable"},"_links":{"self":[{"href":"https:\/\/tpmadalina42.supserv.cozmoslabs.com\/fi\/wp-json\/wp\/v2\/product\/293856","targetHints":{"allow":["GET"]}}],"collection":[{"href":"https:\/\/tpmadalina42.supserv.cozmoslabs.com\/fi\/wp-json\/wp\/v2\/product"}],"about":[{"href":"https:\/\/tpmadalina42.supserv.cozmoslabs.com\/fi\/wp-json\/wp\/v2\/types\/product"}],"wp:featuredmedia":[{"embeddable":true,"href":"https:\/\/tpmadalina42.supserv.cozmoslabs.com\/fi\/wp-json\/wp\/v2\/media\/293850"}],"wp:attachment":[{"href":"https:\/\/tpmadalina42.supserv.cozmoslabs.com\/fi\/wp-json\/wp\/v2\/media?parent=293856"}],"wp:term":[{"taxonomy":"product_brand","embeddable":true,"href":"https:\/\/tpmadalina42.supserv.cozmoslabs.com\/fi\/wp-json\/wp\/v2\/product_brand?post=293856"},{"taxonomy":"product_cat","embeddable":true,"href":"https:\/\/tpmadalina42.supserv.cozmoslabs.com\/fi\/wp-json\/wp\/v2\/product_cat?post=293856"},{"taxonomy":"product_tag","embeddable":true,"href":"https:\/\/tpmadalina42.supserv.cozmoslabs.com\/fi\/wp-json\/wp\/v2\/product_tag?post=293856"}],"curies":[{"name":"wp","href":"https:\/\/api.w.org\/{rel}","templated":true}]}}