{"id":293919,"date":"2024-10-18T13:01:19","date_gmt":"2024-10-18T11:01:19","guid":{"rendered":"https:\/\/glandine.com\/product\/dolce-gabbana-weisses-love-peace-baumwoll-t-shirt-mit-rundhalsausschnitt\/"},"modified":"2024-12-01T10:04:23","modified_gmt":"2024-12-01T09:04:23","slug":"dolce-gabbana-weisses-love-peace-baumwoll-t-shirt-mit-rundhalsausschnitt","status":"publish","type":"product","link":"https:\/\/tpmadalina42.supserv.cozmoslabs.com\/fi\/tuote-2\/dolce-gabbana-weisses-love-peace-baumwoll-t-shirt-mit-rundhalsausschnitt\/","title":{"rendered":"Dolce &amp; Gabbana Wei\u00dfes Love &amp; Peace Baumwoll-T-Shirt mit Rundhalsausschnitt"},"content":{"rendered":"<p>DOLCE &amp; GABBANA<\/p>\n<p>Absolut atemberaubend, 100% authentisch, ganz neu mit Tags Dolce &amp; Gabbana Baumwolle bedruckt T-Shirt verf\u00fcgt \u00fcber einen Rundhalsausschnitt und kurze \u00c4rmel.<br \/>\nModell: Rundhals-T-Shirt<br \/>\nV\u00e4ri: Valkoinen<br \/>\nMateriaali: 100% puuvilla<br \/>\nIstuvuus: Normaali istuvuus<br \/>\nLogon yksityiskohdat<br \/>\nValmistettu Italiassa<\/p>\n<p><strong>Dieser Artikel hat einen kleinen Fehler, es gibt Flecken auf der Vorderseite (siehe Bilder f\u00fcr Details). <\/strong><\/p>","protected":false},"excerpt":{"rendered":"<p>DOLCE &amp; GABBANA Absolut atemberaubend, 100% authentisch, ganz neu mit Tags Dolce &amp; Gabbana Baumwolle bedruckt T-Shirt verf\u00fcgt \u00fcber einen Rundhalsausschnitt und kurze \u00c4rmel. Modell: Rundhals-T-Shirt Farbe: Wei\u00df Material: 100% Baumwolle Passform: Normale Passform Logo-Details Hergestellt in Italien Dieser Artikel hat einen kleinen Fehler, es gibt Flecken auf der Vorderseite (siehe Bilder f\u00fcr Details).<\/p>","protected":false},"featured_media":293912,"template":"","meta":[],"product_brand":[1620],"product_cat":[1633,1623,1710],"product_tag":[],"class_list":{"0":"post-293919","1":"product","2":"type-product","3":"status-publish","4":"has-post-thumbnail","6":"product_brand-dolce-gabbana","7":"product_cat-maenner-kleidung","8":"product_cat-kleidung","9":"product_cat-t-shirts","11":"first","12":"instock","13":"sale","14":"taxable","15":"shipping-taxable","16":"purchasable","17":"product-type-variable"},"_links":{"self":[{"href":"https:\/\/tpmadalina42.supserv.cozmoslabs.com\/fi\/wp-json\/wp\/v2\/product\/293919","targetHints":{"allow":["GET"]}}],"collection":[{"href":"https:\/\/tpmadalina42.supserv.cozmoslabs.com\/fi\/wp-json\/wp\/v2\/product"}],"about":[{"href":"https:\/\/tpmadalina42.supserv.cozmoslabs.com\/fi\/wp-json\/wp\/v2\/types\/product"}],"wp:featuredmedia":[{"embeddable":true,"href":"https:\/\/tpmadalina42.supserv.cozmoslabs.com\/fi\/wp-json\/wp\/v2\/media\/293912"}],"wp:attachment":[{"href":"https:\/\/tpmadalina42.supserv.cozmoslabs.com\/fi\/wp-json\/wp\/v2\/media?parent=293919"}],"wp:term":[{"taxonomy":"product_brand","embeddable":true,"href":"https:\/\/tpmadalina42.supserv.cozmoslabs.com\/fi\/wp-json\/wp\/v2\/product_brand?post=293919"},{"taxonomy":"product_cat","embeddable":true,"href":"https:\/\/tpmadalina42.supserv.cozmoslabs.com\/fi\/wp-json\/wp\/v2\/product_cat?post=293919"},{"taxonomy":"product_tag","embeddable":true,"href":"https:\/\/tpmadalina42.supserv.cozmoslabs.com\/fi\/wp-json\/wp\/v2\/product_tag?post=293919"}],"curies":[{"name":"wp","href":"https:\/\/api.w.org\/{rel}","templated":true}]}}