{"id":294238,"date":"2024-10-18T14:39:51","date_gmt":"2024-10-18T12:39:51","guid":{"rendered":"https:\/\/glandine.com\/product\/tom-ford-beige-baumwolljeans-hose\/"},"modified":"2024-12-13T12:05:49","modified_gmt":"2024-12-13T11:05:49","slug":"tom-ford-beige-baumwolljeans-hose","status":"publish","type":"product","link":"https:\/\/tpmadalina42.supserv.cozmoslabs.com\/fi\/tuote-2\/tom-ford-beige-baumwolljeans-hose\/","title":{"rendered":"Tom Ford Beige Baumwolljeans &amp; Hose"},"content":{"rendered":"<p>Tom Ford Jeans Hose, beige, f\u00fcnf Taschen, schmale Passform. Verdeckter Knopfverschluss vorne, unten eng anliegend, zwei Seitentaschen, Brusttasche und Ges\u00e4\u00dftaschen. Wildlederetikett auf der R\u00fcckseite mit Logo. Zusammensetzung:98% Baumwolle, 2% Elastan-Sku inside:23MG276-277<\/p>","protected":false},"excerpt":{"rendered":"<p>Tom Ford Jeans Hose, beige, f\u00fcnf Taschen, schmale Passform. Verdeckter Knopfverschluss vorne, unten eng anliegend, zwei Seitentaschen, Brusttasche und Ges\u00e4\u00dftaschen. Wildlederetikett auf der R\u00fcckseite mit Logo. Zusammensetzung:98% Baumwolle, 2% Elastan-Sku inside:23MG276-277<\/p>","protected":false},"featured_media":294234,"template":"","meta":[],"product_brand":[2405],"product_cat":[1633,1671,1623],"product_tag":[],"class_list":{"0":"post-294238","1":"product","2":"type-product","3":"status-publish","4":"has-post-thumbnail","6":"product_brand-tom-ford","7":"product_cat-maenner-kleidung","8":"product_cat-jeans-hosen","9":"product_cat-kleidung","11":"first","12":"instock","13":"sale","14":"taxable","15":"shipping-taxable","16":"purchasable","17":"product-type-variable"},"_links":{"self":[{"href":"https:\/\/tpmadalina42.supserv.cozmoslabs.com\/fi\/wp-json\/wp\/v2\/product\/294238","targetHints":{"allow":["GET"]}}],"collection":[{"href":"https:\/\/tpmadalina42.supserv.cozmoslabs.com\/fi\/wp-json\/wp\/v2\/product"}],"about":[{"href":"https:\/\/tpmadalina42.supserv.cozmoslabs.com\/fi\/wp-json\/wp\/v2\/types\/product"}],"wp:featuredmedia":[{"embeddable":true,"href":"https:\/\/tpmadalina42.supserv.cozmoslabs.com\/fi\/wp-json\/wp\/v2\/media\/294234"}],"wp:attachment":[{"href":"https:\/\/tpmadalina42.supserv.cozmoslabs.com\/fi\/wp-json\/wp\/v2\/media?parent=294238"}],"wp:term":[{"taxonomy":"product_brand","embeddable":true,"href":"https:\/\/tpmadalina42.supserv.cozmoslabs.com\/fi\/wp-json\/wp\/v2\/product_brand?post=294238"},{"taxonomy":"product_cat","embeddable":true,"href":"https:\/\/tpmadalina42.supserv.cozmoslabs.com\/fi\/wp-json\/wp\/v2\/product_cat?post=294238"},{"taxonomy":"product_tag","embeddable":true,"href":"https:\/\/tpmadalina42.supserv.cozmoslabs.com\/fi\/wp-json\/wp\/v2\/product_tag?post=294238"}],"curies":[{"name":"wp","href":"https:\/\/api.w.org\/{rel}","templated":true}]}}