{"id":295282,"date":"2024-10-21T20:53:04","date_gmt":"2024-10-21T18:53:04","guid":{"rendered":"https:\/\/glandine.com\/product\/nicolo-tonetto-rotes-baumwolle-maenner-t-shirt\/"},"modified":"2024-11-29T14:00:47","modified_gmt":"2024-11-29T13:00:47","slug":"nicolo-tonetto-rotes-baumwolle-maenner-t-shirt","status":"publish","type":"product","link":"https:\/\/tpmadalina42.supserv.cozmoslabs.com\/fi\/tuote-2\/nicolo-tonetto-rotes-baumwolle-maenner-t-shirt\/","title":{"rendered":"Nicolo Tonetto Rotes Baumwolle M\u00e4nner T-Shirt"},"content":{"rendered":"<p>Mit dem auff\u00e4lligen Nicolo Tonetto T-Shirt mit Rundhalsausschnitt und einem auff\u00e4lligen Druck, der ein Statement setzt, werten Sie Ihren Alltagsstil auf. Es ist aus 100% hochwertiger Baumwolle gefertigt und verspricht Komfort, ohne auf italienisches Flair zu verzichten. Dieses schillernde rote T-Shirt ist ein vielseitiges St\u00fcck, das Ihrem Ensemble einen Farbakzent verleiht und den Geist der furchtlosen Mode von Nicolo Tonetto perfekt verk\u00f6rpert. Treten Sie selbstbewusst auf und ziehen Sie die Blicke auf sich mit diesem trendigen St\u00fcck.<\/p>\n<p>Materiaali: 100% puuvilla<br \/>\nAlkuper\u00e4maa: IT<br \/>\nV\u00e4ri: punainen<\/p>","protected":false},"excerpt":{"rendered":"<p>Mit dem auff\u00e4lligen Nicolo Tonetto T-Shirt mit Rundhalsausschnitt und einem auff\u00e4lligen Druck, der ein Statement setzt, werten Sie Ihren Alltagsstil auf. Es ist aus 100% hochwertiger Baumwolle gefertigt und verspricht Komfort, ohne auf italienisches Flair zu verzichten. Dieses schillernde rote T-Shirt ist ein vielseitiges St\u00fcck, das Ihrem Ensemble einen Farbakzent verleiht und den Geist der [&hellip;]<\/p>","protected":false},"featured_media":295278,"template":"","meta":[],"product_brand":[1969],"product_cat":[1633,1623,1710],"product_tag":[],"class_list":{"0":"post-295282","1":"product","2":"type-product","3":"status-publish","4":"has-post-thumbnail","6":"product_brand-nicolo-tonetto","7":"product_cat-maenner-kleidung","8":"product_cat-kleidung","9":"product_cat-t-shirts","11":"first","12":"instock","13":"sale","14":"taxable","15":"shipping-taxable","16":"purchasable","17":"product-type-variable"},"_links":{"self":[{"href":"https:\/\/tpmadalina42.supserv.cozmoslabs.com\/fi\/wp-json\/wp\/v2\/product\/295282","targetHints":{"allow":["GET"]}}],"collection":[{"href":"https:\/\/tpmadalina42.supserv.cozmoslabs.com\/fi\/wp-json\/wp\/v2\/product"}],"about":[{"href":"https:\/\/tpmadalina42.supserv.cozmoslabs.com\/fi\/wp-json\/wp\/v2\/types\/product"}],"wp:featuredmedia":[{"embeddable":true,"href":"https:\/\/tpmadalina42.supserv.cozmoslabs.com\/fi\/wp-json\/wp\/v2\/media\/295278"}],"wp:attachment":[{"href":"https:\/\/tpmadalina42.supserv.cozmoslabs.com\/fi\/wp-json\/wp\/v2\/media?parent=295282"}],"wp:term":[{"taxonomy":"product_brand","embeddable":true,"href":"https:\/\/tpmadalina42.supserv.cozmoslabs.com\/fi\/wp-json\/wp\/v2\/product_brand?post=295282"},{"taxonomy":"product_cat","embeddable":true,"href":"https:\/\/tpmadalina42.supserv.cozmoslabs.com\/fi\/wp-json\/wp\/v2\/product_cat?post=295282"},{"taxonomy":"product_tag","embeddable":true,"href":"https:\/\/tpmadalina42.supserv.cozmoslabs.com\/fi\/wp-json\/wp\/v2\/product_tag?post=295282"}],"curies":[{"name":"wp","href":"https:\/\/api.w.org\/{rel}","templated":true}]}}