{"id":295446,"date":"2024-10-21T21:05:13","date_gmt":"2024-10-21T19:05:13","guid":{"rendered":"https:\/\/glandine.com\/product\/verri-blaue-wolle-maenner-jacke\/"},"modified":"2024-11-29T14:09:33","modified_gmt":"2024-11-29T13:09:33","slug":"verri-blaue-wolle-maenner-jacke","status":"publish","type":"product","link":"https:\/\/tpmadalina42.supserv.cozmoslabs.com\/fi\/tuote-2\/verri-blaue-wolle-maenner-jacke\/","title":{"rendered":"Verri Blaue Wolle M\u00e4nner Jacke"},"content":{"rendered":"<p>Erh\u00f6hen Sie Ihren Style-Quotienten mit dieser eleganten blauen Bomberjacke von Verri. Sie ist perfekt verarbeitet und besteht aus einer luxuri\u00f6sen Mischung aus 99% Wolle und 1% Elastan, die sowohl W\u00e4rme als auch einen Hauch von Stretch f\u00fcr den ultimativen Komfort bietet. Diese in Albanien gefertigte Jacke spricht B\u00e4nde der Raffinesse und verleiht Ihrer Garderobe einen Hauch von m\u00fcheloser Trendiness. Setzen Sie ein k\u00fchnes Statement und heben Sie sich mit diesem exquisiten St\u00fcck von der Masse ab.<\/p>\n<p>Material: 99% Wolle, 1% Elastan<br \/>\nAlkuper\u00e4maa: AL<br \/>\nV\u00e4ri: Sininen<\/p>","protected":false},"excerpt":{"rendered":"<p>Erh\u00f6hen Sie Ihren Style-Quotienten mit dieser eleganten blauen Bomberjacke von Verri. Sie ist perfekt verarbeitet und besteht aus einer luxuri\u00f6sen Mischung aus 99% Wolle und 1% Elastan, die sowohl W\u00e4rme als auch einen Hauch von Stretch f\u00fcr den ultimativen Komfort bietet. Diese in Albanien gefertigte Jacke spricht B\u00e4nde der Raffinesse und verleiht Ihrer Garderobe einen [&hellip;]<\/p>","protected":false},"featured_media":295442,"template":"","meta":[],"product_brand":[1968],"product_cat":[1633,1669,1623],"product_tag":[],"class_list":{"0":"post-295446","1":"product","2":"type-product","3":"status-publish","4":"has-post-thumbnail","6":"product_brand-verri","7":"product_cat-maenner-kleidung","8":"product_cat-jacken","9":"product_cat-kleidung","11":"first","12":"instock","13":"sale","14":"taxable","15":"shipping-taxable","16":"purchasable","17":"product-type-variable"},"_links":{"self":[{"href":"https:\/\/tpmadalina42.supserv.cozmoslabs.com\/fi\/wp-json\/wp\/v2\/product\/295446","targetHints":{"allow":["GET"]}}],"collection":[{"href":"https:\/\/tpmadalina42.supserv.cozmoslabs.com\/fi\/wp-json\/wp\/v2\/product"}],"about":[{"href":"https:\/\/tpmadalina42.supserv.cozmoslabs.com\/fi\/wp-json\/wp\/v2\/types\/product"}],"wp:featuredmedia":[{"embeddable":true,"href":"https:\/\/tpmadalina42.supserv.cozmoslabs.com\/fi\/wp-json\/wp\/v2\/media\/295442"}],"wp:attachment":[{"href":"https:\/\/tpmadalina42.supserv.cozmoslabs.com\/fi\/wp-json\/wp\/v2\/media?parent=295446"}],"wp:term":[{"taxonomy":"product_brand","embeddable":true,"href":"https:\/\/tpmadalina42.supserv.cozmoslabs.com\/fi\/wp-json\/wp\/v2\/product_brand?post=295446"},{"taxonomy":"product_cat","embeddable":true,"href":"https:\/\/tpmadalina42.supserv.cozmoslabs.com\/fi\/wp-json\/wp\/v2\/product_cat?post=295446"},{"taxonomy":"product_tag","embeddable":true,"href":"https:\/\/tpmadalina42.supserv.cozmoslabs.com\/fi\/wp-json\/wp\/v2\/product_tag?post=295446"}],"curies":[{"name":"wp","href":"https:\/\/api.w.org\/{rel}","templated":true}]}}