{"id":295494,"date":"2024-10-21T21:07:41","date_gmt":"2024-10-21T19:07:41","guid":{"rendered":"https:\/\/glandine.com\/product\/verri-blauer-polyester-herren-blazer\/"},"modified":"2024-11-29T14:14:41","modified_gmt":"2024-11-29T13:14:41","slug":"verri-blauer-polyester-herren-blazer","status":"publish","type":"product","link":"https:\/\/tpmadalina42.supserv.cozmoslabs.com\/fi\/tuote-2\/verri-blauer-polyester-herren-blazer\/","title":{"rendered":"Verri Blauer Polyester Herren Blazer"},"content":{"rendered":"<p>Peppen Sie Ihre Garderobe mit dem atemberaubenden einreihigen Blazer von Verri auf &#8211; ein St\u00fcck, das Raffinesse und zeitgen\u00f6ssisches Flair verk\u00f6rpert. Dieser Blazer wurde f\u00fcr den modernen Mann entworfen und besteht aus einer reichhaltigen Mischung von Materialien, die sowohl W\u00e4rme als auch Komfort bieten. Der blaue Farbton steht f\u00fcr einen raffinierten Geschmack, perfekt f\u00fcr jede Gelegenheit, die einen Hauch von Eleganz erfordert. Setzen Sie bei Ihrer n\u00e4chsten Veranstaltung ein Zeichen mit dem tadellosen Design und der Handwerkskunst von Verri.<\/p>\n<p>Material: 70% Polyester, 15% Wolle, 15% Viskose<br \/>\nAlkuper\u00e4maa: AL<br \/>\nV\u00e4ri: Sininen<\/p>","protected":false},"excerpt":{"rendered":"<p>Peppen Sie Ihre Garderobe mit dem atemberaubenden einreihigen Blazer von Verri auf &#8211; ein St\u00fcck, das Raffinesse und zeitgen\u00f6ssisches Flair verk\u00f6rpert. Dieser Blazer wurde f\u00fcr den modernen Mann entworfen und besteht aus einer reichhaltigen Mischung von Materialien, die sowohl W\u00e4rme als auch Komfort bieten. Der blaue Farbton steht f\u00fcr einen raffinierten Geschmack, perfekt f\u00fcr jede [&hellip;]<\/p>","protected":false},"featured_media":295490,"template":"","meta":[],"product_brand":[1968],"product_cat":[1653,1633,1623],"product_tag":[],"class_list":{"0":"post-295494","1":"product","2":"type-product","3":"status-publish","4":"has-post-thumbnail","6":"product_brand-verri","7":"product_cat-blazers","8":"product_cat-maenner-kleidung","9":"product_cat-kleidung","11":"first","12":"instock","13":"sale","14":"taxable","15":"shipping-taxable","16":"purchasable","17":"product-type-variable"},"_links":{"self":[{"href":"https:\/\/tpmadalina42.supserv.cozmoslabs.com\/fi\/wp-json\/wp\/v2\/product\/295494","targetHints":{"allow":["GET"]}}],"collection":[{"href":"https:\/\/tpmadalina42.supserv.cozmoslabs.com\/fi\/wp-json\/wp\/v2\/product"}],"about":[{"href":"https:\/\/tpmadalina42.supserv.cozmoslabs.com\/fi\/wp-json\/wp\/v2\/types\/product"}],"wp:featuredmedia":[{"embeddable":true,"href":"https:\/\/tpmadalina42.supserv.cozmoslabs.com\/fi\/wp-json\/wp\/v2\/media\/295490"}],"wp:attachment":[{"href":"https:\/\/tpmadalina42.supserv.cozmoslabs.com\/fi\/wp-json\/wp\/v2\/media?parent=295494"}],"wp:term":[{"taxonomy":"product_brand","embeddable":true,"href":"https:\/\/tpmadalina42.supserv.cozmoslabs.com\/fi\/wp-json\/wp\/v2\/product_brand?post=295494"},{"taxonomy":"product_cat","embeddable":true,"href":"https:\/\/tpmadalina42.supserv.cozmoslabs.com\/fi\/wp-json\/wp\/v2\/product_cat?post=295494"},{"taxonomy":"product_tag","embeddable":true,"href":"https:\/\/tpmadalina42.supserv.cozmoslabs.com\/fi\/wp-json\/wp\/v2\/product_tag?post=295494"}],"curies":[{"name":"wp","href":"https:\/\/api.w.org\/{rel}","templated":true}]}}