{"id":295514,"date":"2024-10-21T21:08:51","date_gmt":"2024-10-21T19:08:51","guid":{"rendered":"https:\/\/glandine.com\/product\/verri-blazer-aus-grauer-wolle-fuer-maenner\/"},"modified":"2024-11-29T14:14:57","modified_gmt":"2024-11-29T13:14:57","slug":"verri-blazer-aus-grauer-wolle-fuer-maenner","status":"publish","type":"product","link":"https:\/\/tpmadalina42.supserv.cozmoslabs.com\/fi\/tuote-2\/verri-blazer-aus-grauer-wolle-fuer-maenner\/","title":{"rendered":"Verri harmaa villableiseri miehille"},"content":{"rendered":"<p>Treten Sie selbstbewusst und stilvoll in den Sitzungssaal, gekleidet in den einreihigen Blazer von Verri. Dieser mit viel Liebe zum Detail gefertigte Blazer aus 100% Wolle verk\u00f6rpert mit seiner schlanken, ma\u00dfgeschneiderten Silhouette Raffinesse. Der luxuri\u00f6se Hauch feiner Wolle gepaart mit einem klassischen Grauton macht ihn zu einem vielseitigen Kleidungsst\u00fcck, das die Garderobe eines jeden anspruchsvollen Gentleman erg\u00e4nzt. Dieser Blazer von Verri strahlt eine professionelle Eleganz aus, die ihresgleichen sucht. Er ist ein absolutes Muss f\u00fcr den Mann, der mit jeder Bewegung Aufmerksamkeit erregt.<\/p>\n<p>&#8211; Material: 100% Wolle<br \/>\n&#8211; Herkunftsland: HR<br \/>\n&#8211; Farbe: Gray<\/p>","protected":false},"excerpt":{"rendered":"<p>Treten Sie selbstbewusst und stilvoll in den Sitzungssaal, gekleidet in den einreihigen Blazer von Verri. Dieser mit viel Liebe zum Detail gefertigte Blazer aus 100% Wolle verk\u00f6rpert mit seiner schlanken, ma\u00dfgeschneiderten Silhouette Raffinesse. Der luxuri\u00f6se Hauch feiner Wolle gepaart mit einem klassischen Grauton macht ihn zu einem vielseitigen Kleidungsst\u00fcck, das die Garderobe eines jeden anspruchsvollen [&hellip;]<\/p>","protected":false},"featured_media":295510,"template":"","meta":[],"product_brand":[1968],"product_cat":[1653,1633,1623],"product_tag":[],"class_list":{"0":"post-295514","1":"product","2":"type-product","3":"status-publish","4":"has-post-thumbnail","6":"product_brand-verri","7":"product_cat-blazers","8":"product_cat-maenner-kleidung","9":"product_cat-kleidung","11":"first","12":"instock","13":"sale","14":"taxable","15":"shipping-taxable","16":"purchasable","17":"product-type-variable"},"_links":{"self":[{"href":"https:\/\/tpmadalina42.supserv.cozmoslabs.com\/fi\/wp-json\/wp\/v2\/product\/295514","targetHints":{"allow":["GET"]}}],"collection":[{"href":"https:\/\/tpmadalina42.supserv.cozmoslabs.com\/fi\/wp-json\/wp\/v2\/product"}],"about":[{"href":"https:\/\/tpmadalina42.supserv.cozmoslabs.com\/fi\/wp-json\/wp\/v2\/types\/product"}],"wp:featuredmedia":[{"embeddable":true,"href":"https:\/\/tpmadalina42.supserv.cozmoslabs.com\/fi\/wp-json\/wp\/v2\/media\/295510"}],"wp:attachment":[{"href":"https:\/\/tpmadalina42.supserv.cozmoslabs.com\/fi\/wp-json\/wp\/v2\/media?parent=295514"}],"wp:term":[{"taxonomy":"product_brand","embeddable":true,"href":"https:\/\/tpmadalina42.supserv.cozmoslabs.com\/fi\/wp-json\/wp\/v2\/product_brand?post=295514"},{"taxonomy":"product_cat","embeddable":true,"href":"https:\/\/tpmadalina42.supserv.cozmoslabs.com\/fi\/wp-json\/wp\/v2\/product_cat?post=295514"},{"taxonomy":"product_tag","embeddable":true,"href":"https:\/\/tpmadalina42.supserv.cozmoslabs.com\/fi\/wp-json\/wp\/v2\/product_tag?post=295514"}],"curies":[{"name":"wp","href":"https:\/\/api.w.org\/{rel}","templated":true}]}}