{"id":295715,"date":"2024-10-21T21:22:40","date_gmt":"2024-10-21T19:22:40","guid":{"rendered":"https:\/\/glandine.com\/product\/pompei-donatella-braunes-leder-damen-umhaengetasche-4\/"},"modified":"2024-11-29T15:28:27","modified_gmt":"2024-11-29T14:28:27","slug":"pompei-donatella-braunes-leder-damen-umhaengetasche-4","status":"publish","type":"product","link":"https:\/\/tpmadalina42.supserv.cozmoslabs.com\/fi\/tuote-2\/pompei-donatella-braunes-leder-damen-umhaengetasche-4\/","title":{"rendered":"Pompei Donatella Ruskea Nahkainen Naisten Olkalaukku"},"content":{"rendered":"<p>Erh\u00f6hen Sie Ihren Alltagsstil mit der luxuri\u00f6sen Pompei Donatella Leder-Umh\u00e4ngetasche. Dieses exquisite St\u00fcck ist aus feinstem 100%igem Leder gefertigt und verf\u00fcgt \u00fcber einen verstellbaren Schulterriemen f\u00fcr hohen Tragekomfort. Der raffinierte braune Farbton passt zu jedem Outfit, w\u00e4hrend das mit einem Logo versehene Innere und der mitgelieferte Staubbeutel einen Hauch der f\u00fcr Pompei Donatella typischen Eleganz verleihen. Mit reichlich Platz f\u00fcr das Wesentliche und den Ma\u00dfen 33x32x15 cm ist diese Tasche nicht nur ein modisches Statement, sondern auch eine praktische Investition.<\/p>\n<p>Materiaali: 100% nahka<br \/>\nV\u00e4ri: Ruskea<br \/>\nAlkuper\u00e4maa: IT<br \/>\nAbmessungen: 33x32x15 cm<br \/>\nSichtbares Logo: Ja<br \/>\nEnth\u00e4lt: Staubbeutel<\/p>","protected":false},"excerpt":{"rendered":"<p>Erh\u00f6hen Sie Ihren Alltagsstil mit der luxuri\u00f6sen Pompei Donatella Leder-Umh\u00e4ngetasche. Dieses exquisite St\u00fcck ist aus feinstem 100%igem Leder gefertigt und verf\u00fcgt \u00fcber einen verstellbaren Schulterriemen f\u00fcr hohen Tragekomfort. Der raffinierte braune Farbton passt zu jedem Outfit, w\u00e4hrend das mit einem Logo versehene Innere und der mitgelieferte Staubbeutel einen Hauch der f\u00fcr Pompei Donatella typischen Eleganz [&hellip;]<\/p>","protected":false},"featured_media":295710,"template":"","meta":[],"product_brand":[1967],"product_cat":[1630,1745],"product_tag":[],"class_list":{"0":"post-295715","1":"product","2":"type-product","3":"status-publish","4":"has-post-thumbnail","6":"product_brand-pompei-donatella","7":"product_cat-frauen","8":"product_cat-umhaengetaschen-frauen","10":"first","11":"instock","12":"sale","13":"taxable","14":"shipping-taxable","15":"purchasable","16":"product-type-simple"},"_links":{"self":[{"href":"https:\/\/tpmadalina42.supserv.cozmoslabs.com\/fi\/wp-json\/wp\/v2\/product\/295715","targetHints":{"allow":["GET"]}}],"collection":[{"href":"https:\/\/tpmadalina42.supserv.cozmoslabs.com\/fi\/wp-json\/wp\/v2\/product"}],"about":[{"href":"https:\/\/tpmadalina42.supserv.cozmoslabs.com\/fi\/wp-json\/wp\/v2\/types\/product"}],"wp:featuredmedia":[{"embeddable":true,"href":"https:\/\/tpmadalina42.supserv.cozmoslabs.com\/fi\/wp-json\/wp\/v2\/media\/295710"}],"wp:attachment":[{"href":"https:\/\/tpmadalina42.supserv.cozmoslabs.com\/fi\/wp-json\/wp\/v2\/media?parent=295715"}],"wp:term":[{"taxonomy":"product_brand","embeddable":true,"href":"https:\/\/tpmadalina42.supserv.cozmoslabs.com\/fi\/wp-json\/wp\/v2\/product_brand?post=295715"},{"taxonomy":"product_cat","embeddable":true,"href":"https:\/\/tpmadalina42.supserv.cozmoslabs.com\/fi\/wp-json\/wp\/v2\/product_cat?post=295715"},{"taxonomy":"product_tag","embeddable":true,"href":"https:\/\/tpmadalina42.supserv.cozmoslabs.com\/fi\/wp-json\/wp\/v2\/product_tag?post=295715"}],"curies":[{"name":"wp","href":"https:\/\/api.w.org\/{rel}","templated":true}]}}