{"id":295842,"date":"2024-10-21T21:32:29","date_gmt":"2024-10-21T19:32:29","guid":{"rendered":"https:\/\/glandine.com\/product\/billionaire-italian-couture-blaues-baumwollhemd-fuer-maenner\/"},"modified":"2024-11-29T17:00:49","modified_gmt":"2024-11-29T16:00:49","slug":"billionaire-italian-couture-blaues-baumwollhemd-fuer-maenner","status":"publish","type":"product","link":"https:\/\/tpmadalina42.supserv.cozmoslabs.com\/fi\/tuote-2\/billionaire-italian-couture-blaues-baumwollhemd-fuer-maenner\/","title":{"rendered":"Billionaire Italian Couture Sininen puuvillapaita miehille"},"content":{"rendered":"<p>Pirist\u00e4 vaatekaappiasi Billionaire Italian Couture:n hienolla k\u00e4sity\u00f6n\u00e4. T\u00e4m\u00e4 keskikokoinen paita huokuu hienostuneisuutta ja sen kirjailtu monogrammi &quot;B&quot; on ylellinen sinisen s\u00e4vy. Se on r\u00e4\u00e4t\u00e4l\u00f6ity modernille herrasmiehelle, ja siin\u00e4 on tyylik\u00e4s pieni lehtikaulus ja yksil\u00f6lliset napit, jotka on valmistettu ensiluokkaisesta materiaalisekoituksesta poikkeuksellisen mukavuuden ja joustavuuden takaamiseksi. T\u00e4m\u00e4 Italiassa valmistettu paita on ilmaisu hienosta mausta ja eleganssista.<\/p>\n<p>Material: 97%Baumwolle, 3%Elastan<br \/>\nAlkuper\u00e4maa: IT<br \/>\nV\u00e4ri: Sininen<\/p>","protected":false},"excerpt":{"rendered":"<p>Peppen Sie Ihre Garderobe mit der exquisiten Handwerkskunst von Billionaire Italian Couture auf. Dieses Medium Fit Hemd strahlt mit seinem gestickten Monogramm &#8222;B&#8220; in einem luxuri\u00f6sen Blauton Raffinesse aus. Es ist f\u00fcr den modernen Gentleman ma\u00dfgeschneidert und verf\u00fcgt \u00fcber einen stilvollen Small Leaf Kragen und die charakteristischen, personalisierten Kn\u00f6pfe, die aus einer hochwertigen Materialmischung f\u00fcr [&hellip;]<\/p>","protected":false},"featured_media":295839,"template":"","meta":[],"product_brand":[1948],"product_cat":[1695,1633,1623],"product_tag":[],"class_list":{"0":"post-295842","1":"product","2":"type-product","3":"status-publish","4":"has-post-thumbnail","6":"product_brand-billionaire-italian-couture","7":"product_cat-hemden","8":"product_cat-maenner-kleidung","9":"product_cat-kleidung","11":"first","12":"instock","13":"sale","14":"taxable","15":"shipping-taxable","16":"purchasable","17":"product-type-variable"},"_links":{"self":[{"href":"https:\/\/tpmadalina42.supserv.cozmoslabs.com\/fi\/wp-json\/wp\/v2\/product\/295842","targetHints":{"allow":["GET"]}}],"collection":[{"href":"https:\/\/tpmadalina42.supserv.cozmoslabs.com\/fi\/wp-json\/wp\/v2\/product"}],"about":[{"href":"https:\/\/tpmadalina42.supserv.cozmoslabs.com\/fi\/wp-json\/wp\/v2\/types\/product"}],"wp:featuredmedia":[{"embeddable":true,"href":"https:\/\/tpmadalina42.supserv.cozmoslabs.com\/fi\/wp-json\/wp\/v2\/media\/295839"}],"wp:attachment":[{"href":"https:\/\/tpmadalina42.supserv.cozmoslabs.com\/fi\/wp-json\/wp\/v2\/media?parent=295842"}],"wp:term":[{"taxonomy":"product_brand","embeddable":true,"href":"https:\/\/tpmadalina42.supserv.cozmoslabs.com\/fi\/wp-json\/wp\/v2\/product_brand?post=295842"},{"taxonomy":"product_cat","embeddable":true,"href":"https:\/\/tpmadalina42.supserv.cozmoslabs.com\/fi\/wp-json\/wp\/v2\/product_cat?post=295842"},{"taxonomy":"product_tag","embeddable":true,"href":"https:\/\/tpmadalina42.supserv.cozmoslabs.com\/fi\/wp-json\/wp\/v2\/product_tag?post=295842"}],"curies":[{"name":"wp","href":"https:\/\/api.w.org\/{rel}","templated":true}]}}