{"id":296266,"date":"2024-10-21T21:59:13","date_gmt":"2024-10-21T19:59:13","guid":{"rendered":"https:\/\/glandine.com\/product\/pt-torino-weisse-baumwollhosen-fuer-maenner\/"},"modified":"2024-11-29T20:58:43","modified_gmt":"2024-11-29T19:58:43","slug":"pt-torino-weisse-baumwollhosen-fuer-maenner","status":"publish","type":"product","link":"https:\/\/tpmadalina42.supserv.cozmoslabs.com\/fi\/tuote-2\/pt-torino-weisse-baumwollhosen-fuer-maenner\/","title":{"rendered":"PT Torino Valkoiset puuvillahousut miehille"},"content":{"rendered":"<p>Erleben Sie mit der Super Slim Herrenhose von PT Torino die Spitze der modernen Schneiderkunst. Die mit Pr\u00e4zision gefertigte Hose bietet eine schlanke, superschlanke Silhouette, die garantiert Ihren Style-Quotienten erh\u00f6ht. Ihr einzigartiger, \u00fcberlappender Verschluss mit Knopf und Rei\u00dfverschluss, gepaart mit ordentlich gestalteten seitlichen und hinteren Leistentaschen, verleiht Ihren t\u00e4glichen Ensembles einen Hauch von Raffinesse. In einem frischen Wei\u00df, das Eleganz ausstrahlt, ist diese Hose eine vielseitige Erg\u00e4nzung f\u00fcr die Garderobe eines jeden modernen Gentleman. <\/p>\n<p>Materiaali: 98% puuvilla, 2% elastaani.<br \/>\nV\u00e4ri: Valkoinen<br \/>\nHerkunftsland: RO<\/p>","protected":false},"excerpt":{"rendered":"<p>Erleben Sie mit der Super Slim Herrenhose von PT Torino die Spitze der modernen Schneiderkunst. Die mit Pr\u00e4zision gefertigte Hose bietet eine schlanke, superschlanke Silhouette, die garantiert Ihren Style-Quotienten erh\u00f6ht. Ihr einzigartiger, \u00fcberlappender Verschluss mit Knopf und Rei\u00dfverschluss, gepaart mit ordentlich gestalteten seitlichen und hinteren Leistentaschen, verleiht Ihren t\u00e4glichen Ensembles einen Hauch von Raffinesse. In [&hellip;]<\/p>","protected":false},"featured_media":296263,"template":"","meta":[],"product_brand":[2193],"product_cat":[1633,1671,1623],"product_tag":[],"class_list":{"0":"post-296266","1":"product","2":"type-product","3":"status-publish","4":"has-post-thumbnail","6":"product_brand-pt-torino","7":"product_cat-maenner-kleidung","8":"product_cat-jeans-hosen","9":"product_cat-kleidung","11":"first","12":"instock","13":"sale","14":"taxable","15":"shipping-taxable","16":"purchasable","17":"product-type-variable"},"_links":{"self":[{"href":"https:\/\/tpmadalina42.supserv.cozmoslabs.com\/fi\/wp-json\/wp\/v2\/product\/296266","targetHints":{"allow":["GET"]}}],"collection":[{"href":"https:\/\/tpmadalina42.supserv.cozmoslabs.com\/fi\/wp-json\/wp\/v2\/product"}],"about":[{"href":"https:\/\/tpmadalina42.supserv.cozmoslabs.com\/fi\/wp-json\/wp\/v2\/types\/product"}],"wp:featuredmedia":[{"embeddable":true,"href":"https:\/\/tpmadalina42.supserv.cozmoslabs.com\/fi\/wp-json\/wp\/v2\/media\/296263"}],"wp:attachment":[{"href":"https:\/\/tpmadalina42.supserv.cozmoslabs.com\/fi\/wp-json\/wp\/v2\/media?parent=296266"}],"wp:term":[{"taxonomy":"product_brand","embeddable":true,"href":"https:\/\/tpmadalina42.supserv.cozmoslabs.com\/fi\/wp-json\/wp\/v2\/product_brand?post=296266"},{"taxonomy":"product_cat","embeddable":true,"href":"https:\/\/tpmadalina42.supserv.cozmoslabs.com\/fi\/wp-json\/wp\/v2\/product_cat?post=296266"},{"taxonomy":"product_tag","embeddable":true,"href":"https:\/\/tpmadalina42.supserv.cozmoslabs.com\/fi\/wp-json\/wp\/v2\/product_tag?post=296266"}],"curies":[{"name":"wp","href":"https:\/\/api.w.org\/{rel}","templated":true}]}}