{"id":296305,"date":"2024-10-21T22:02:14","date_gmt":"2024-10-21T20:02:14","guid":{"rendered":"https:\/\/glandine.com\/product\/missoni-schwarzer-wollschal-fuer-maenner\/"},"modified":"2024-12-13T09:10:14","modified_gmt":"2024-12-13T08:10:14","slug":"missoni-schwarzer-wollschal-fuer-maenner","status":"publish","type":"product","link":"https:\/\/tpmadalina42.supserv.cozmoslabs.com\/fi\/tuote-2\/missoni-schwarzer-wollschal-fuer-maenner\/","title":{"rendered":"Missoni Schwarzer Wollschal f\u00fcr M\u00e4nner"},"content":{"rendered":"<p>H\u00fcllen Sie sich in den Inbegriff von italienischem Luxus mit diesem Schal von Missoni, einem Statement-St\u00fcck, das zeitlose Eleganz mit zeitgen\u00f6ssischem geometrischen Flair verbindet. Dieses gewagte Accessoire zeigt die f\u00fcr Missoni typische Verwendung von lebhaften, mehrfarbigen Mustern auf einem schlichten schwarzen Hintergrund, wobei verspielte Fransen einen Hauch von Laune hinzuf\u00fcgen. Der Schal mit den Ma\u00dfen 180 cm x 36 cm ist perfekt f\u00fcr alle, die sich trauen, aufzufallen, und bietet viel W\u00e4rme und Stil. Er ist aus einer kostbaren Mischung aus Wolle und Acryl gefertigt und bietet sowohl Komfort als auch Haltbarkeit. Lassen Sie sich von der K\u00fchnheit von Missoni inspirieren und machen Sie diesen Schal zu Ihrem Lieblingsteil f\u00fcr einen trendigen, modischen Look.<\/p>\n<p>Materiaali: 50% villa, 50% akryyli<br \/>\nAlkuper\u00e4maa: IT<br \/>\nV\u00e4ri: Musta<\/p>","protected":false},"excerpt":{"rendered":"<p>H\u00fcllen Sie sich in den Inbegriff von italienischem Luxus mit diesem Schal von Missoni, einem Statement-St\u00fcck, das zeitlose Eleganz mit zeitgen\u00f6ssischem geometrischen Flair verbindet. Dieses gewagte Accessoire zeigt die f\u00fcr Missoni typische Verwendung von lebhaften, mehrfarbigen Mustern auf einem schlichten schwarzen Hintergrund, wobei verspielte Fransen einen Hauch von Laune hinzuf\u00fcgen. Der Schal mit den Ma\u00dfen [&hellip;]<\/p>","protected":false},"featured_media":296302,"template":"","meta":[],"product_brand":[2082],"product_cat":[1621,1631,1693],"product_tag":[],"class_list":{"0":"post-296305","1":"product","2":"type-product","3":"status-publish","4":"has-post-thumbnail","6":"product_brand-missoni","7":"product_cat-accessoire","8":"product_cat-maenner-zubehoer","9":"product_cat-schals","11":"first","12":"instock","13":"sale","14":"taxable","15":"shipping-taxable","16":"purchasable","17":"product-type-simple"},"_links":{"self":[{"href":"https:\/\/tpmadalina42.supserv.cozmoslabs.com\/fi\/wp-json\/wp\/v2\/product\/296305","targetHints":{"allow":["GET"]}}],"collection":[{"href":"https:\/\/tpmadalina42.supserv.cozmoslabs.com\/fi\/wp-json\/wp\/v2\/product"}],"about":[{"href":"https:\/\/tpmadalina42.supserv.cozmoslabs.com\/fi\/wp-json\/wp\/v2\/types\/product"}],"wp:featuredmedia":[{"embeddable":true,"href":"https:\/\/tpmadalina42.supserv.cozmoslabs.com\/fi\/wp-json\/wp\/v2\/media\/296302"}],"wp:attachment":[{"href":"https:\/\/tpmadalina42.supserv.cozmoslabs.com\/fi\/wp-json\/wp\/v2\/media?parent=296305"}],"wp:term":[{"taxonomy":"product_brand","embeddable":true,"href":"https:\/\/tpmadalina42.supserv.cozmoslabs.com\/fi\/wp-json\/wp\/v2\/product_brand?post=296305"},{"taxonomy":"product_cat","embeddable":true,"href":"https:\/\/tpmadalina42.supserv.cozmoslabs.com\/fi\/wp-json\/wp\/v2\/product_cat?post=296305"},{"taxonomy":"product_tag","embeddable":true,"href":"https:\/\/tpmadalina42.supserv.cozmoslabs.com\/fi\/wp-json\/wp\/v2\/product_tag?post=296305"}],"curies":[{"name":"wp","href":"https:\/\/api.w.org\/{rel}","templated":true}]}}