{"id":296330,"date":"2024-10-21T22:04:21","date_gmt":"2024-10-21T20:04:21","guid":{"rendered":"https:\/\/glandine.com\/product\/jacob-cohen-blaue-baumwolle-frauen-jacke\/"},"modified":"2024-12-03T21:27:30","modified_gmt":"2024-12-03T20:27:30","slug":"jacob-cohen-blaue-baumwolle-frauen-jacke","status":"publish","type":"product","link":"https:\/\/tpmadalina42.supserv.cozmoslabs.com\/fi\/tuote-2\/jacob-cohen-blaue-baumwolle-frauen-jacke\/","title":{"rendered":"Jacob Cohen sininen puuvilla naisten takki"},"content":{"rendered":"<p>Mit der Jacob Cohen Women&#8217;s Jeans Print Jacket k\u00f6nnen Sie Ihren Denim-Stil aufwerten. Die italienische Handwerkskunst verbindet nahtlos Komfort und High Fashion. Diese Jacke ist mit ihrem einzigartigen Print ein Zeugnis f\u00fcr zeitlosen Stil, w\u00e4hrend die Polyesterwattierung f\u00fcr eine jahreszeitlich angepasste Kleidung sorgt. Zwei Seitentaschen mit verdeckten Rei\u00dfverschl\u00fcssen und ein eleganter Doppelschieber-Verschluss machen die Jacke zum idealen Begleiter f\u00fcr jedes Outfit.<\/p>\n<p>Material: 100% baumwoll\u00e4hnlich<br \/>\nAlkuper\u00e4maa: IT<br \/>\nV\u00e4ri: Sininen<\/p>","protected":false},"excerpt":{"rendered":"<p>Mit der Jacob Cohen Women&#8217;s Jeans Print Jacket k\u00f6nnen Sie Ihren Denim-Stil aufwerten. Die italienische Handwerkskunst verbindet nahtlos Komfort und High Fashion. Diese Jacke ist mit ihrem einzigartigen Print ein Zeugnis f\u00fcr zeitlosen Stil, w\u00e4hrend die Polyesterwattierung f\u00fcr eine jahreszeitlich angepasste Kleidung sorgt. Zwei Seitentaschen mit verdeckten Rei\u00dfverschl\u00fcssen und ein eleganter Doppelschieber-Verschluss machen die Jacke [&hellip;]<\/p>","protected":false},"featured_media":296328,"template":"","meta":[],"product_brand":[2179],"product_cat":[1637,1670,1623],"product_tag":[],"class_list":{"0":"post-296330","1":"product","2":"type-product","3":"status-publish","4":"has-post-thumbnail","6":"product_brand-jacob-cohen","7":"product_cat-frauen-kleidung","8":"product_cat-jacken-maentel","9":"product_cat-kleidung","11":"first","12":"instock","13":"sale","14":"taxable","15":"shipping-taxable","16":"purchasable","17":"product-type-variable"},"_links":{"self":[{"href":"https:\/\/tpmadalina42.supserv.cozmoslabs.com\/fi\/wp-json\/wp\/v2\/product\/296330","targetHints":{"allow":["GET"]}}],"collection":[{"href":"https:\/\/tpmadalina42.supserv.cozmoslabs.com\/fi\/wp-json\/wp\/v2\/product"}],"about":[{"href":"https:\/\/tpmadalina42.supserv.cozmoslabs.com\/fi\/wp-json\/wp\/v2\/types\/product"}],"wp:featuredmedia":[{"embeddable":true,"href":"https:\/\/tpmadalina42.supserv.cozmoslabs.com\/fi\/wp-json\/wp\/v2\/media\/296328"}],"wp:attachment":[{"href":"https:\/\/tpmadalina42.supserv.cozmoslabs.com\/fi\/wp-json\/wp\/v2\/media?parent=296330"}],"wp:term":[{"taxonomy":"product_brand","embeddable":true,"href":"https:\/\/tpmadalina42.supserv.cozmoslabs.com\/fi\/wp-json\/wp\/v2\/product_brand?post=296330"},{"taxonomy":"product_cat","embeddable":true,"href":"https:\/\/tpmadalina42.supserv.cozmoslabs.com\/fi\/wp-json\/wp\/v2\/product_cat?post=296330"},{"taxonomy":"product_tag","embeddable":true,"href":"https:\/\/tpmadalina42.supserv.cozmoslabs.com\/fi\/wp-json\/wp\/v2\/product_tag?post=296330"}],"curies":[{"name":"wp","href":"https:\/\/api.w.org\/{rel}","templated":true}]}}