{"id":296366,"date":"2024-10-21T22:07:49","date_gmt":"2024-10-21T20:07:49","guid":{"rendered":"https:\/\/glandine.com\/product\/missoni-multicolor-wolle-frauen-hut-2\/"},"modified":"2024-12-10T13:39:35","modified_gmt":"2024-12-10T12:39:35","slug":"missoni-multicolor-wolle-frauen-hut-2","status":"publish","type":"product","link":"https:\/\/tpmadalina42.supserv.cozmoslabs.com\/fi\/tuote-2\/missoni-multicolor-wolle-frauen-hut-2\/","title":{"rendered":"Missoni moniv\u00e4rinen villa naisten hattu"},"content":{"rendered":"<p>Lassen Sie sich von der lebendigen Anziehungskraft dieser sorgf\u00e4ltig gefertigten M\u00fctze von Missoni verf\u00fchren. Dieses atemberaubende Accessoire ist ein Beweis f\u00fcr die ikonischen geometrischen Muster der Marke und vereint k\u00fchne, mehrfarbige Paletten mit der W\u00e4rme von Wolle und dem Komfort von Acryl. Das in Italien gefertigte Schmuckst\u00fcck ist sowohl ein kuscheliger Schutz gegen die K\u00e4lte als auch ein modisches Aush\u00e4ngeschild. Perfekt, um jedem Ensemble einen Funken der ber\u00fchmten Eleganz von Missoni zu verleihen.<\/p>\n<p>Materiaali: 50% villa, 50% polyakryyli<br \/>\nAlkuper\u00e4maa: IT<br \/>\nV\u00e4ri: Moniv\u00e4rinen<\/p>","protected":false},"excerpt":{"rendered":"<p>Lassen Sie sich von der lebendigen Anziehungskraft dieser sorgf\u00e4ltig gefertigten M\u00fctze von Missoni verf\u00fchren. Dieses atemberaubende Accessoire ist ein Beweis f\u00fcr die ikonischen geometrischen Muster der Marke und vereint k\u00fchne, mehrfarbige Paletten mit der W\u00e4rme von Wolle und dem Komfort von Acryl. Das in Italien gefertigte Schmuckst\u00fcck ist sowohl ein kuscheliger Schutz gegen die K\u00e4lte [&hellip;]<\/p>","protected":false},"featured_media":296363,"template":"","meta":[],"product_brand":[2082],"product_cat":[1621,1632,1666],"product_tag":[],"class_list":{"0":"post-296366","1":"product","2":"type-product","3":"status-publish","4":"has-post-thumbnail","6":"product_brand-missoni","7":"product_cat-accessoire","8":"product_cat-frauen-zubehoer","9":"product_cat-huete","11":"first","12":"instock","13":"sale","14":"taxable","15":"shipping-taxable","16":"purchasable","17":"product-type-variable"},"_links":{"self":[{"href":"https:\/\/tpmadalina42.supserv.cozmoslabs.com\/fi\/wp-json\/wp\/v2\/product\/296366","targetHints":{"allow":["GET"]}}],"collection":[{"href":"https:\/\/tpmadalina42.supserv.cozmoslabs.com\/fi\/wp-json\/wp\/v2\/product"}],"about":[{"href":"https:\/\/tpmadalina42.supserv.cozmoslabs.com\/fi\/wp-json\/wp\/v2\/types\/product"}],"wp:featuredmedia":[{"embeddable":true,"href":"https:\/\/tpmadalina42.supserv.cozmoslabs.com\/fi\/wp-json\/wp\/v2\/media\/296363"}],"wp:attachment":[{"href":"https:\/\/tpmadalina42.supserv.cozmoslabs.com\/fi\/wp-json\/wp\/v2\/media?parent=296366"}],"wp:term":[{"taxonomy":"product_brand","embeddable":true,"href":"https:\/\/tpmadalina42.supserv.cozmoslabs.com\/fi\/wp-json\/wp\/v2\/product_brand?post=296366"},{"taxonomy":"product_cat","embeddable":true,"href":"https:\/\/tpmadalina42.supserv.cozmoslabs.com\/fi\/wp-json\/wp\/v2\/product_cat?post=296366"},{"taxonomy":"product_tag","embeddable":true,"href":"https:\/\/tpmadalina42.supserv.cozmoslabs.com\/fi\/wp-json\/wp\/v2\/product_tag?post=296366"}],"curies":[{"name":"wp","href":"https:\/\/api.w.org\/{rel}","templated":true}]}}