{"id":296465,"date":"2024-10-21T22:12:42","date_gmt":"2024-10-21T20:12:42","guid":{"rendered":"https:\/\/glandine.com\/product\/jacob-cohen-blaue-baumwolle-damenjeans\/"},"modified":"2024-11-29T21:51:06","modified_gmt":"2024-11-29T20:51:06","slug":"jacob-cohen-blaue-baumwolle-damenjeans","status":"publish","type":"product","link":"https:\/\/tpmadalina42.supserv.cozmoslabs.com\/fi\/tuote-2\/jacob-cohen-blaue-baumwolle-damenjeans\/","title":{"rendered":"Jacob Cohen Blaue Baumwolle Damenjeans"},"content":{"rendered":"<p>Peppen Sie Ihre Jeans-Kollektion mit dieser Jacob Cohen Jeans mit geradem Bein auf. Die Jeans ist aus einer perfekten Mischung f\u00fcr Komfort und Strapazierf\u00e4higkeit gefertigt und verf\u00fcgt \u00fcber dezente Risse, die Ihrem Ensemble einen Hauch von Sch\u00e4rfe verleihen. Der ikonische Logoknopf und die aufwendig bestickten Taschen sind der Inbegriff von Luxus im Alltag. Das Ponyfell-Label sorgt f\u00fcr Authentizit\u00e4t und Stil. Ideal f\u00fcr alle, die raffinierte Handwerkskunst mit einem k\u00fchnen Twist zu sch\u00e4tzen wissen.<\/p>\n<p>&#8211; Material: 98% Baumwolle, 2% Elastan<br \/>\n&#8211; Herkunftsland: Italien<br \/>\n- V\u00e4ri: sininen<\/p>","protected":false},"excerpt":{"rendered":"<p>Peppen Sie Ihre Jeans-Kollektion mit dieser Jacob Cohen Jeans mit geradem Bein auf. Die Jeans ist aus einer perfekten Mischung f\u00fcr Komfort und Strapazierf\u00e4higkeit gefertigt und verf\u00fcgt \u00fcber dezente Risse, die Ihrem Ensemble einen Hauch von Sch\u00e4rfe verleihen. Der ikonische Logoknopf und die aufwendig bestickten Taschen sind der Inbegriff von Luxus im Alltag. Das Ponyfell-Label [&hellip;]<\/p>","protected":false},"featured_media":296462,"template":"","meta":[],"product_brand":[2179],"product_cat":[1637,1686,1623],"product_tag":[],"class_list":{"0":"post-296465","1":"product","2":"type-product","3":"status-publish","4":"has-post-thumbnail","6":"product_brand-jacob-cohen","7":"product_cat-frauen-kleidung","8":"product_cat-jeans-hosen-frauen-kleidung","9":"product_cat-kleidung","11":"first","12":"instock","13":"sale","14":"taxable","15":"shipping-taxable","16":"purchasable","17":"product-type-variable"},"_links":{"self":[{"href":"https:\/\/tpmadalina42.supserv.cozmoslabs.com\/fi\/wp-json\/wp\/v2\/product\/296465","targetHints":{"allow":["GET"]}}],"collection":[{"href":"https:\/\/tpmadalina42.supserv.cozmoslabs.com\/fi\/wp-json\/wp\/v2\/product"}],"about":[{"href":"https:\/\/tpmadalina42.supserv.cozmoslabs.com\/fi\/wp-json\/wp\/v2\/types\/product"}],"wp:featuredmedia":[{"embeddable":true,"href":"https:\/\/tpmadalina42.supserv.cozmoslabs.com\/fi\/wp-json\/wp\/v2\/media\/296462"}],"wp:attachment":[{"href":"https:\/\/tpmadalina42.supserv.cozmoslabs.com\/fi\/wp-json\/wp\/v2\/media?parent=296465"}],"wp:term":[{"taxonomy":"product_brand","embeddable":true,"href":"https:\/\/tpmadalina42.supserv.cozmoslabs.com\/fi\/wp-json\/wp\/v2\/product_brand?post=296465"},{"taxonomy":"product_cat","embeddable":true,"href":"https:\/\/tpmadalina42.supserv.cozmoslabs.com\/fi\/wp-json\/wp\/v2\/product_cat?post=296465"},{"taxonomy":"product_tag","embeddable":true,"href":"https:\/\/tpmadalina42.supserv.cozmoslabs.com\/fi\/wp-json\/wp\/v2\/product_tag?post=296465"}],"curies":[{"name":"wp","href":"https:\/\/api.w.org\/{rel}","templated":true}]}}