{"id":296559,"date":"2024-10-21T22:19:37","date_gmt":"2024-10-21T20:19:37","guid":{"rendered":"https:\/\/glandine.com\/product\/neil-barrett-schwarzes-leder-maenner-schluesselanhaenger-2\/"},"modified":"2024-11-29T22:44:24","modified_gmt":"2024-11-29T21:44:24","slug":"neil-barrett-schwarzes-leder-maenner-schluesselanhaenger-2","status":"publish","type":"product","link":"https:\/\/tpmadalina42.supserv.cozmoslabs.com\/fi\/tuote-2\/neil-barrett-schwarzes-leder-maenner-schluesselanhaenger-2\/","title":{"rendered":"Neil Barrett &#8222;Schwarzes Leder M\u00e4nner Schl\u00fcsselanh\u00e4nger&#8220;"},"content":{"rendered":"<p>Mit dem Neil Barrett Herren-Schl\u00fcsselanh\u00e4nger aus Leder setzen Sie den Inbegriff von eleganter Raffinesse in Szene. Dieses Accessoire wurde f\u00fcr den modernen Mann entworfen und verbindet Funktionalit\u00e4t mit einer ausgefallenen \u00c4sthetik. Der Schl\u00fcsselanh\u00e4nger aus 100% Leder ist die perfekte Erg\u00e4nzung f\u00fcr Ihr t\u00e4gliches Outfit und verleiht Ihren Utensilien einen Hauch von Klasse. Dank seiner kompakten Gr\u00f6\u00dfe l\u00e4sst es sich m\u00fchelos in der Tasche verstauen und h\u00e4lt Ihre Schl\u00fcssel sicher organisiert. <\/p>\n<p>Materiaali: 100% nahka<br \/>\nAlkuper\u00e4maa: Italia<br \/>\nV\u00e4ri: Musta<\/p>","protected":false},"excerpt":{"rendered":"<p>Mit dem Neil Barrett Herren-Schl\u00fcsselanh\u00e4nger aus Leder setzen Sie den Inbegriff von eleganter Raffinesse in Szene. Dieses Accessoire wurde f\u00fcr den modernen Mann entworfen und verbindet Funktionalit\u00e4t mit einer ausgefallenen \u00c4sthetik. Der Schl\u00fcsselanh\u00e4nger aus 100% Leder ist die perfekte Erg\u00e4nzung f\u00fcr Ihr t\u00e4gliches Outfit und verleiht Ihren Utensilien einen Hauch von Klasse. Dank seiner kompakten [&hellip;]<\/p>","protected":false},"featured_media":296557,"template":"","meta":[],"product_brand":[2077],"product_cat":[1621,1631,1672],"product_tag":[],"class_list":{"0":"post-296559","1":"product","2":"type-product","3":"status-publish","4":"has-post-thumbnail","6":"product_brand-neil-barrett","7":"product_cat-accessoire","8":"product_cat-maenner-zubehoer","9":"product_cat-schluesselanhaenger","11":"first","12":"instock","13":"sale","14":"taxable","15":"shipping-taxable","16":"purchasable","17":"product-type-simple"},"_links":{"self":[{"href":"https:\/\/tpmadalina42.supserv.cozmoslabs.com\/fi\/wp-json\/wp\/v2\/product\/296559","targetHints":{"allow":["GET"]}}],"collection":[{"href":"https:\/\/tpmadalina42.supserv.cozmoslabs.com\/fi\/wp-json\/wp\/v2\/product"}],"about":[{"href":"https:\/\/tpmadalina42.supserv.cozmoslabs.com\/fi\/wp-json\/wp\/v2\/types\/product"}],"wp:featuredmedia":[{"embeddable":true,"href":"https:\/\/tpmadalina42.supserv.cozmoslabs.com\/fi\/wp-json\/wp\/v2\/media\/296557"}],"wp:attachment":[{"href":"https:\/\/tpmadalina42.supserv.cozmoslabs.com\/fi\/wp-json\/wp\/v2\/media?parent=296559"}],"wp:term":[{"taxonomy":"product_brand","embeddable":true,"href":"https:\/\/tpmadalina42.supserv.cozmoslabs.com\/fi\/wp-json\/wp\/v2\/product_brand?post=296559"},{"taxonomy":"product_cat","embeddable":true,"href":"https:\/\/tpmadalina42.supserv.cozmoslabs.com\/fi\/wp-json\/wp\/v2\/product_cat?post=296559"},{"taxonomy":"product_tag","embeddable":true,"href":"https:\/\/tpmadalina42.supserv.cozmoslabs.com\/fi\/wp-json\/wp\/v2\/product_tag?post=296559"}],"curies":[{"name":"wp","href":"https:\/\/api.w.org\/{rel}","templated":true}]}}