{"id":296564,"date":"2024-10-21T22:20:08","date_gmt":"2024-10-21T20:20:08","guid":{"rendered":"https:\/\/glandine.com\/product\/peche-originel-beige-textil-damen-sandale\/"},"modified":"2024-11-29T22:44:57","modified_gmt":"2024-11-29T21:44:57","slug":"peche-originel-beige-textil-damen-sandale","status":"publish","type":"product","link":"https:\/\/tpmadalina42.supserv.cozmoslabs.com\/fi\/tuote-2\/peche-originel-beige-textil-damen-sandale\/","title":{"rendered":"P\u00e9ch\u00e9 Originel Beige tekstiilisandaalit naisille"},"content":{"rendered":"<p>Mit den exquisiten Sandalen von P\u00e9ch\u00e9 Originel, bei denen Eleganz auf Komfort trifft, werden Sie bei jedem Schritt gl\u00e4nzen. Dieses atemberaubende Paar verf\u00fcgt \u00fcber zwei mit funkelnden Strasssteinen besetzte Riemchen und einen bescheidenen 4 cm hohen Absatz, der f\u00fcr subtilen Auftrieb sorgt, ohne die Stabilit\u00e4t zu beeintr\u00e4chtigen. Diese Sandalen in einem schicken Beigeton sind eine vielseitige Erg\u00e4nzung Ihrer Garderobe und eignen sich perfekt f\u00fcr abendliche Soireen oder f\u00fcr einen Hauch von Glamour in Ihrem Alltagslook. Setzen Sie ein Statement mit diesen Sch\u00e4tzen an Ihren F\u00fc\u00dfen.<\/p>\n<p>V\u00e4ri: beige<br \/>\nMaterial: Obermaterial, Futter, Innensohle, Laufsohle &#8211; 100% Polyethylen<br \/>\nAlkuper\u00e4maa: CN<\/p>","protected":false},"excerpt":{"rendered":"<p>Mit den exquisiten Sandalen von P\u00e9ch\u00e9 Originel, bei denen Eleganz auf Komfort trifft, werden Sie bei jedem Schritt gl\u00e4nzen. Dieses atemberaubende Paar verf\u00fcgt \u00fcber zwei mit funkelnden Strasssteinen besetzte Riemchen und einen bescheidenen 4 cm hohen Absatz, der f\u00fcr subtilen Auftrieb sorgt, ohne die Stabilit\u00e4t zu beeintr\u00e4chtigen. Diese Sandalen in einem schicken Beigeton sind eine [&hellip;]<\/p>","protected":false},"featured_media":296560,"template":"","meta":[],"product_brand":[2262],"product_cat":[1635,1692,1624],"product_tag":[],"class_list":{"0":"post-296564","1":"product","2":"type-product","3":"status-publish","4":"has-post-thumbnail","6":"product_brand-peche-originel","7":"product_cat-frauen-schuhe","8":"product_cat-sandalen-frauen-schuhe","9":"product_cat-schuhe","11":"first","12":"instock","13":"sale","14":"taxable","15":"shipping-taxable","16":"purchasable","17":"product-type-variable"},"_links":{"self":[{"href":"https:\/\/tpmadalina42.supserv.cozmoslabs.com\/fi\/wp-json\/wp\/v2\/product\/296564","targetHints":{"allow":["GET"]}}],"collection":[{"href":"https:\/\/tpmadalina42.supserv.cozmoslabs.com\/fi\/wp-json\/wp\/v2\/product"}],"about":[{"href":"https:\/\/tpmadalina42.supserv.cozmoslabs.com\/fi\/wp-json\/wp\/v2\/types\/product"}],"wp:featuredmedia":[{"embeddable":true,"href":"https:\/\/tpmadalina42.supserv.cozmoslabs.com\/fi\/wp-json\/wp\/v2\/media\/296560"}],"wp:attachment":[{"href":"https:\/\/tpmadalina42.supserv.cozmoslabs.com\/fi\/wp-json\/wp\/v2\/media?parent=296564"}],"wp:term":[{"taxonomy":"product_brand","embeddable":true,"href":"https:\/\/tpmadalina42.supserv.cozmoslabs.com\/fi\/wp-json\/wp\/v2\/product_brand?post=296564"},{"taxonomy":"product_cat","embeddable":true,"href":"https:\/\/tpmadalina42.supserv.cozmoslabs.com\/fi\/wp-json\/wp\/v2\/product_cat?post=296564"},{"taxonomy":"product_tag","embeddable":true,"href":"https:\/\/tpmadalina42.supserv.cozmoslabs.com\/fi\/wp-json\/wp\/v2\/product_tag?post=296564"}],"curies":[{"name":"wp","href":"https:\/\/api.w.org\/{rel}","templated":true}]}}