{"id":296637,"date":"2024-10-21T22:24:26","date_gmt":"2024-10-21T20:24:26","guid":{"rendered":"https:\/\/glandine.com\/product\/verri-schwarz-baumwolle-maenner-kurz\/"},"modified":"2024-11-29T22:50:19","modified_gmt":"2024-11-29T21:50:19","slug":"verri-schwarz-baumwolle-maenner-kurz","status":"publish","type":"product","link":"https:\/\/tpmadalina42.supserv.cozmoslabs.com\/fi\/tuote-2\/verri-schwarz-baumwolle-maenner-kurz\/","title":{"rendered":"Verri Schwarz Baumwolle M\u00e4nner kurz"},"content":{"rendered":"<p>Die sorgf\u00e4ltig gefertigten Casual Shorts von Verri sind der Inbegriff moderner Eleganz. Dieses luxuri\u00f6se Kleidungsst\u00fcck ist aus einer hochwertigen Mischung gefertigt, die f\u00fcr Atmungsaktivit\u00e4t und m\u00fchelose Bewegung sorgt und so einen perfekten Ausgleich zwischen Raffinesse und Komfort schafft. Ob Sie durch die Stra\u00dfen der Stadt schlendern oder sich in einem gehobenen Resort entspannen, verk\u00f6rpern Sie die schicke Gelassenheit, f\u00fcr die Verri bekannt ist. <\/p>\n<p>Material: 81% Baumwolle, 15% Polyamid, 4% Elasthan<br \/>\nHerkunftsland: Albanien<br \/>\nV\u00e4ri: Musta<\/p>","protected":false},"excerpt":{"rendered":"<p>Die sorgf\u00e4ltig gefertigten Casual Shorts von Verri sind der Inbegriff moderner Eleganz. Dieses luxuri\u00f6se Kleidungsst\u00fcck ist aus einer hochwertigen Mischung gefertigt, die f\u00fcr Atmungsaktivit\u00e4t und m\u00fchelose Bewegung sorgt und so einen perfekten Ausgleich zwischen Raffinesse und Komfort schafft. Ob Sie durch die Stra\u00dfen der Stadt schlendern oder sich in einem gehobenen Resort entspannen, verk\u00f6rpern Sie [&hellip;]<\/p>","protected":false},"featured_media":296634,"template":"","meta":[],"product_brand":[1968],"product_cat":[1633,1623,1697],"product_tag":[],"class_list":{"0":"post-296637","1":"product","2":"type-product","3":"status-publish","4":"has-post-thumbnail","6":"product_brand-verri","7":"product_cat-maenner-kleidung","8":"product_cat-kleidung","9":"product_cat-kurze-hosen","11":"first","12":"instock","13":"sale","14":"taxable","15":"shipping-taxable","16":"purchasable","17":"product-type-variable"},"_links":{"self":[{"href":"https:\/\/tpmadalina42.supserv.cozmoslabs.com\/fi\/wp-json\/wp\/v2\/product\/296637","targetHints":{"allow":["GET"]}}],"collection":[{"href":"https:\/\/tpmadalina42.supserv.cozmoslabs.com\/fi\/wp-json\/wp\/v2\/product"}],"about":[{"href":"https:\/\/tpmadalina42.supserv.cozmoslabs.com\/fi\/wp-json\/wp\/v2\/types\/product"}],"wp:featuredmedia":[{"embeddable":true,"href":"https:\/\/tpmadalina42.supserv.cozmoslabs.com\/fi\/wp-json\/wp\/v2\/media\/296634"}],"wp:attachment":[{"href":"https:\/\/tpmadalina42.supserv.cozmoslabs.com\/fi\/wp-json\/wp\/v2\/media?parent=296637"}],"wp:term":[{"taxonomy":"product_brand","embeddable":true,"href":"https:\/\/tpmadalina42.supserv.cozmoslabs.com\/fi\/wp-json\/wp\/v2\/product_brand?post=296637"},{"taxonomy":"product_cat","embeddable":true,"href":"https:\/\/tpmadalina42.supserv.cozmoslabs.com\/fi\/wp-json\/wp\/v2\/product_cat?post=296637"},{"taxonomy":"product_tag","embeddable":true,"href":"https:\/\/tpmadalina42.supserv.cozmoslabs.com\/fi\/wp-json\/wp\/v2\/product_tag?post=296637"}],"curies":[{"name":"wp","href":"https:\/\/api.w.org\/{rel}","templated":true}]}}