{"id":296653,"date":"2024-10-21T22:25:05","date_gmt":"2024-10-21T20:25:05","guid":{"rendered":"https:\/\/glandine.com\/product\/verri-armee-baumwolle-maenner-kurz-2\/"},"modified":"2024-11-29T22:50:28","modified_gmt":"2024-11-29T21:50:28","slug":"verri-armee-baumwolle-maenner-kurz-2","status":"publish","type":"product","link":"https:\/\/tpmadalina42.supserv.cozmoslabs.com\/fi\/tuote-2\/verri-armee-baumwolle-maenner-kurz-2\/","title":{"rendered":"Verri Armee Baumwolle M\u00e4nner kurz"},"content":{"rendered":"<p>Diese sorgf\u00e4ltig gefertigten Shorts von Verri sind perfekt f\u00fcr den anspruchsvollen Gentleman, der sowohl Komfort als auch Stil sch\u00e4tzt. Die Armeefarbe ist eine vielseitige Wahl, die jedes Freizeitoutfit m\u00fchelos aufwertet. Die Shorts sind aus einer hochwertigen Mischung aus Baumwolle, Polyamid und Elastan gefertigt und versprechen Langlebigkeit und Bewegungsfreiheit. Zeigen Sie Ihren modischen Geist und genie\u00dfen Sie die ma\u00dfgeschneiderte Passform, f\u00fcr die Verri bekannt ist.<\/p>\n<p>Material: 81% Baumwolle, 15% Polyamid, 4% Elastan<br \/>\nAlkuper\u00e4maa: AL<br \/>\nFarbe: Armee<\/p>","protected":false},"excerpt":{"rendered":"<p>Diese sorgf\u00e4ltig gefertigten Shorts von Verri sind perfekt f\u00fcr den anspruchsvollen Gentleman, der sowohl Komfort als auch Stil sch\u00e4tzt. Die Armeefarbe ist eine vielseitige Wahl, die jedes Freizeitoutfit m\u00fchelos aufwertet. Die Shorts sind aus einer hochwertigen Mischung aus Baumwolle, Polyamid und Elastan gefertigt und versprechen Langlebigkeit und Bewegungsfreiheit. Zeigen Sie Ihren modischen Geist und genie\u00dfen [&hellip;]<\/p>","protected":false},"featured_media":296650,"template":"","meta":[],"product_brand":[1968],"product_cat":[1633,1623,1697],"product_tag":[],"class_list":{"0":"post-296653","1":"product","2":"type-product","3":"status-publish","4":"has-post-thumbnail","6":"product_brand-verri","7":"product_cat-maenner-kleidung","8":"product_cat-kleidung","9":"product_cat-kurze-hosen","11":"first","12":"instock","13":"sale","14":"taxable","15":"shipping-taxable","16":"purchasable","17":"product-type-variable"},"_links":{"self":[{"href":"https:\/\/tpmadalina42.supserv.cozmoslabs.com\/fi\/wp-json\/wp\/v2\/product\/296653","targetHints":{"allow":["GET"]}}],"collection":[{"href":"https:\/\/tpmadalina42.supserv.cozmoslabs.com\/fi\/wp-json\/wp\/v2\/product"}],"about":[{"href":"https:\/\/tpmadalina42.supserv.cozmoslabs.com\/fi\/wp-json\/wp\/v2\/types\/product"}],"wp:featuredmedia":[{"embeddable":true,"href":"https:\/\/tpmadalina42.supserv.cozmoslabs.com\/fi\/wp-json\/wp\/v2\/media\/296650"}],"wp:attachment":[{"href":"https:\/\/tpmadalina42.supserv.cozmoslabs.com\/fi\/wp-json\/wp\/v2\/media?parent=296653"}],"wp:term":[{"taxonomy":"product_brand","embeddable":true,"href":"https:\/\/tpmadalina42.supserv.cozmoslabs.com\/fi\/wp-json\/wp\/v2\/product_brand?post=296653"},{"taxonomy":"product_cat","embeddable":true,"href":"https:\/\/tpmadalina42.supserv.cozmoslabs.com\/fi\/wp-json\/wp\/v2\/product_cat?post=296653"},{"taxonomy":"product_tag","embeddable":true,"href":"https:\/\/tpmadalina42.supserv.cozmoslabs.com\/fi\/wp-json\/wp\/v2\/product_tag?post=296653"}],"curies":[{"name":"wp","href":"https:\/\/api.w.org\/{rel}","templated":true}]}}