{"id":296750,"date":"2024-10-21T22:30:54","date_gmt":"2024-10-21T20:30:54","guid":{"rendered":"https:\/\/glandine.com\/product\/robert-friedman-beige-baumwolle-maenner-hemd\/"},"modified":"2024-11-29T22:58:15","modified_gmt":"2024-11-29T21:58:15","slug":"robert-friedman-beige-baumwolle-maenner-hemd","status":"publish","type":"product","link":"https:\/\/tpmadalina42.supserv.cozmoslabs.com\/fi\/tuote-2\/robert-friedman-beige-baumwolle-maenner-hemd\/","title":{"rendered":"Robert Friedman Beige Baumwolle M\u00e4nner Hemd"},"content":{"rendered":"<p>Mit dem Button Down Regular Hemd von Robert Friedman sind Sie bestens gekleidet. Das Hemd aus 100 % Baumwolle bietet un\u00fcbertroffenen Komfort und Langlebigkeit und strahlt in einem vielseitigen Beigeton eine ruhige Raffinesse aus. Die sorgf\u00e4ltige Verarbeitung unterstreicht das Qualit\u00e4tsbewusstsein der Marke und sorgt daf\u00fcr, dass Sie sowohl im B\u00fcro als auch bei einem Wochenendausflug m\u00fchelos gepflegt aussehen.<\/p>\n<p>Materiaali: 100% puuvilla<br \/>\nAlkuper\u00e4maa: AL<br \/>\nV\u00e4ri: beige<\/p>","protected":false},"excerpt":{"rendered":"<p>Mit dem Button Down Regular Hemd von Robert Friedman sind Sie bestens gekleidet. Das Hemd aus 100 % Baumwolle bietet un\u00fcbertroffenen Komfort und Langlebigkeit und strahlt in einem vielseitigen Beigeton eine ruhige Raffinesse aus. Die sorgf\u00e4ltige Verarbeitung unterstreicht das Qualit\u00e4tsbewusstsein der Marke und sorgt daf\u00fcr, dass Sie sowohl im B\u00fcro als auch bei einem Wochenendausflug [&hellip;]<\/p>","protected":false},"featured_media":296746,"template":"","meta":[],"product_brand":[2073],"product_cat":[1695,1633,1623],"product_tag":[],"class_list":{"0":"post-296750","1":"product","2":"type-product","3":"status-publish","4":"has-post-thumbnail","6":"product_brand-robert-friedman","7":"product_cat-hemden","8":"product_cat-maenner-kleidung","9":"product_cat-kleidung","11":"first","12":"instock","13":"sale","14":"taxable","15":"shipping-taxable","16":"purchasable","17":"product-type-variable"},"_links":{"self":[{"href":"https:\/\/tpmadalina42.supserv.cozmoslabs.com\/fi\/wp-json\/wp\/v2\/product\/296750","targetHints":{"allow":["GET"]}}],"collection":[{"href":"https:\/\/tpmadalina42.supserv.cozmoslabs.com\/fi\/wp-json\/wp\/v2\/product"}],"about":[{"href":"https:\/\/tpmadalina42.supserv.cozmoslabs.com\/fi\/wp-json\/wp\/v2\/types\/product"}],"wp:featuredmedia":[{"embeddable":true,"href":"https:\/\/tpmadalina42.supserv.cozmoslabs.com\/fi\/wp-json\/wp\/v2\/media\/296746"}],"wp:attachment":[{"href":"https:\/\/tpmadalina42.supserv.cozmoslabs.com\/fi\/wp-json\/wp\/v2\/media?parent=296750"}],"wp:term":[{"taxonomy":"product_brand","embeddable":true,"href":"https:\/\/tpmadalina42.supserv.cozmoslabs.com\/fi\/wp-json\/wp\/v2\/product_brand?post=296750"},{"taxonomy":"product_cat","embeddable":true,"href":"https:\/\/tpmadalina42.supserv.cozmoslabs.com\/fi\/wp-json\/wp\/v2\/product_cat?post=296750"},{"taxonomy":"product_tag","embeddable":true,"href":"https:\/\/tpmadalina42.supserv.cozmoslabs.com\/fi\/wp-json\/wp\/v2\/product_tag?post=296750"}],"curies":[{"name":"wp","href":"https:\/\/api.w.org\/{rel}","templated":true}]}}