{"id":296765,"date":"2024-10-21T22:31:32","date_gmt":"2024-10-21T20:31:32","guid":{"rendered":"https:\/\/glandine.com\/product\/robert-friedman-burgunderfarbenes-baumwollhemd-fuer-maenner-2\/"},"modified":"2024-11-29T22:58:25","modified_gmt":"2024-11-29T21:58:25","slug":"robert-friedman-burgunderfarbenes-baumwollhemd-fuer-maenner-2","status":"publish","type":"product","link":"https:\/\/tpmadalina42.supserv.cozmoslabs.com\/fi\/tuote-2\/robert-friedman-burgunderfarbenes-baumwollhemd-fuer-maenner-2\/","title":{"rendered":"Robert Friedman Burgundy-puuvillapaita miehille"},"content":{"rendered":"<p>Beeindrucken Sie mit dem Robert Friedman Medium Slim Collar Shirt, einer eleganten Mischung aus Stil und Komfort f\u00fcr den modernen Mann. Diese burgunderfarbene Sch\u00f6nheit aus 100 % Premium-Baumwolle wurde mit tadelloser Liebe zum Detail gefertigt und sorgt daf\u00fcr, dass Sie in jeder Menge mit raffinierter Leichtigkeit auffallen.<\/p>\n<p>Materiaali: 100% puuvilla<br \/>\nAlkuper\u00e4maa: AL<br \/>\nFarbe: Burgunderrot<\/p>","protected":false},"excerpt":{"rendered":"<p>Beeindrucken Sie mit dem Robert Friedman Medium Slim Collar Shirt, einer eleganten Mischung aus Stil und Komfort f\u00fcr den modernen Mann. Diese burgunderfarbene Sch\u00f6nheit aus 100 % Premium-Baumwolle wurde mit tadelloser Liebe zum Detail gefertigt und sorgt daf\u00fcr, dass Sie in jeder Menge mit raffinierter Leichtigkeit auffallen. Material: 100% Baumwolle Herkunftsland: AL Farbe: Burgunderrot<\/p>","protected":false},"featured_media":296761,"template":"","meta":[],"product_brand":[2073],"product_cat":[1695,1633,1623],"product_tag":[],"class_list":{"0":"post-296765","1":"product","2":"type-product","3":"status-publish","4":"has-post-thumbnail","6":"product_brand-robert-friedman","7":"product_cat-hemden","8":"product_cat-maenner-kleidung","9":"product_cat-kleidung","11":"first","12":"instock","13":"sale","14":"taxable","15":"shipping-taxable","16":"purchasable","17":"product-type-variable"},"_links":{"self":[{"href":"https:\/\/tpmadalina42.supserv.cozmoslabs.com\/fi\/wp-json\/wp\/v2\/product\/296765","targetHints":{"allow":["GET"]}}],"collection":[{"href":"https:\/\/tpmadalina42.supserv.cozmoslabs.com\/fi\/wp-json\/wp\/v2\/product"}],"about":[{"href":"https:\/\/tpmadalina42.supserv.cozmoslabs.com\/fi\/wp-json\/wp\/v2\/types\/product"}],"wp:featuredmedia":[{"embeddable":true,"href":"https:\/\/tpmadalina42.supserv.cozmoslabs.com\/fi\/wp-json\/wp\/v2\/media\/296761"}],"wp:attachment":[{"href":"https:\/\/tpmadalina42.supserv.cozmoslabs.com\/fi\/wp-json\/wp\/v2\/media?parent=296765"}],"wp:term":[{"taxonomy":"product_brand","embeddable":true,"href":"https:\/\/tpmadalina42.supserv.cozmoslabs.com\/fi\/wp-json\/wp\/v2\/product_brand?post=296765"},{"taxonomy":"product_cat","embeddable":true,"href":"https:\/\/tpmadalina42.supserv.cozmoslabs.com\/fi\/wp-json\/wp\/v2\/product_cat?post=296765"},{"taxonomy":"product_tag","embeddable":true,"href":"https:\/\/tpmadalina42.supserv.cozmoslabs.com\/fi\/wp-json\/wp\/v2\/product_tag?post=296765"}],"curies":[{"name":"wp","href":"https:\/\/api.w.org\/{rel}","templated":true}]}}