{"id":297027,"date":"2024-10-21T22:47:09","date_gmt":"2024-10-21T20:47:09","guid":{"rendered":"https:\/\/glandine.com\/product\/missoni-multicolor-wolle-maenner-hut-4\/"},"modified":"2024-11-29T23:07:34","modified_gmt":"2024-11-29T22:07:34","slug":"missoni-multicolor-wolle-maenner-hut-4","status":"publish","type":"product","link":"https:\/\/tpmadalina42.supserv.cozmoslabs.com\/fi\/tuote-2\/missoni-multicolor-wolle-maenner-hut-4\/","title":{"rendered":"Missoni moniv\u00e4rinen villainen miesten hattu"},"content":{"rendered":"<p>Mit diesem Hut von Missoni, bei dem italienische Handwerkskunst auf moderne geometrische Anmutung trifft, wird Ihr Stil zur Ikone. Das fesselnde, mehrfarbige Muster tanzt \u00fcber den Stoff &#8211; ein Zeugnis des gefeierten Designethos von Missoni. Gefertigt aus einer luxuri\u00f6sen Mischung aus 50 % Wolle und 50 % Acryl, verspricht dieses St\u00fcck sowohl W\u00e4rme als auch Komfort. Eine lebendige Erg\u00e4nzung Ihres modischen Repertoires. <\/p>\n<p>Materiaali: 50% villa, 50% akryyli<br \/>\nAlkuper\u00e4maa: Italia<br \/>\nV\u00e4ri: Moniv\u00e4rinen<\/p>","protected":false},"excerpt":{"rendered":"<p>Mit diesem Hut von Missoni, bei dem italienische Handwerkskunst auf moderne geometrische Anmutung trifft, wird Ihr Stil zur Ikone. Das fesselnde, mehrfarbige Muster tanzt \u00fcber den Stoff &#8211; ein Zeugnis des gefeierten Designethos von Missoni. Gefertigt aus einer luxuri\u00f6sen Mischung aus 50 % Wolle und 50 % Acryl, verspricht dieses St\u00fcck sowohl W\u00e4rme als auch [&hellip;]<\/p>","protected":false},"featured_media":297024,"template":"","meta":[],"product_brand":[2082],"product_cat":[1621,1631,1667],"product_tag":[],"class_list":{"0":"post-297027","1":"product","2":"type-product","3":"status-publish","4":"has-post-thumbnail","6":"product_brand-missoni","7":"product_cat-accessoire","8":"product_cat-maenner-zubehoer","9":"product_cat-huete-muetzen","11":"first","12":"instock","13":"sale","14":"taxable","15":"shipping-taxable","16":"purchasable","17":"product-type-variable"},"_links":{"self":[{"href":"https:\/\/tpmadalina42.supserv.cozmoslabs.com\/fi\/wp-json\/wp\/v2\/product\/297027","targetHints":{"allow":["GET"]}}],"collection":[{"href":"https:\/\/tpmadalina42.supserv.cozmoslabs.com\/fi\/wp-json\/wp\/v2\/product"}],"about":[{"href":"https:\/\/tpmadalina42.supserv.cozmoslabs.com\/fi\/wp-json\/wp\/v2\/types\/product"}],"wp:featuredmedia":[{"embeddable":true,"href":"https:\/\/tpmadalina42.supserv.cozmoslabs.com\/fi\/wp-json\/wp\/v2\/media\/297024"}],"wp:attachment":[{"href":"https:\/\/tpmadalina42.supserv.cozmoslabs.com\/fi\/wp-json\/wp\/v2\/media?parent=297027"}],"wp:term":[{"taxonomy":"product_brand","embeddable":true,"href":"https:\/\/tpmadalina42.supserv.cozmoslabs.com\/fi\/wp-json\/wp\/v2\/product_brand?post=297027"},{"taxonomy":"product_cat","embeddable":true,"href":"https:\/\/tpmadalina42.supserv.cozmoslabs.com\/fi\/wp-json\/wp\/v2\/product_cat?post=297027"},{"taxonomy":"product_tag","embeddable":true,"href":"https:\/\/tpmadalina42.supserv.cozmoslabs.com\/fi\/wp-json\/wp\/v2\/product_tag?post=297027"}],"curies":[{"name":"wp","href":"https:\/\/api.w.org\/{rel}","templated":true}]}}