{"id":297162,"date":"2024-10-21T22:55:27","date_gmt":"2024-10-21T20:55:27","guid":{"rendered":"https:\/\/glandine.com\/product\/robert-friedman-schwarzes-baumwollhemd-fuer-maenner-5\/"},"modified":"2024-11-29T23:10:42","modified_gmt":"2024-11-29T22:10:42","slug":"robert-friedman-schwarzes-baumwollhemd-fuer-maenner-5","status":"publish","type":"product","link":"https:\/\/tpmadalina42.supserv.cozmoslabs.com\/fi\/tuote-2\/robert-friedman-schwarzes-baumwollhemd-fuer-maenner-5\/","title":{"rendered":"Robert Friedman musta puuvillapaita miehille"},"content":{"rendered":"<p>Verleihen Sie Ihrer Garderobe einen Hauch von Raffinesse mit diesem Robert Friedman Hemd mit schmalem Kragen. Sorgf\u00e4ltig aus einer hochwertigen Mischung aus Baumwolle, Polyamid und Elastan gefertigt, bietet es sowohl unvergleichlichen Komfort als auch eine schlanke Silhouette. Das in Albanien gefertigte Hemd strahlt eine zeitlose Eleganz aus und bietet mit seiner schmalen Passform einen Hauch von Modernit\u00e4t. Eine mutige Wahl f\u00fcr den Gentleman, der eine Mischung aus klassischem Stil und zeitgen\u00f6ssischem Flair sch\u00e4tzt.<\/p>\n<p>&#8211; Material: 76% Baumwolle, 21% Polyamid, 3% Elasthan<br \/>\n&#8211; Herkunftsland: AL<br \/>\n- V\u00e4ri: Musta<\/p>","protected":false},"excerpt":{"rendered":"<p>Verleihen Sie Ihrer Garderobe einen Hauch von Raffinesse mit diesem Robert Friedman Hemd mit schmalem Kragen. Sorgf\u00e4ltig aus einer hochwertigen Mischung aus Baumwolle, Polyamid und Elastan gefertigt, bietet es sowohl unvergleichlichen Komfort als auch eine schlanke Silhouette. Das in Albanien gefertigte Hemd strahlt eine zeitlose Eleganz aus und bietet mit seiner schmalen Passform einen Hauch [&hellip;]<\/p>","protected":false},"featured_media":297158,"template":"","meta":[],"product_brand":[2073],"product_cat":[1695,1633,1623],"product_tag":[],"class_list":{"0":"post-297162","1":"product","2":"type-product","3":"status-publish","4":"has-post-thumbnail","6":"product_brand-robert-friedman","7":"product_cat-hemden","8":"product_cat-maenner-kleidung","9":"product_cat-kleidung","11":"first","12":"instock","13":"sale","14":"taxable","15":"shipping-taxable","16":"purchasable","17":"product-type-variable"},"_links":{"self":[{"href":"https:\/\/tpmadalina42.supserv.cozmoslabs.com\/fi\/wp-json\/wp\/v2\/product\/297162","targetHints":{"allow":["GET"]}}],"collection":[{"href":"https:\/\/tpmadalina42.supserv.cozmoslabs.com\/fi\/wp-json\/wp\/v2\/product"}],"about":[{"href":"https:\/\/tpmadalina42.supserv.cozmoslabs.com\/fi\/wp-json\/wp\/v2\/types\/product"}],"wp:featuredmedia":[{"embeddable":true,"href":"https:\/\/tpmadalina42.supserv.cozmoslabs.com\/fi\/wp-json\/wp\/v2\/media\/297158"}],"wp:attachment":[{"href":"https:\/\/tpmadalina42.supserv.cozmoslabs.com\/fi\/wp-json\/wp\/v2\/media?parent=297162"}],"wp:term":[{"taxonomy":"product_brand","embeddable":true,"href":"https:\/\/tpmadalina42.supserv.cozmoslabs.com\/fi\/wp-json\/wp\/v2\/product_brand?post=297162"},{"taxonomy":"product_cat","embeddable":true,"href":"https:\/\/tpmadalina42.supserv.cozmoslabs.com\/fi\/wp-json\/wp\/v2\/product_cat?post=297162"},{"taxonomy":"product_tag","embeddable":true,"href":"https:\/\/tpmadalina42.supserv.cozmoslabs.com\/fi\/wp-json\/wp\/v2\/product_tag?post=297162"}],"curies":[{"name":"wp","href":"https:\/\/api.w.org\/{rel}","templated":true}]}}