{"id":297289,"date":"2024-10-21T23:01:17","date_gmt":"2024-10-21T21:01:17","guid":{"rendered":"https:\/\/glandine.com\/product\/peche-originel-gold-textil-damen-sandale\/"},"modified":"2024-11-29T23:31:58","modified_gmt":"2024-11-29T22:31:58","slug":"peche-originel-gold-textil-damen-sandale","status":"publish","type":"product","link":"https:\/\/tpmadalina42.supserv.cozmoslabs.com\/fi\/tuote-2\/peche-originel-gold-textil-damen-sandale\/","title":{"rendered":"P\u00e9ch\u00e9 Originel Gold Textile naisten sandaalit"},"content":{"rendered":"<p>Treten Sie mit den schillernden, niedrigen Sandalen von P\u00e9ch\u00e9 Originel in eleganter Pracht auf. Exquisite Goldt\u00f6ne treffen auf Luxus mit einem glitzernden, strassbesetzten Kn\u00f6chelriemen, der Ihr Ensemble mit einem subtilen, aber glamour\u00f6sen 3 cm Absatz aufwertet. Die Kombination aus Eleganz und Komfort mit hochwertigem Textilmaterial und einer TPR-Laufsohle sorgt f\u00fcr Stil und Stabilit\u00e4t bei jedem Schritt. Perfekt f\u00fcr Soirees, bei denen ein Hauch von Glitzer gefragt ist.<\/p>\n<p>&#8211; Material: Obermaterial: 100% Textil<br \/>\n&#8211; Innenfutter Material: 100% Polyethylen<br \/>\n&#8211; Einlegesohle Material: 100% Textil<br \/>\n&#8211; Material der Laufsohle: 100% TPR<br \/>\n\u2013 Alkuper\u00e4maa: CN<br \/>\n&#8211; Farbe: Gold<\/p>","protected":false},"excerpt":{"rendered":"<p>Treten Sie mit den schillernden, niedrigen Sandalen von P\u00e9ch\u00e9 Originel in eleganter Pracht auf. Exquisite Goldt\u00f6ne treffen auf Luxus mit einem glitzernden, strassbesetzten Kn\u00f6chelriemen, der Ihr Ensemble mit einem subtilen, aber glamour\u00f6sen 3 cm Absatz aufwertet. Die Kombination aus Eleganz und Komfort mit hochwertigem Textilmaterial und einer TPR-Laufsohle sorgt f\u00fcr Stil und Stabilit\u00e4t bei jedem [&hellip;]<\/p>","protected":false},"featured_media":297285,"template":"","meta":[],"product_brand":[2262],"product_cat":[1635,1692,1624],"product_tag":[],"class_list":{"0":"post-297289","1":"product","2":"type-product","3":"status-publish","4":"has-post-thumbnail","6":"product_brand-peche-originel","7":"product_cat-frauen-schuhe","8":"product_cat-sandalen-frauen-schuhe","9":"product_cat-schuhe","11":"first","12":"instock","13":"sale","14":"taxable","15":"shipping-taxable","16":"purchasable","17":"product-type-variable"},"_links":{"self":[{"href":"https:\/\/tpmadalina42.supserv.cozmoslabs.com\/fi\/wp-json\/wp\/v2\/product\/297289","targetHints":{"allow":["GET"]}}],"collection":[{"href":"https:\/\/tpmadalina42.supserv.cozmoslabs.com\/fi\/wp-json\/wp\/v2\/product"}],"about":[{"href":"https:\/\/tpmadalina42.supserv.cozmoslabs.com\/fi\/wp-json\/wp\/v2\/types\/product"}],"wp:featuredmedia":[{"embeddable":true,"href":"https:\/\/tpmadalina42.supserv.cozmoslabs.com\/fi\/wp-json\/wp\/v2\/media\/297285"}],"wp:attachment":[{"href":"https:\/\/tpmadalina42.supserv.cozmoslabs.com\/fi\/wp-json\/wp\/v2\/media?parent=297289"}],"wp:term":[{"taxonomy":"product_brand","embeddable":true,"href":"https:\/\/tpmadalina42.supserv.cozmoslabs.com\/fi\/wp-json\/wp\/v2\/product_brand?post=297289"},{"taxonomy":"product_cat","embeddable":true,"href":"https:\/\/tpmadalina42.supserv.cozmoslabs.com\/fi\/wp-json\/wp\/v2\/product_cat?post=297289"},{"taxonomy":"product_tag","embeddable":true,"href":"https:\/\/tpmadalina42.supserv.cozmoslabs.com\/fi\/wp-json\/wp\/v2\/product_tag?post=297289"}],"curies":[{"name":"wp","href":"https:\/\/api.w.org\/{rel}","templated":true}]}}