{"id":297634,"date":"2024-10-21T23:19:30","date_gmt":"2024-10-21T21:19:30","guid":{"rendered":"https:\/\/glandine.com\/product\/cerruti-1881-roter-polyethylen-rucksack-fuer-frauen\/"},"modified":"2024-11-30T04:43:19","modified_gmt":"2024-11-30T03:43:19","slug":"cerruti-1881-roter-polyethylen-rucksack-fuer-frauen","status":"publish","type":"product","link":"https:\/\/tpmadalina42.supserv.cozmoslabs.com\/fi\/tuote-2\/cerruti-1881-roter-polyethylen-rucksack-fuer-frauen\/","title":{"rendered":"Cerruti 1881 punainen polyeteenireppu naisille"},"content":{"rendered":"<p>Zeigen Sie Ihren modischen Geist mit dem atemberaubenden Rucksack 1881 von Cerruti. Der auff\u00e4llige rote Farbton zieht die Blicke auf sich, w\u00e4hrend der schlanke Rei\u00dfverschluss Ihre Essentials mit Eleganz sichert. Funktionelle Innenf\u00e4cher und ein praktisches Fach auf der R\u00fcckseite bieten reichlich Platz f\u00fcr Ihre Habseligkeiten. Dieser Rucksack mit dem kultigen Logo auf der Vorderseite verbindet italienische Handwerkskunst mit modernem Design. Perfekt f\u00fcr gehobene urbane Abenteuer oder als schicker Alltagsbegleiter.<\/p>\n<p>V\u00e4ri: punainen<br \/>\nMateriaali: 100% polyeteeni<br \/>\nAlkuper\u00e4maa: CN<\/p>","protected":false},"excerpt":{"rendered":"<p>Zeigen Sie Ihren modischen Geist mit dem atemberaubenden Rucksack 1881 von Cerruti. Der auff\u00e4llige rote Farbton zieht die Blicke auf sich, w\u00e4hrend der schlanke Rei\u00dfverschluss Ihre Essentials mit Eleganz sichert. Funktionelle Innenf\u00e4cher und ein praktisches Fach auf der R\u00fcckseite bieten reichlich Platz f\u00fcr Ihre Habseligkeiten. Dieser Rucksack mit dem kultigen Logo auf der Vorderseite verbindet [&hellip;]<\/p>","protected":false},"featured_media":297629,"template":"","meta":[],"product_brand":[2345],"product_cat":[1630,1726],"product_tag":[],"class_list":{"0":"post-297634","1":"product","2":"type-product","3":"status-publish","4":"has-post-thumbnail","6":"product_brand-cerruti-1881","7":"product_cat-frauen","8":"product_cat-rucksaecke-frauen","10":"first","11":"instock","12":"sale","13":"taxable","14":"shipping-taxable","15":"purchasable","16":"product-type-simple"},"_links":{"self":[{"href":"https:\/\/tpmadalina42.supserv.cozmoslabs.com\/fi\/wp-json\/wp\/v2\/product\/297634","targetHints":{"allow":["GET"]}}],"collection":[{"href":"https:\/\/tpmadalina42.supserv.cozmoslabs.com\/fi\/wp-json\/wp\/v2\/product"}],"about":[{"href":"https:\/\/tpmadalina42.supserv.cozmoslabs.com\/fi\/wp-json\/wp\/v2\/types\/product"}],"wp:featuredmedia":[{"embeddable":true,"href":"https:\/\/tpmadalina42.supserv.cozmoslabs.com\/fi\/wp-json\/wp\/v2\/media\/297629"}],"wp:attachment":[{"href":"https:\/\/tpmadalina42.supserv.cozmoslabs.com\/fi\/wp-json\/wp\/v2\/media?parent=297634"}],"wp:term":[{"taxonomy":"product_brand","embeddable":true,"href":"https:\/\/tpmadalina42.supserv.cozmoslabs.com\/fi\/wp-json\/wp\/v2\/product_brand?post=297634"},{"taxonomy":"product_cat","embeddable":true,"href":"https:\/\/tpmadalina42.supserv.cozmoslabs.com\/fi\/wp-json\/wp\/v2\/product_cat?post=297634"},{"taxonomy":"product_tag","embeddable":true,"href":"https:\/\/tpmadalina42.supserv.cozmoslabs.com\/fi\/wp-json\/wp\/v2\/product_tag?post=297634"}],"curies":[{"name":"wp","href":"https:\/\/api.w.org\/{rel}","templated":true}]}}