{"id":297664,"date":"2024-10-21T23:23:02","date_gmt":"2024-10-21T21:23:02","guid":{"rendered":"https:\/\/glandine.com\/product\/cerruti-1881-braunes-kalbsleder-herren-portemonnaie\/"},"modified":"2024-12-03T16:56:19","modified_gmt":"2024-12-03T15:56:19","slug":"cerruti-1881-braunes-kalbsleder-herren-portemonnaie","status":"publish","type":"product","link":"https:\/\/tpmadalina42.supserv.cozmoslabs.com\/fi\/tuote-2\/cerruti-1881-braunes-kalbsleder-herren-portemonnaie\/","title":{"rendered":"Cerruti 1881 Ruskea vasikkanahkainen miesten lompakko"},"content":{"rendered":"<p>Mit der eleganten und raffinierten Cerruti 1881 Leather Wallet werten Sie Ihre Accessoires auf. Gefertigt aus 100 % Kalbsleder, bietet dieses Accessoire einen Hauch von Raffinesse f\u00fcr den modernen Gentleman. Das braune Portemonnaie ist mit einem Logo auf der Vorderseite versehen, das m\u00fchelos Luxus signalisiert. Das gro\u00dfz\u00fcgige Format von 20x10x3 cm sorgt daf\u00fcr, dass alle Ihre Karten und Ihr Bargeld stilvoll gesichert sind. Setzen Sie jedes Mal ein Zeichen, wenn Sie nach diesem exquisiten St\u00fcck greifen.<\/p>\n<p>&#8211; Material: 100% Kalbsleder<br \/>\n&#8211; Herkunftsland: IN<br \/>\n&#8211; Farbe: Braun<\/p>","protected":false},"excerpt":{"rendered":"<p>Mit der eleganten und raffinierten Cerruti 1881 Leather Wallet werten Sie Ihre Accessoires auf. Gefertigt aus 100 % Kalbsleder, bietet dieses Accessoire einen Hauch von Raffinesse f\u00fcr den modernen Gentleman. Das braune Portemonnaie ist mit einem Logo auf der Vorderseite versehen, das m\u00fchelos Luxus signalisiert. Das gro\u00dfz\u00fcgige Format von 20x10x3 cm sorgt daf\u00fcr, dass alle [&hellip;]<\/p>","protected":false},"featured_media":297660,"template":"","meta":[],"product_brand":[2345],"product_cat":[1721,1629],"product_tag":[],"class_list":{"0":"post-297664","1":"product","2":"type-product","3":"status-publish","4":"has-post-thumbnail","6":"product_brand-cerruti-1881","7":"product_cat-geldboersen","8":"product_cat-maenner","10":"first","11":"instock","12":"sale","13":"taxable","14":"shipping-taxable","15":"purchasable","16":"product-type-simple"},"_links":{"self":[{"href":"https:\/\/tpmadalina42.supserv.cozmoslabs.com\/fi\/wp-json\/wp\/v2\/product\/297664","targetHints":{"allow":["GET"]}}],"collection":[{"href":"https:\/\/tpmadalina42.supserv.cozmoslabs.com\/fi\/wp-json\/wp\/v2\/product"}],"about":[{"href":"https:\/\/tpmadalina42.supserv.cozmoslabs.com\/fi\/wp-json\/wp\/v2\/types\/product"}],"wp:featuredmedia":[{"embeddable":true,"href":"https:\/\/tpmadalina42.supserv.cozmoslabs.com\/fi\/wp-json\/wp\/v2\/media\/297660"}],"wp:attachment":[{"href":"https:\/\/tpmadalina42.supserv.cozmoslabs.com\/fi\/wp-json\/wp\/v2\/media?parent=297664"}],"wp:term":[{"taxonomy":"product_brand","embeddable":true,"href":"https:\/\/tpmadalina42.supserv.cozmoslabs.com\/fi\/wp-json\/wp\/v2\/product_brand?post=297664"},{"taxonomy":"product_cat","embeddable":true,"href":"https:\/\/tpmadalina42.supserv.cozmoslabs.com\/fi\/wp-json\/wp\/v2\/product_cat?post=297664"},{"taxonomy":"product_tag","embeddable":true,"href":"https:\/\/tpmadalina42.supserv.cozmoslabs.com\/fi\/wp-json\/wp\/v2\/product_tag?post=297664"}],"curies":[{"name":"wp","href":"https:\/\/api.w.org\/{rel}","templated":true}]}}