{"id":297691,"date":"2024-10-21T23:26:17","date_gmt":"2024-10-21T21:26:17","guid":{"rendered":"https:\/\/glandine.com\/product\/cerruti-1881-rotes-kalbsleder-herren-portemonnaie\/"},"modified":"2024-12-13T13:35:41","modified_gmt":"2024-12-13T12:35:41","slug":"cerruti-1881-rotes-kalbsleder-herren-portemonnaie","status":"publish","type":"product","link":"https:\/\/tpmadalina42.supserv.cozmoslabs.com\/fi\/tuote-2\/cerruti-1881-rotes-kalbsleder-herren-portemonnaie\/","title":{"rendered":"Cerruti 1881 punainen vasikkanahkainen miesten lompakko"},"content":{"rendered":"<p>Erleben Sie den Inbegriff von Raffinesse mit dieser auff\u00e4lligen Cerruti 1881 Geldb\u00f6rse, einem Must-Have-Accessoire f\u00fcr den anspruchsvollen Gentleman. Gefertigt aus erstklassigem 100%igem Kalbsleder in einem satten Rotton, spricht das schlanke Design B\u00e4nde von Klasse, ohne ein Wort zu sagen. Mit dem kultigen Cerruti 1881-Logo auf der Vorderseite ist sie mehr als nur eine Brieftasche; sie ist ein Statement der Eleganz, das sich nahtlos in Ihr Leben einf\u00fcgt.<\/p>\n<p>&#8211; Material: 100% Kalbsleder<br \/>\n&#8211; Herkunftsland: IN<br \/>\n&#8211; Farbe: Rot<\/p>","protected":false},"excerpt":{"rendered":"<p>Erleben Sie den Inbegriff von Raffinesse mit dieser auff\u00e4lligen Cerruti 1881 Geldb\u00f6rse, einem Must-Have-Accessoire f\u00fcr den anspruchsvollen Gentleman. Gefertigt aus erstklassigem 100%igem Kalbsleder in einem satten Rotton, spricht das schlanke Design B\u00e4nde von Klasse, ohne ein Wort zu sagen. Mit dem kultigen Cerruti 1881-Logo auf der Vorderseite ist sie mehr als nur eine Brieftasche; sie [&hellip;]<\/p>","protected":false},"featured_media":297687,"template":"","meta":[],"product_brand":[2345],"product_cat":[1721,1629],"product_tag":[],"class_list":{"0":"post-297691","1":"product","2":"type-product","3":"status-publish","4":"has-post-thumbnail","6":"product_brand-cerruti-1881","7":"product_cat-geldboersen","8":"product_cat-maenner","10":"first","11":"instock","12":"sale","13":"taxable","14":"shipping-taxable","15":"purchasable","16":"product-type-simple"},"_links":{"self":[{"href":"https:\/\/tpmadalina42.supserv.cozmoslabs.com\/fi\/wp-json\/wp\/v2\/product\/297691","targetHints":{"allow":["GET"]}}],"collection":[{"href":"https:\/\/tpmadalina42.supserv.cozmoslabs.com\/fi\/wp-json\/wp\/v2\/product"}],"about":[{"href":"https:\/\/tpmadalina42.supserv.cozmoslabs.com\/fi\/wp-json\/wp\/v2\/types\/product"}],"wp:featuredmedia":[{"embeddable":true,"href":"https:\/\/tpmadalina42.supserv.cozmoslabs.com\/fi\/wp-json\/wp\/v2\/media\/297687"}],"wp:attachment":[{"href":"https:\/\/tpmadalina42.supserv.cozmoslabs.com\/fi\/wp-json\/wp\/v2\/media?parent=297691"}],"wp:term":[{"taxonomy":"product_brand","embeddable":true,"href":"https:\/\/tpmadalina42.supserv.cozmoslabs.com\/fi\/wp-json\/wp\/v2\/product_brand?post=297691"},{"taxonomy":"product_cat","embeddable":true,"href":"https:\/\/tpmadalina42.supserv.cozmoslabs.com\/fi\/wp-json\/wp\/v2\/product_cat?post=297691"},{"taxonomy":"product_tag","embeddable":true,"href":"https:\/\/tpmadalina42.supserv.cozmoslabs.com\/fi\/wp-json\/wp\/v2\/product_tag?post=297691"}],"curies":[{"name":"wp","href":"https:\/\/api.w.org\/{rel}","templated":true}]}}