{"id":297781,"date":"2024-10-21T23:34:44","date_gmt":"2024-10-21T21:34:44","guid":{"rendered":"https:\/\/glandine.com\/product\/bagutta-schwarzes-baumwollhemd-fuer-maenner-2\/"},"modified":"2024-11-30T13:53:22","modified_gmt":"2024-11-30T12:53:22","slug":"bagutta-schwarzes-baumwollhemd-fuer-maenner-2","status":"publish","type":"product","link":"https:\/\/tpmadalina42.supserv.cozmoslabs.com\/fi\/tuote-2\/bagutta-schwarzes-baumwollhemd-fuer-maenner-2\/","title":{"rendered":"Bagutta musta puuvillapaita miehille"},"content":{"rendered":"<p>Das &#8222;Slim Fit Hemd mit franz\u00f6sischem Kragen&#8220; von Bagutta ist der Inbegriff stilvoller Eleganz. Dieses Hemd f\u00fcr den modernen Mann ist eine nahtlose Mischung aus Komfort und Stil, dank der tadellosen Mischung aus 72% Baumwolle, 25% Polyamid und einem Hauch von 3% Elastan. Mit Pr\u00e4zision in TN gefertigt, ist es die perfekte Wahl f\u00fcr alle, die einen scharfen, ma\u00dfgeschneiderten Look w\u00fcnschen, ohne auf Bewegungsfreiheit zu verzichten. Der tiefschwarze Farbton umgarnt die Sinne und verspr\u00fcht einen k\u00fchnen, aber zeitlosen Charme.<\/p>\n<p>Material: 72% Baumwolle, 25% Polyamid, 3% Elasthan<br \/>\nAlkuper\u00e4maa: TN<br \/>\nV\u00e4ri: Musta<\/p>","protected":false},"excerpt":{"rendered":"<p>Das &#8222;Slim Fit Hemd mit franz\u00f6sischem Kragen&#8220; von Bagutta ist der Inbegriff stilvoller Eleganz. Dieses Hemd f\u00fcr den modernen Mann ist eine nahtlose Mischung aus Komfort und Stil, dank der tadellosen Mischung aus 72% Baumwolle, 25% Polyamid und einem Hauch von 3% Elastan. Mit Pr\u00e4zision in TN gefertigt, ist es die perfekte Wahl f\u00fcr alle, [&hellip;]<\/p>","protected":false},"featured_media":297777,"template":"","meta":[],"product_brand":[2191],"product_cat":[1695,1633,1623],"product_tag":[],"class_list":{"0":"post-297781","1":"product","2":"type-product","3":"status-publish","4":"has-post-thumbnail","6":"product_brand-bagutta","7":"product_cat-hemden","8":"product_cat-maenner-kleidung","9":"product_cat-kleidung","11":"first","12":"instock","13":"sale","14":"taxable","15":"shipping-taxable","16":"purchasable","17":"product-type-variable"},"_links":{"self":[{"href":"https:\/\/tpmadalina42.supserv.cozmoslabs.com\/fi\/wp-json\/wp\/v2\/product\/297781","targetHints":{"allow":["GET"]}}],"collection":[{"href":"https:\/\/tpmadalina42.supserv.cozmoslabs.com\/fi\/wp-json\/wp\/v2\/product"}],"about":[{"href":"https:\/\/tpmadalina42.supserv.cozmoslabs.com\/fi\/wp-json\/wp\/v2\/types\/product"}],"wp:featuredmedia":[{"embeddable":true,"href":"https:\/\/tpmadalina42.supserv.cozmoslabs.com\/fi\/wp-json\/wp\/v2\/media\/297777"}],"wp:attachment":[{"href":"https:\/\/tpmadalina42.supserv.cozmoslabs.com\/fi\/wp-json\/wp\/v2\/media?parent=297781"}],"wp:term":[{"taxonomy":"product_brand","embeddable":true,"href":"https:\/\/tpmadalina42.supserv.cozmoslabs.com\/fi\/wp-json\/wp\/v2\/product_brand?post=297781"},{"taxonomy":"product_cat","embeddable":true,"href":"https:\/\/tpmadalina42.supserv.cozmoslabs.com\/fi\/wp-json\/wp\/v2\/product_cat?post=297781"},{"taxonomy":"product_tag","embeddable":true,"href":"https:\/\/tpmadalina42.supserv.cozmoslabs.com\/fi\/wp-json\/wp\/v2\/product_tag?post=297781"}],"curies":[{"name":"wp","href":"https:\/\/api.w.org\/{rel}","templated":true}]}}