{"id":297875,"date":"2024-10-21T23:40:24","date_gmt":"2024-10-21T21:40:24","guid":{"rendered":"https:\/\/glandine.com\/product\/bagutta-blaues-baumwollhemd-fuer-maenner-3\/"},"modified":"2024-11-30T14:07:45","modified_gmt":"2024-11-30T13:07:45","slug":"bagutta-blaues-baumwollhemd-fuer-maenner-3","status":"publish","type":"product","link":"https:\/\/tpmadalina42.supserv.cozmoslabs.com\/fi\/tuote-2\/bagutta-blaues-baumwollhemd-fuer-maenner-3\/","title":{"rendered":"Bagutta Sininen puuvillapaita miehille"},"content":{"rendered":"<p>Erh\u00f6hen Sie Ihre Garderobe mit der eleganten Raffinesse des Slim Fit Hemdes von Bagutta. Dieses Hemd mit franz\u00f6sischem Kragen strahlt Selbstvertrauen und zeitgen\u00f6ssischen Stil aus und verk\u00f6rpert perfekt den k\u00fchnen und trendigen Ethos. Gefertigt aus einer hochwertigen Mischung, die sowohl Komfort als auch Langlebigkeit verspricht, ist es ein Must-Have f\u00fcr den modernen Gentleman.<\/p>\n<p>Material: 72% Baumwolle, 25% Polyamid, 3% Elasthan<br \/>\nAlkuper\u00e4maa: TN<br \/>\nV\u00e4ri: Sininen<\/p>","protected":false},"excerpt":{"rendered":"<p>Erh\u00f6hen Sie Ihre Garderobe mit der eleganten Raffinesse des Slim Fit Hemdes von Bagutta. Dieses Hemd mit franz\u00f6sischem Kragen strahlt Selbstvertrauen und zeitgen\u00f6ssischen Stil aus und verk\u00f6rpert perfekt den k\u00fchnen und trendigen Ethos. Gefertigt aus einer hochwertigen Mischung, die sowohl Komfort als auch Langlebigkeit verspricht, ist es ein Must-Have f\u00fcr den modernen Gentleman. Material: 72% [&hellip;]<\/p>","protected":false},"featured_media":297871,"template":"","meta":[],"product_brand":[2191],"product_cat":[1695,1633,1623],"product_tag":[],"class_list":{"0":"post-297875","1":"product","2":"type-product","3":"status-publish","4":"has-post-thumbnail","6":"product_brand-bagutta","7":"product_cat-hemden","8":"product_cat-maenner-kleidung","9":"product_cat-kleidung","11":"first","12":"instock","13":"sale","14":"taxable","15":"shipping-taxable","16":"purchasable","17":"product-type-variable"},"_links":{"self":[{"href":"https:\/\/tpmadalina42.supserv.cozmoslabs.com\/fi\/wp-json\/wp\/v2\/product\/297875","targetHints":{"allow":["GET"]}}],"collection":[{"href":"https:\/\/tpmadalina42.supserv.cozmoslabs.com\/fi\/wp-json\/wp\/v2\/product"}],"about":[{"href":"https:\/\/tpmadalina42.supserv.cozmoslabs.com\/fi\/wp-json\/wp\/v2\/types\/product"}],"wp:featuredmedia":[{"embeddable":true,"href":"https:\/\/tpmadalina42.supserv.cozmoslabs.com\/fi\/wp-json\/wp\/v2\/media\/297871"}],"wp:attachment":[{"href":"https:\/\/tpmadalina42.supserv.cozmoslabs.com\/fi\/wp-json\/wp\/v2\/media?parent=297875"}],"wp:term":[{"taxonomy":"product_brand","embeddable":true,"href":"https:\/\/tpmadalina42.supserv.cozmoslabs.com\/fi\/wp-json\/wp\/v2\/product_brand?post=297875"},{"taxonomy":"product_cat","embeddable":true,"href":"https:\/\/tpmadalina42.supserv.cozmoslabs.com\/fi\/wp-json\/wp\/v2\/product_cat?post=297875"},{"taxonomy":"product_tag","embeddable":true,"href":"https:\/\/tpmadalina42.supserv.cozmoslabs.com\/fi\/wp-json\/wp\/v2\/product_tag?post=297875"}],"curies":[{"name":"wp","href":"https:\/\/api.w.org\/{rel}","templated":true}]}}