{"id":298279,"date":"2024-10-22T00:12:31","date_gmt":"2024-10-21T22:12:31","guid":{"rendered":"https:\/\/glandine.com\/product\/missoni-multicolor-wolle-frauen-hut-3\/"},"modified":"2024-12-06T15:42:50","modified_gmt":"2024-12-06T14:42:50","slug":"missoni-multicolor-wolle-frauen-hut-3","status":"publish","type":"product","link":"https:\/\/tpmadalina42.supserv.cozmoslabs.com\/fi\/tuote-2\/missoni-multicolor-wolle-frauen-hut-3\/","title":{"rendered":"Missoni moniv\u00e4rinen villa naisten hattu"},"content":{"rendered":"<p>Entdecken Sie den Inbegriff von Chic mit der fesselnden M\u00fctze von Missoni, bei der ikonische geometrische Muster auf eine lebhafte Farbpalette treffen. Gefertigt aus einer perfekten Mischung aus Wolle und Acryl, verspricht diese M\u00fctze sowohl W\u00e4rme als auch Langlebigkeit. Dieses Accessoire mit italienischem Flair ist ein Statement-St\u00fcck, das jedes Ensemble mit dem charakteristischen Stil von Missoni aufwertet. K\u00fchn und voller Pers\u00f6nlichkeit, ist sie die ultimative Erg\u00e4nzung f\u00fcr Ihre modische Garderobe.<\/p>\n<p>Materiaali: 50% villa, 50% polyakryyli<br \/>\nAlkuper\u00e4maa: IT<br \/>\nV\u00e4ri: Moniv\u00e4rinen<\/p>","protected":false},"excerpt":{"rendered":"<p>Entdecken Sie den Inbegriff von Chic mit der fesselnden M\u00fctze von Missoni, bei der ikonische geometrische Muster auf eine lebhafte Farbpalette treffen. Gefertigt aus einer perfekten Mischung aus Wolle und Acryl, verspricht diese M\u00fctze sowohl W\u00e4rme als auch Langlebigkeit. Dieses Accessoire mit italienischem Flair ist ein Statement-St\u00fcck, das jedes Ensemble mit dem charakteristischen Stil von [&hellip;]<\/p>","protected":false},"featured_media":298277,"template":"","meta":[],"product_brand":[2082],"product_cat":[1621,1632,1666],"product_tag":[],"class_list":{"0":"post-298279","1":"product","2":"type-product","3":"status-publish","4":"has-post-thumbnail","6":"product_brand-missoni","7":"product_cat-accessoire","8":"product_cat-frauen-zubehoer","9":"product_cat-huete","11":"first","12":"instock","13":"sale","14":"taxable","15":"shipping-taxable","16":"purchasable","17":"product-type-variable"},"_links":{"self":[{"href":"https:\/\/tpmadalina42.supserv.cozmoslabs.com\/fi\/wp-json\/wp\/v2\/product\/298279","targetHints":{"allow":["GET"]}}],"collection":[{"href":"https:\/\/tpmadalina42.supserv.cozmoslabs.com\/fi\/wp-json\/wp\/v2\/product"}],"about":[{"href":"https:\/\/tpmadalina42.supserv.cozmoslabs.com\/fi\/wp-json\/wp\/v2\/types\/product"}],"wp:featuredmedia":[{"embeddable":true,"href":"https:\/\/tpmadalina42.supserv.cozmoslabs.com\/fi\/wp-json\/wp\/v2\/media\/298277"}],"wp:attachment":[{"href":"https:\/\/tpmadalina42.supserv.cozmoslabs.com\/fi\/wp-json\/wp\/v2\/media?parent=298279"}],"wp:term":[{"taxonomy":"product_brand","embeddable":true,"href":"https:\/\/tpmadalina42.supserv.cozmoslabs.com\/fi\/wp-json\/wp\/v2\/product_brand?post=298279"},{"taxonomy":"product_cat","embeddable":true,"href":"https:\/\/tpmadalina42.supserv.cozmoslabs.com\/fi\/wp-json\/wp\/v2\/product_cat?post=298279"},{"taxonomy":"product_tag","embeddable":true,"href":"https:\/\/tpmadalina42.supserv.cozmoslabs.com\/fi\/wp-json\/wp\/v2\/product_tag?post=298279"}],"curies":[{"name":"wp","href":"https:\/\/api.w.org\/{rel}","templated":true}]}}