{"id":298364,"date":"2024-10-22T00:21:09","date_gmt":"2024-10-21T22:21:09","guid":{"rendered":"https:\/\/glandine.com\/product\/trussardi-jeans-blaue-baumwolle-maenner-hosen\/"},"modified":"2024-11-30T16:36:07","modified_gmt":"2024-11-30T15:36:07","slug":"trussardi-jeans-blaue-baumwolle-maenner-hosen","status":"publish","type":"product","link":"https:\/\/tpmadalina42.supserv.cozmoslabs.com\/fi\/tuote-2\/trussardi-jeans-blaue-baumwolle-maenner-hosen\/","title":{"rendered":"Trussardi Jeans Blaue Baumwolle M\u00e4nner Hosen"},"content":{"rendered":"<p>Erneuern Sie Ihre Garderobe mit dem Inbegriff moderner Eleganz &#8211; Trussardi Jeans pr\u00e4sentiert eine perfekt gearbeitete Hose, die Komfort und Stil vereint. Diese raffinierte Hose setzt mit ihrem Rei\u00dfverschluss und der Knopfleiste auf der Vorderseite ein Statement, das Ihre k\u00fchne Pers\u00f6nlichkeit makellos erg\u00e4nzt. Mit ihren praktischen Seitentaschen und den schicken Ges\u00e4\u00dftaschen ist sie die perfekte Erg\u00e4nzung zu Ihren trendigen Ensembles. <\/p>\n<p>Material: 49% Baumwolle, 49% Polyester, 2% Elasthan<br \/>\nAlkuper\u00e4maa: AL<br \/>\nV\u00e4ri: Sininen<\/p>","protected":false},"excerpt":{"rendered":"<p>Erneuern Sie Ihre Garderobe mit dem Inbegriff moderner Eleganz &#8211; Trussardi Jeans pr\u00e4sentiert eine perfekt gearbeitete Hose, die Komfort und Stil vereint. Diese raffinierte Hose setzt mit ihrem Rei\u00dfverschluss und der Knopfleiste auf der Vorderseite ein Statement, das Ihre k\u00fchne Pers\u00f6nlichkeit makellos erg\u00e4nzt. Mit ihren praktischen Seitentaschen und den schicken Ges\u00e4\u00dftaschen ist sie die perfekte [&hellip;]<\/p>","protected":false},"featured_media":298361,"template":"","meta":[],"product_brand":[2539],"product_cat":[1633,1671,1623],"product_tag":[],"class_list":{"0":"post-298364","1":"product","2":"type-product","3":"status-publish","4":"has-post-thumbnail","6":"product_brand-trussardi-jeans","7":"product_cat-maenner-kleidung","8":"product_cat-jeans-hosen","9":"product_cat-kleidung","11":"first","12":"instock","13":"sale","14":"taxable","15":"shipping-taxable","16":"purchasable","17":"product-type-variable"},"_links":{"self":[{"href":"https:\/\/tpmadalina42.supserv.cozmoslabs.com\/fi\/wp-json\/wp\/v2\/product\/298364","targetHints":{"allow":["GET"]}}],"collection":[{"href":"https:\/\/tpmadalina42.supserv.cozmoslabs.com\/fi\/wp-json\/wp\/v2\/product"}],"about":[{"href":"https:\/\/tpmadalina42.supserv.cozmoslabs.com\/fi\/wp-json\/wp\/v2\/types\/product"}],"wp:featuredmedia":[{"embeddable":true,"href":"https:\/\/tpmadalina42.supserv.cozmoslabs.com\/fi\/wp-json\/wp\/v2\/media\/298361"}],"wp:attachment":[{"href":"https:\/\/tpmadalina42.supserv.cozmoslabs.com\/fi\/wp-json\/wp\/v2\/media?parent=298364"}],"wp:term":[{"taxonomy":"product_brand","embeddable":true,"href":"https:\/\/tpmadalina42.supserv.cozmoslabs.com\/fi\/wp-json\/wp\/v2\/product_brand?post=298364"},{"taxonomy":"product_cat","embeddable":true,"href":"https:\/\/tpmadalina42.supserv.cozmoslabs.com\/fi\/wp-json\/wp\/v2\/product_cat?post=298364"},{"taxonomy":"product_tag","embeddable":true,"href":"https:\/\/tpmadalina42.supserv.cozmoslabs.com\/fi\/wp-json\/wp\/v2\/product_tag?post=298364"}],"curies":[{"name":"wp","href":"https:\/\/api.w.org\/{rel}","templated":true}]}}