{"id":298666,"date":"2024-10-22T00:34:17","date_gmt":"2024-10-21T22:34:17","guid":{"rendered":"https:\/\/glandine.com\/product\/cerruti-1881-rote-kalbsleder-damen-sandale\/"},"modified":"2024-12-01T03:01:52","modified_gmt":"2024-12-01T02:01:52","slug":"cerruti-1881-rote-kalbsleder-damen-sandale","status":"publish","type":"product","link":"https:\/\/tpmadalina42.supserv.cozmoslabs.com\/fi\/tuote-2\/cerruti-1881-rote-kalbsleder-damen-sandale\/","title":{"rendered":"Cerruti 1881 Red Calfskin naisten sandaalit"},"content":{"rendered":"<p>Erh\u00f6hen Sie Ihren Stil mit der k\u00fchnen Raffinesse der Cerruti 1881 Plateausandalen. Diese auff\u00e4lligen roten Sandalen wurden mit \u00e4u\u00dferster Pr\u00e4zision aus kostbarem 100% Kalbsleder gefertigt und verf\u00fcgen \u00fcber ein subtiles, aber ikonisches Logo auf der Vorderseite, das die Essenz des modernen Luxus verk\u00f6rpert. Perfekt f\u00fcr modebewusste Menschen, die sich nach einem Hauch von Eleganz in ihrer Schuhkollektion sehnen.<\/p>\n<p>Materiaali: 100% vasikan nahka<br \/>\nAlkuper\u00e4maa: IT<br \/>\nV\u00e4ri: punainen<\/p>","protected":false},"excerpt":{"rendered":"<p>Erh\u00f6hen Sie Ihren Stil mit der k\u00fchnen Raffinesse der Cerruti 1881 Plateausandalen. Diese auff\u00e4lligen roten Sandalen wurden mit \u00e4u\u00dferster Pr\u00e4zision aus kostbarem 100% Kalbsleder gefertigt und verf\u00fcgen \u00fcber ein subtiles, aber ikonisches Logo auf der Vorderseite, das die Essenz des modernen Luxus verk\u00f6rpert. Perfekt f\u00fcr modebewusste Menschen, die sich nach einem Hauch von Eleganz in [&hellip;]<\/p>","protected":false},"featured_media":298662,"template":"","meta":[],"product_brand":[2345],"product_cat":[1635,1692,1624],"product_tag":[],"class_list":{"0":"post-298666","1":"product","2":"type-product","3":"status-publish","4":"has-post-thumbnail","6":"product_brand-cerruti-1881","7":"product_cat-frauen-schuhe","8":"product_cat-sandalen-frauen-schuhe","9":"product_cat-schuhe","11":"first","12":"instock","13":"sale","14":"taxable","15":"shipping-taxable","16":"purchasable","17":"product-type-variable"},"_links":{"self":[{"href":"https:\/\/tpmadalina42.supserv.cozmoslabs.com\/fi\/wp-json\/wp\/v2\/product\/298666","targetHints":{"allow":["GET"]}}],"collection":[{"href":"https:\/\/tpmadalina42.supserv.cozmoslabs.com\/fi\/wp-json\/wp\/v2\/product"}],"about":[{"href":"https:\/\/tpmadalina42.supserv.cozmoslabs.com\/fi\/wp-json\/wp\/v2\/types\/product"}],"wp:featuredmedia":[{"embeddable":true,"href":"https:\/\/tpmadalina42.supserv.cozmoslabs.com\/fi\/wp-json\/wp\/v2\/media\/298662"}],"wp:attachment":[{"href":"https:\/\/tpmadalina42.supserv.cozmoslabs.com\/fi\/wp-json\/wp\/v2\/media?parent=298666"}],"wp:term":[{"taxonomy":"product_brand","embeddable":true,"href":"https:\/\/tpmadalina42.supserv.cozmoslabs.com\/fi\/wp-json\/wp\/v2\/product_brand?post=298666"},{"taxonomy":"product_cat","embeddable":true,"href":"https:\/\/tpmadalina42.supserv.cozmoslabs.com\/fi\/wp-json\/wp\/v2\/product_cat?post=298666"},{"taxonomy":"product_tag","embeddable":true,"href":"https:\/\/tpmadalina42.supserv.cozmoslabs.com\/fi\/wp-json\/wp\/v2\/product_tag?post=298666"}],"curies":[{"name":"wp","href":"https:\/\/api.w.org\/{rel}","templated":true}]}}