{"id":298673,"date":"2024-10-22T00:34:40","date_gmt":"2024-10-21T22:34:40","guid":{"rendered":"https:\/\/glandine.com\/product\/cerruti-1881-weisses-leder-damen-sneaker\/"},"modified":"2024-12-01T03:02:02","modified_gmt":"2024-12-01T02:02:02","slug":"cerruti-1881-weisses-leder-damen-sneaker","status":"publish","type":"product","link":"https:\/\/tpmadalina42.supserv.cozmoslabs.com\/fi\/tuote-2\/cerruti-1881-weisses-leder-damen-sneaker\/","title":{"rendered":"Cerruti 1881 valkoiset nahkaiset naisten tennarit"},"content":{"rendered":"<p>Peppen Sie Ihre Streetwear mit den Cerruti 1881 Damen Plateau-Sneakers auf, wo Luxus auf urbanen Chic trifft. Die aus 100% Rindsleder gefertigten, makellosen wei\u00dfen Schuhe sind nicht nur ein Zeugnis f\u00fcr hochwertige Handwerkskunst, sondern auch ein Symbol f\u00fcr Ihren anspruchsvollen Stil. Mit dem subtilen, aber ikonischen seitlichen Logo verstr\u00f6men sie einen Hauch von Exklusivit\u00e4t, der Ihren Platz als Trendsetter festigt. Stil hat sich noch nie so m\u00fchelos und mutig angef\u00fchlt.<\/p>\n<p>&#8211; Material: 100% Rindsleder<br \/>\n&#8211; Herkunftsland: PT<br \/>\n&#8211; Farbe: Wei\u00df<\/p>","protected":false},"excerpt":{"rendered":"<p>Peppen Sie Ihre Streetwear mit den Cerruti 1881 Damen Plateau-Sneakers auf, wo Luxus auf urbanen Chic trifft. Die aus 100% Rindsleder gefertigten, makellosen wei\u00dfen Schuhe sind nicht nur ein Zeugnis f\u00fcr hochwertige Handwerkskunst, sondern auch ein Symbol f\u00fcr Ihren anspruchsvollen Stil. Mit dem subtilen, aber ikonischen seitlichen Logo verstr\u00f6men sie einen Hauch von Exklusivit\u00e4t, der [&hellip;]<\/p>","protected":false},"featured_media":298669,"template":"","meta":[],"product_brand":[2345],"product_cat":[1635,1624,1703],"product_tag":[],"class_list":{"0":"post-298673","1":"product","2":"type-product","3":"status-publish","4":"has-post-thumbnail","6":"product_brand-cerruti-1881","7":"product_cat-frauen-schuhe","8":"product_cat-schuhe","9":"product_cat-turnschuhe-frauen-schuhe","11":"first","12":"instock","13":"sale","14":"taxable","15":"shipping-taxable","16":"purchasable","17":"product-type-variable"},"_links":{"self":[{"href":"https:\/\/tpmadalina42.supserv.cozmoslabs.com\/fi\/wp-json\/wp\/v2\/product\/298673","targetHints":{"allow":["GET"]}}],"collection":[{"href":"https:\/\/tpmadalina42.supserv.cozmoslabs.com\/fi\/wp-json\/wp\/v2\/product"}],"about":[{"href":"https:\/\/tpmadalina42.supserv.cozmoslabs.com\/fi\/wp-json\/wp\/v2\/types\/product"}],"wp:featuredmedia":[{"embeddable":true,"href":"https:\/\/tpmadalina42.supserv.cozmoslabs.com\/fi\/wp-json\/wp\/v2\/media\/298669"}],"wp:attachment":[{"href":"https:\/\/tpmadalina42.supserv.cozmoslabs.com\/fi\/wp-json\/wp\/v2\/media?parent=298673"}],"wp:term":[{"taxonomy":"product_brand","embeddable":true,"href":"https:\/\/tpmadalina42.supserv.cozmoslabs.com\/fi\/wp-json\/wp\/v2\/product_brand?post=298673"},{"taxonomy":"product_cat","embeddable":true,"href":"https:\/\/tpmadalina42.supserv.cozmoslabs.com\/fi\/wp-json\/wp\/v2\/product_cat?post=298673"},{"taxonomy":"product_tag","embeddable":true,"href":"https:\/\/tpmadalina42.supserv.cozmoslabs.com\/fi\/wp-json\/wp\/v2\/product_tag?post=298673"}],"curies":[{"name":"wp","href":"https:\/\/api.w.org\/{rel}","templated":true}]}}