{"id":298855,"date":"2024-10-22T00:43:20","date_gmt":"2024-10-21T22:43:20","guid":{"rendered":"https:\/\/glandine.com\/product\/chiara-ferragni-braun-polyester-frauen-handtasche\/"},"modified":"2024-12-01T09:06:56","modified_gmt":"2024-12-01T08:06:56","slug":"chiara-ferragni-braun-polyester-frauen-handtasche","status":"publish","type":"product","link":"https:\/\/tpmadalina42.supserv.cozmoslabs.com\/fi\/tuote-2\/chiara-ferragni-braun-polyester-frauen-handtasche\/","title":{"rendered":"Chiara Ferragni Ruskea polyesterik\u00e4silaukku naisille"},"content":{"rendered":"<p>Tauchen Sie ein in den Inbegriff von Stil mit der &#8222;Chiara Ferragni&#8220; Schultertasche. Dieses schicke Accessoire zeigt das ikonische Ton-in-Ton-Logo der Marke auf der vorderen Klappe, erg\u00e4nzt durch einen Magnetverschluss f\u00fcr sicheren und m\u00fchelosen Zugang. Der Charme dieses St\u00fccks wird durch den Anh\u00e4nger mit dem Logo noch verst\u00e4rkt, der einen zus\u00e4tzlichen Hauch von Glamour verleiht. Mit einem Henkel und einem abnehmbaren Schulterriemen bietet sie vielseitige Tragem\u00f6glichkeiten f\u00fcr modebewusste Menschen. Die Abmessungen (L: 24 cm, H: 15 cm, T: 5\/7,5 cm) bieten ausreichend Platz f\u00fcr Ihre wichtigsten Dinge, ohne dass Sie auf Stil verzichten m\u00fcssen. Perfekt f\u00fcr alle Trendsetter, die viel unterwegs sind!<\/p>\n<p>Materiaali: kangas<br \/>\nSis\u00e4vuori: 100% polyesteri<br \/>\nMischung: 90% Polyester, 10% Elastan<br \/>\nAlkuper\u00e4maa: CN<br \/>\nV\u00e4ri: Ruskea<\/p>","protected":false},"excerpt":{"rendered":"<p>Tauchen Sie ein in den Inbegriff von Stil mit der &#8222;Chiara Ferragni&#8220; Schultertasche. Dieses schicke Accessoire zeigt das ikonische Ton-in-Ton-Logo der Marke auf der vorderen Klappe, erg\u00e4nzt durch einen Magnetverschluss f\u00fcr sicheren und m\u00fchelosen Zugang. Der Charme dieses St\u00fccks wird durch den Anh\u00e4nger mit dem Logo noch verst\u00e4rkt, der einen zus\u00e4tzlichen Hauch von Glamour verleiht. [&hellip;]<\/p>","protected":false},"featured_media":298854,"template":"","meta":[],"product_brand":[2615],"product_cat":[1630,1664],"product_tag":[],"class_list":{"0":"post-298855","1":"product","2":"type-product","3":"status-publish","4":"has-post-thumbnail","6":"product_brand-chiara-ferragni","7":"product_cat-frauen","8":"product_cat-handtaschen","10":"first","11":"instock","12":"sale","13":"taxable","14":"shipping-taxable","15":"purchasable","16":"product-type-simple"},"_links":{"self":[{"href":"https:\/\/tpmadalina42.supserv.cozmoslabs.com\/fi\/wp-json\/wp\/v2\/product\/298855","targetHints":{"allow":["GET"]}}],"collection":[{"href":"https:\/\/tpmadalina42.supserv.cozmoslabs.com\/fi\/wp-json\/wp\/v2\/product"}],"about":[{"href":"https:\/\/tpmadalina42.supserv.cozmoslabs.com\/fi\/wp-json\/wp\/v2\/types\/product"}],"wp:featuredmedia":[{"embeddable":true,"href":"https:\/\/tpmadalina42.supserv.cozmoslabs.com\/fi\/wp-json\/wp\/v2\/media\/298854"}],"wp:attachment":[{"href":"https:\/\/tpmadalina42.supserv.cozmoslabs.com\/fi\/wp-json\/wp\/v2\/media?parent=298855"}],"wp:term":[{"taxonomy":"product_brand","embeddable":true,"href":"https:\/\/tpmadalina42.supserv.cozmoslabs.com\/fi\/wp-json\/wp\/v2\/product_brand?post=298855"},{"taxonomy":"product_cat","embeddable":true,"href":"https:\/\/tpmadalina42.supserv.cozmoslabs.com\/fi\/wp-json\/wp\/v2\/product_cat?post=298855"},{"taxonomy":"product_tag","embeddable":true,"href":"https:\/\/tpmadalina42.supserv.cozmoslabs.com\/fi\/wp-json\/wp\/v2\/product_tag?post=298855"}],"curies":[{"name":"wp","href":"https:\/\/api.w.org\/{rel}","templated":true}]}}