{"id":298876,"date":"2024-10-22T00:45:42","date_gmt":"2024-10-21T22:45:42","guid":{"rendered":"https:\/\/glandine.com\/product\/chiara-ferragni-gruen-polyester-frauen-handtasche\/"},"modified":"2024-12-01T09:09:13","modified_gmt":"2024-12-01T08:09:13","slug":"chiara-ferragni-gruen-polyester-frauen-handtasche","status":"publish","type":"product","link":"https:\/\/tpmadalina42.supserv.cozmoslabs.com\/fi\/tuote-2\/chiara-ferragni-gruen-polyester-frauen-handtasche\/","title":{"rendered":"Chiara Ferragni vihre\u00e4 polyesterik\u00e4silaukku naisille"},"content":{"rendered":"<p>Entdecken Sie die tadellose Handwerkskunst von Chiara Ferragni mit dieser r\u00e4tselhaften quadratischen Tasche mit dem kultigen, augen\u00e4hnlichen Verschluss. Perfekt f\u00fcr modebewusste Menschen, bietet sie ein vielseitiges Design mit einem schicken Handgriff und einem abnehmbaren Schulterriemen, der eine einfache Verwandlung von Tageskleidung zu eleganter Abendgarderobe erm\u00f6glicht. Mit den Ma\u00dfen L: 16 cm, H: 13 cm und T: 6,5 cm ist sie das unverzichtbare Accessoire, um Ihrem Ensemble einen Hauch von K\u00fchnheit zu verleihen. Erfreuen Sie sich an der handwerklichen Sch\u00f6nheit direkt aus Italien.<\/p>\n<p>&#8211; Material: Stoff, Polyester-Futter<br \/>\n&#8211; Herkunftsland: IT<br \/>\n&#8211; Farbe: Gr\u00fcn<\/p>","protected":false},"excerpt":{"rendered":"<p>Entdecken Sie die tadellose Handwerkskunst von Chiara Ferragni mit dieser r\u00e4tselhaften quadratischen Tasche mit dem kultigen, augen\u00e4hnlichen Verschluss. Perfekt f\u00fcr modebewusste Menschen, bietet sie ein vielseitiges Design mit einem schicken Handgriff und einem abnehmbaren Schulterriemen, der eine einfache Verwandlung von Tageskleidung zu eleganter Abendgarderobe erm\u00f6glicht. Mit den Ma\u00dfen L: 16 cm, H: 13 cm und [&hellip;]<\/p>","protected":false},"featured_media":298875,"template":"","meta":[],"product_brand":[2615],"product_cat":[1630,1664],"product_tag":[],"class_list":{"0":"post-298876","1":"product","2":"type-product","3":"status-publish","4":"has-post-thumbnail","6":"product_brand-chiara-ferragni","7":"product_cat-frauen","8":"product_cat-handtaschen","10":"first","11":"instock","12":"sale","13":"taxable","14":"shipping-taxable","15":"purchasable","16":"product-type-simple"},"_links":{"self":[{"href":"https:\/\/tpmadalina42.supserv.cozmoslabs.com\/fi\/wp-json\/wp\/v2\/product\/298876","targetHints":{"allow":["GET"]}}],"collection":[{"href":"https:\/\/tpmadalina42.supserv.cozmoslabs.com\/fi\/wp-json\/wp\/v2\/product"}],"about":[{"href":"https:\/\/tpmadalina42.supserv.cozmoslabs.com\/fi\/wp-json\/wp\/v2\/types\/product"}],"wp:featuredmedia":[{"embeddable":true,"href":"https:\/\/tpmadalina42.supserv.cozmoslabs.com\/fi\/wp-json\/wp\/v2\/media\/298875"}],"wp:attachment":[{"href":"https:\/\/tpmadalina42.supserv.cozmoslabs.com\/fi\/wp-json\/wp\/v2\/media?parent=298876"}],"wp:term":[{"taxonomy":"product_brand","embeddable":true,"href":"https:\/\/tpmadalina42.supserv.cozmoslabs.com\/fi\/wp-json\/wp\/v2\/product_brand?post=298876"},{"taxonomy":"product_cat","embeddable":true,"href":"https:\/\/tpmadalina42.supserv.cozmoslabs.com\/fi\/wp-json\/wp\/v2\/product_cat?post=298876"},{"taxonomy":"product_tag","embeddable":true,"href":"https:\/\/tpmadalina42.supserv.cozmoslabs.com\/fi\/wp-json\/wp\/v2\/product_tag?post=298876"}],"curies":[{"name":"wp","href":"https:\/\/api.w.org\/{rel}","templated":true}]}}