{"id":299124,"date":"2024-10-24T14:16:33","date_gmt":"2024-10-24T12:16:33","guid":{"rendered":"https:\/\/glandine.com\/product\/roberto-cavalli-multicolor-floral-sheath-knee-length-dress\/"},"modified":"2024-12-12T09:02:10","modified_gmt":"2024-12-12T08:02:10","slug":"roberto-cavalli-multicolor-floral-sheath-knee-length-dress","status":"publish","type":"product","link":"https:\/\/tpmadalina42.supserv.cozmoslabs.com\/fi\/tuote-2\/roberto-cavalli-multicolor-floral-sheath-knee-length-dress\/","title":{"rendered":"Roberto Cavalli moniv\u00e4rinen, kukkakuvioinen, polvipituinen mekko"},"content":{"rendered":"<p>KLASSE ROBERTO CAVALLI<\/p>\n<p>Wundersch\u00f6nes, 100% authentisches CLASS ROBERTO CAVALLI Etuikleid mit Blumenmuster aus Viskose, \u00e4rmellos und mit Rundhalsausschnitt.<br \/>\nModell: Etuikleid<br \/>\nV\u00e4ri: Moniv\u00e4rinen<br \/>\nMateriaali: 100% viskoosi<br \/>\nFutter: 100% Polyester<br \/>\nVetoketju<br \/>\nLogon yksityiskohdat<\/p>\n<p><strong>T\u00e4m\u00e4 tuote on myym\u00e4l\u00e4n\u00e4yte, siin\u00e4 on hyvin pieni\u00e4, tuskin havaittavia tahroja (katso tarkemmat tiedot kuvista). <\/strong><\/p>","protected":false},"excerpt":{"rendered":"<p>KLASSE ROBERTO CAVALLI Wundersch\u00f6nes, 100% authentisches CLASS ROBERTO CAVALLI Etuikleid mit Blumenmuster aus Viskose, \u00e4rmellos und mit Rundhalsausschnitt. Modell: Etuikleid Farbe: Multicolor Material: 100% Viskose Futter: 100% Polyester Reissverschluss Logo-Details Bei diesem Artikel handelt es sich um ein Musterst\u00fcck aus dem Gesch\u00e4ft, es gibt sehr kleine, kaum wahrnehmbare Flecken (siehe Bilder f\u00fcr Details).<\/p>","protected":false},"featured_media":299116,"template":"","meta":[],"product_brand":[1992],"product_cat":[1637,1659,1623],"product_tag":[],"class_list":{"0":"post-299124","1":"product","2":"type-product","3":"status-publish","4":"has-post-thumbnail","6":"product_brand-roberto-cavalli","7":"product_cat-frauen-kleidung","8":"product_cat-kleider","9":"product_cat-kleidung","11":"first","12":"instock","13":"sale","14":"taxable","15":"shipping-taxable","16":"purchasable","17":"product-type-variable"},"_links":{"self":[{"href":"https:\/\/tpmadalina42.supserv.cozmoslabs.com\/fi\/wp-json\/wp\/v2\/product\/299124","targetHints":{"allow":["GET"]}}],"collection":[{"href":"https:\/\/tpmadalina42.supserv.cozmoslabs.com\/fi\/wp-json\/wp\/v2\/product"}],"about":[{"href":"https:\/\/tpmadalina42.supserv.cozmoslabs.com\/fi\/wp-json\/wp\/v2\/types\/product"}],"wp:featuredmedia":[{"embeddable":true,"href":"https:\/\/tpmadalina42.supserv.cozmoslabs.com\/fi\/wp-json\/wp\/v2\/media\/299116"}],"wp:attachment":[{"href":"https:\/\/tpmadalina42.supserv.cozmoslabs.com\/fi\/wp-json\/wp\/v2\/media?parent=299124"}],"wp:term":[{"taxonomy":"product_brand","embeddable":true,"href":"https:\/\/tpmadalina42.supserv.cozmoslabs.com\/fi\/wp-json\/wp\/v2\/product_brand?post=299124"},{"taxonomy":"product_cat","embeddable":true,"href":"https:\/\/tpmadalina42.supserv.cozmoslabs.com\/fi\/wp-json\/wp\/v2\/product_cat?post=299124"},{"taxonomy":"product_tag","embeddable":true,"href":"https:\/\/tpmadalina42.supserv.cozmoslabs.com\/fi\/wp-json\/wp\/v2\/product_tag?post=299124"}],"curies":[{"name":"wp","href":"https:\/\/api.w.org\/{rel}","templated":true}]}}